{"id":9988,"date":"2023-05-29T11:48:09","date_gmt":"2023-05-29T18:48:09","guid":{"rendered":"https:\/\/beacheden.com\/shop\/uncategorized\/ties-halter-bikini-glitter-set\/"},"modified":"2025-11-01T13:48:12","modified_gmt":"2025-11-01T20:48:12","slug":"bikini-dos-nu-avec-attaches","status":"publish","type":"product","link":"https:\/\/beacheden.com\/fr\/bikini-dos-nu-avec-attaches\/","title":{"rendered":"Ties Halter Bikini Glitter Set"},"content":{"rendered":"<p>Le bikini dos nu avec attaches est un incontournable de l'\u00e9t\u00e9, con\u00e7u pour flatter toutes les morphologies. Dot\u00e9 d'attaches r\u00e9glables, ce haut de bikini offre une coupe sur mesure qui garantit un confort et un soutien optimaux. Les liens strat\u00e9giquement plac\u00e9s mettent non seulement vos courbes en valeur, mais ajoutent \u00e9galement une touche d'\u00e9l\u00e9gance ludique \u00e0 votre look \u00e0 la plage ou au bord de la piscine.<\/p>\n<p>Fabriqu\u00e9 dans un tissu de haute qualit\u00e9 \u00e0 s\u00e9chage rapide, ce maillot de bain est aussi pratique qu'\u00e9l\u00e9gant. Que vous vous pr\u00e9lassiez au soleil ou que vous plongiez dans les vagues, ce maillot de bain dos nu est aussi pratique qu'\u00e9l\u00e9gant. <a href=\"https:\/\/beacheden.com\/fr\/bikini-grande-taille\/?wmc-currency=EUR\" title=\"Maillot de bain bikini fendu \u00e0 imprim\u00e9 mode pour femmes\" target=\"_blank\" rel=\"noopener\"  data-wpil-monitor-id=\"179\">Le bikini vous permet d'avoir confiance en vous<\/a>, Vous pourrez ainsi vous sentir \u00e0 l'aise, chic et insouciant tout au long de la journ\u00e9e. Faites-vous remarquer cette saison et choisissez le m\u00e9lange parfait de style et de fonctionnalit\u00e9 !<\/p>\n<p><b>D\u00e9tails du produit :<\/b><\/p>\n<p>Sexe applicable : f\u00e9minin<\/p>\n<p>Nom du tissu : Polyester<\/p>\n<p>Contenu des composants du tissu : 80 (%)<\/p>\n<p>Couleur : argent bronz\u00e9, bleu, or, vert<\/p>\n<p>Manches : sans manches<\/p>\n<p><b>Informations sur la taille :<\/b><\/p>\n<p>Taille : S, M, L, XL<\/p>\n<p><img decoding=\"async\" style=\"max-width: 100%;\" src=\"https:\/\/cc-west-usa.oss-accelerate.aliyuncs.com\/c2486e19-07ec-4091-8943-05f56edc2b79.png\" alt=\"\"><\/p>\n<p><b>La pr\u00e9vention :<\/b><\/p>\n<p>1. Les tailles asiatiques sont 1 \u00e0 2 tailles plus petites que les tailles <a href=\"https:\/\/beacheden.com\/fr\/bikini-dos-nu-avec-fermeture-eclair\/?wmc-currency=EUR\" title=\"Bikini imprim\u00e9 fendu dos nu sexy europ\u00e9en et am\u00e9ricain fermeture \u00e0 glissi\u00e8re\" target=\"_blank\" rel=\"noopener\"  data-wpil-monitor-id=\"159\">Europ\u00e9en et am\u00e9ricain<\/a>. Si votre taille se situe entre les deux tailles, veuillez choisir la taille la plus grande. En raison des mesures manuelles, la diff\u00e9rence est de 2 \u00e0 3 cm.<\/p>\n<p>2. Si vous ne savez pas comment choisir la taille, veuillez v\u00e9rifier soigneusement le tableau des tailles avant d'acheter l'article, ou contactez notre service client\u00e8le.<\/p>\n<p>3. Comme vous le savez, les ordinateurs affichent les couleurs de diff\u00e9rentes mani\u00e8res, la couleur de l'article r\u00e9el peut \u00eatre l\u00e9g\u00e8rement diff\u00e9rente de l'image ci-dessous.<\/p>\n<p>&nbsp;<\/p>\n<p>Contenu du paquet :<\/p>\n<p>Top X1 Short X1<\/p>\n<p><img decoding=\"async\" style=\"max-width: 100%;\" src=\"https:\/\/cc-west-usa.oss-accelerate.aliyuncs.com\/36742723-1c31-4748-97aa-abcab753e2c8.jpg\" alt=\"\"><br \/>\n<img decoding=\"async\" style=\"max-width: 100%;\" src=\"https:\/\/cc-west-usa.oss-accelerate.aliyuncs.com\/9f085108-eb06-4b09-9284-07008e4af829.jpg\" alt=\"\"><br \/>\n<img decoding=\"async\" style=\"max-width: 100%;\" src=\"https:\/\/cc-west-usa.oss-accelerate.aliyuncs.com\/d678a960-f5c2-42e1-add4-ae288aca1423.jpg\" alt=\"\"><br \/>\n<img decoding=\"async\" style=\"max-width: 100%;\" src=\"https:\/\/cc-west-usa.oss-accelerate.aliyuncs.com\/a6675db8-520d-4356-abdd-8aa3216661ec.jpg\" alt=\"\"><br \/>\n<img decoding=\"async\" style=\"max-width: 100%;\" src=\"https:\/\/cc-west-usa.oss-accelerate.aliyuncs.com\/530ce540-f03c-4431-a9c2-ad0ecca13a89.jpg\" alt=\"\"><br \/>\n<img decoding=\"async\" style=\"max-width: 100%;\" src=\"https:\/\/cc-west-usa.oss-accelerate.aliyuncs.com\/2e4a646c-4938-4a09-8ee6-6c5ee844277c.jpg\" alt=\"\"><br \/>\n<img decoding=\"async\" style=\"max-width: 100%;\" src=\"https:\/\/cc-west-usa.oss-accelerate.aliyuncs.com\/614ab82d-7db4-4bf8-b61a-8397abd61c50.jpg\" alt=\"\"><br \/>\n<img loading=\"lazy\" decoding=\"async\" class=\"alignnone\" style=\"max-width: 100%;\" src=\"https:\/\/cc-west-usa.oss-accelerate.aliyuncs.com\/a38aebbc-050a-4afa-bf74-c09ab922300a.jpg\" alt=\"Bikini dos nu \u00e0 nouettes\" width=\"1000\" height=\"1000\" \/><\/p>","protected":false},"excerpt":{"rendered":"<p>Le bikini dos nu avec attaches offre un confort ajustable et une coupe personnalisable qui met en valeur vos courbes. Parfait pour les journ\u00e9es ensoleill\u00e9es, ce maillot de bain styl\u00e9 allie \u00e9l\u00e9gance et fonctionnalit\u00e9. Trouvez votre bonheur d\u00e8s aujourd'hui !<\/p>","protected":false},"featured_media":9978,"comment_status":"open","ping_status":"closed","template":"","meta":[],"product_brand":[],"product_cat":[40],"product_tag":[],"class_list":{"0":"post-9988","1":"product","2":"type-product","3":"status-publish","4":"has-post-thumbnail","6":"product_cat-bikini","8":"first","9":"instock","10":"taxable","11":"shipping-taxable","12":"purchasable","13":"product-type-variable"},"_links":{"self":[{"href":"https:\/\/beacheden.com\/fr\/wp-json\/wp\/v2\/product\/9988","targetHints":{"allow":["GET"]}}],"collection":[{"href":"https:\/\/beacheden.com\/fr\/wp-json\/wp\/v2\/product"}],"about":[{"href":"https:\/\/beacheden.com\/fr\/wp-json\/wp\/v2\/types\/product"}],"replies":[{"embeddable":true,"href":"https:\/\/beacheden.com\/fr\/wp-json\/wp\/v2\/comments?post=9988"}],"wp:featuredmedia":[{"embeddable":true,"href":"https:\/\/beacheden.com\/fr\/wp-json\/wp\/v2\/media\/9978"}],"wp:attachment":[{"href":"https:\/\/beacheden.com\/fr\/wp-json\/wp\/v2\/media?parent=9988"}],"wp:term":[{"taxonomy":"product_brand","embeddable":true,"href":"https:\/\/beacheden.com\/fr\/wp-json\/wp\/v2\/product_brand?post=9988"},{"taxonomy":"product_cat","embeddable":true,"href":"https:\/\/beacheden.com\/fr\/wp-json\/wp\/v2\/product_cat?post=9988"},{"taxonomy":"product_tag","embeddable":true,"href":"https:\/\/beacheden.com\/fr\/wp-json\/wp\/v2\/product_tag?post=9988"}],"curies":[{"name":"wp","href":"https:\/\/api.w.org\/{rel}","templated":true}]}}