{"id":9943,"date":"2023-05-29T11:46:55","date_gmt":"2023-05-29T18:46:55","guid":{"rendered":"https:\/\/beacheden.com\/shop\/uncategorized\/womens-3-piece-bathing-suits-halter-snake-pattern-bikini-set-with-cover-up-skirt-summer-swimsuit\/"},"modified":"2025-04-10T04:34:31","modified_gmt":"2025-04-10T11:34:31","slug":"bikini-dos-nu-avec-motif-serpent","status":"publish","type":"product","link":"https:\/\/beacheden.com\/fr\/bikini-dos-nu-avec-motif-serpent\/","title":{"rendered":"Maillot de bain 3 pi\u00e8ces pour femmes Bikini dos nu avec jupe de couverture Maillot de bain d'\u00e9t\u00e9"},"content":{"rendered":"<p>Cette saison, faites preuve d'audace avec notre <strong>bikini dos nu avec motif serpent <\/strong>Cette pi\u00e8ce est con\u00e7ue pour faire tourner les t\u00eates et rehausser votre jeu de maillots de bain. Cette pi\u00e8ce remarquable associe l'allure intemporelle d'un imprim\u00e9 serpent \u00e0 une encolure licou flatteuse, offrant \u00e0 la fois style et maintien. Fabriqu\u00e9 dans un tissu de qualit\u00e9 sup\u00e9rieure \u00e0 s\u00e9chage rapide, il assure le confort sans compromettre la sophistication.<\/p>\n<p>Le motif serpent\u00e9 complexe ajoute une touche d'\u00e9l\u00e9gance sauvage, tandis que les bretelles r\u00e9glables et la coupe ajust\u00e9e permettent de personnaliser la silhouette pour toutes les morphologies. Que vous vous pr\u00e9lassiez au bord de la piscine ou que vous preniez le soleil \u00e0 la plage, ce bikini dos nu est l'ultime moyen d'accro\u00eetre votre confiance en vous. Embrassez la d\u00e9esse qui est en vous et lib\u00e9rez votre c\u00f4t\u00e9 intr\u00e9pide, car vous m\u00e9ritez de briller !<\/p>\n<p><b>Informations sur le produit :<\/b><\/p>\n<p>Motif : Couleur unie<\/p>\n<p>\u00c2ge d'application : adulte<\/p>\n<p>Style du mod\u00e8le : sexy, moulant, europ\u00e9en, conservateur<\/p>\n<p>Tra\u00een\u00e9e ou non avec de l'acier : avec coussinet thoracique sans support en acier<\/p>\n<p>Sc\u00e9nario d'application : natation et pataugeage<\/p>\n<p>Couleur : or, blanc, vert, rose, argent, noir, orange, rouge<\/p>\n<p>Taille :S,M,L,XL<\/p>\n<p><img decoding=\"async\" style=\"max-width: 100%;\" src=\"https:\/\/cc-west-usa.oss-accelerate.aliyuncs.com\/8f72debc-ec8e-4605-918c-06dcc1f5b302.png\" alt=\"\"><\/p>\n<p><b>Liste d'emballage : <\/b><br \/>\n1* Ensemble de bikini<\/p>\n<p><img loading=\"lazy\" decoding=\"async\" class=\"alignnone\" style=\"max-width: 100%;\" src=\"https:\/\/cc-west-usa.oss-accelerate.aliyuncs.com\/64ff7d04-cf3b-48be-850d-63b4a6ac265d.jpg\" alt=\"bikini dos nu avec motif serpent\" width=\"1340\" height=\"1785\" \/><\/p>\n<p><img decoding=\"async\" style=\"max-width: 100%;\" src=\"https:\/\/cc-west-usa.oss-accelerate.aliyuncs.com\/70a21376-6484-4bd7-a6ae-1a4a1dd12249.jpg\" width=\"50%\" alt=\"\"><\/p>\n<p><img decoding=\"async\" style=\"max-width: 100%;\" src=\"https:\/\/cc-west-usa.oss-accelerate.aliyuncs.com\/c9f0c334-f3bd-479e-a195-881ae68aa34a.jpg\" width=\"50%\" alt=\"\"><\/p>\n<p><img decoding=\"async\" style=\"max-width: 100%;\" src=\"https:\/\/cc-west-usa.oss-accelerate.aliyuncs.com\/025f2c21-1a4b-4c35-9fe9-c622b8e05143.jpg\" width=\"50%\" alt=\"\"><\/p>\n<p><img decoding=\"async\" style=\"max-width: 100%;\" src=\"https:\/\/cc-west-usa.oss-accelerate.aliyuncs.com\/dc2758c3-af0b-467a-b265-cd0122a998f7.jpg\" width=\"50%\" alt=\"\"><\/p>\n<p><img decoding=\"async\" style=\"max-width: 100%;\" src=\"https:\/\/cc-west-usa.oss-accelerate.aliyuncs.com\/a55f5c5e-c885-4591-92b6-851096e59f8a.jpg\" width=\"50%\" alt=\"\"><\/p>\n<p><img decoding=\"async\" style=\"max-width: 100%;\" src=\"https:\/\/cc-west-usa.oss-accelerate.aliyuncs.com\/f9911d11-a006-4644-b50a-b0cc0f15910d.jpg\" width=\"50%\" alt=\"\"><\/p>\n<p><img decoding=\"async\" style=\"max-width: 100%;\" src=\"https:\/\/cc-west-usa.oss-accelerate.aliyuncs.com\/671d4c44-f117-4506-91f5-e7c6ef1e6093.jpg\" width=\"50%\" alt=\"\"><\/p>","protected":false},"excerpt":{"rendered":"<p>Le bikini dos nu \u00e0 motif serpent allie style et confort. Parfait pour se faire remarquer \u00e0 la plage ou au bord de la piscine, ce mod\u00e8le accrocheur allie l'audace \u00e0 l'\u00e9l\u00e9gance, vous permettant ainsi de vous d\u00e9marquer sans effort.<\/p>","protected":false},"featured_media":9933,"comment_status":"open","ping_status":"closed","template":"","meta":[],"product_brand":[],"product_cat":[40],"product_tag":[],"class_list":{"0":"post-9943","1":"product","2":"type-product","3":"status-publish","4":"has-post-thumbnail","6":"product_cat-bikini","8":"first","9":"instock","10":"taxable","11":"shipping-taxable","12":"purchasable","13":"product-type-variable"},"_links":{"self":[{"href":"https:\/\/beacheden.com\/fr\/wp-json\/wp\/v2\/product\/9943","targetHints":{"allow":["GET"]}}],"collection":[{"href":"https:\/\/beacheden.com\/fr\/wp-json\/wp\/v2\/product"}],"about":[{"href":"https:\/\/beacheden.com\/fr\/wp-json\/wp\/v2\/types\/product"}],"replies":[{"embeddable":true,"href":"https:\/\/beacheden.com\/fr\/wp-json\/wp\/v2\/comments?post=9943"}],"wp:featuredmedia":[{"embeddable":true,"href":"https:\/\/beacheden.com\/fr\/wp-json\/wp\/v2\/media\/9933"}],"wp:attachment":[{"href":"https:\/\/beacheden.com\/fr\/wp-json\/wp\/v2\/media?parent=9943"}],"wp:term":[{"taxonomy":"product_brand","embeddable":true,"href":"https:\/\/beacheden.com\/fr\/wp-json\/wp\/v2\/product_brand?post=9943"},{"taxonomy":"product_cat","embeddable":true,"href":"https:\/\/beacheden.com\/fr\/wp-json\/wp\/v2\/product_cat?post=9943"},{"taxonomy":"product_tag","embeddable":true,"href":"https:\/\/beacheden.com\/fr\/wp-json\/wp\/v2\/product_tag?post=9943"}],"curies":[{"name":"wp","href":"https:\/\/api.w.org\/{rel}","templated":true}]}}