{"id":9926,"date":"2023-05-29T10:33:06","date_gmt":"2023-05-29T17:33:06","guid":{"rendered":"https:\/\/beacheden.com\/shop\/uncategorized\/womens-vintage-colorful-hand-crochet-pattern-sweater-tank-top-dress\/"},"modified":"2025-09-05T16:49:10","modified_gmt":"2025-09-05T23:49:10","slug":"robe-en-crochet","status":"publish","type":"product","link":"https:\/\/beacheden.com\/fr\/robe-en-crochet\/","title":{"rendered":"Robe Vintage \u00e0 motif crochet\u00e9 \u00e0 la main Sweater Tank Top pour femmes"},"content":{"rendered":"<p>Sous les feux de la rampe gr\u00e2ce \u00e0 nos superbes <strong>Robe en crochet <\/strong>Cette robe est un v\u00e9ritable chef-d'\u0153uvre qui allie un savoir-faire intemporel \u00e0 une \u00e9l\u00e9gance moderne. Con\u00e7ue pour celles qui appr\u00e9cient un style unique, cette robe pr\u00e9sente des motifs au crochet complexes qui mettent en valeur votre individualit\u00e9 et votre sens de l'humour. L\u00e9g\u00e8re, respirante et incroyablement confortable, elle est parfaite pour les sorties d\u00e9contract\u00e9es, les journ\u00e9es \u00e0 la plage ou les occasions sp\u00e9ciales.<\/p>\n<p>Que vous recherchiez une ambiance boho-chic ou une sophistication sans effort, cette robe en crochet est votre meilleur choix. Disponible dans des couleurs vari\u00e9es pour satisfaire tous les go\u00fbts, ajoutez cette pi\u00e8ce indispensable \u00e0 votre garde-robe d\u00e8s aujourd'hui et profitez d'un charme et d'une polyvalence in\u00e9gal\u00e9s !<\/p>\n<p><b>Informations sur le produit :<\/b><\/p>\n<p>Sexe applicable : f\u00e9minin<\/p>\n<p>Nom du tissu : coton<\/p>\n<p>Couleurs : Blanc, Noir<\/p>\n<p>Taille : taille unique<\/p>\n<p>&nbsp;<\/p>\n<p><b>Informations sur la taille :<\/b><\/p>\n<p><img decoding=\"async\" style=\"max-width: 100%;\" src=\"https:\/\/cc-west-usa.oss-accelerate.aliyuncs.com\/8cc42deb-dc63-4e8d-baa2-f84b0931b549.png\" alt=\"\"><\/p>\n<p>&nbsp;<\/p>\n<p><b><br \/>\nNote\uff1a<\/b><\/p>\n<p>1. Les tailles asiatiques sont 1 \u00e0 2 tailles plus petites que les tailles europ\u00e9ennes et am\u00e9ricaines. Choisissez la taille la plus grande si votre taille se situe entre deux tailles. Veuillez tenir compte d'une diff\u00e9rence de 2 \u00e0 3 cm due aux mesures manuelles.<\/p>\n<p>2. Si vous ne savez pas comment choisir votre taille, veuillez contacter notre service client\u00e8le.<\/p>\n<p>3. comme vous le savez, les ordinateurs affichent les couleurs diff\u00e9remment, la couleur de l'article r\u00e9el peut varier l\u00e9g\u00e8rement par rapport aux images suivantes.<\/p>\n<p>&nbsp;<\/p>\n<p><b>Liste d'emballage :<\/b><\/p>\n<p>Robe*1<\/p>\n<p>&nbsp;<\/p>\n<p><img loading=\"lazy\" decoding=\"async\" class=\"alignnone\" style=\"max-width: 100%;\" src=\"https:\/\/cc-west-usa.oss-accelerate.aliyuncs.com\/a7e92842-f89b-45c1-826a-521962d7326e.jpg\" alt=\"Robe en crochet\" width=\"750\" height=\"750\" \/><br \/>\n<img decoding=\"async\" style=\"max-width: 100%;\" src=\"https:\/\/cc-west-usa.oss-accelerate.aliyuncs.com\/507e6755-6c85-4e9d-bef0-fce1e9a2ba2d.jpg\" alt=\"\"><br \/>\n<img decoding=\"async\" style=\"max-width: 100%;\" src=\"https:\/\/cc-west-usa.oss-accelerate.aliyuncs.com\/6471429b-9681-4b12-88ae-00dcf2f431fb.jpg\" alt=\"\"><br \/>\n<img decoding=\"async\" style=\"max-width: 100%;\" src=\"https:\/\/cc-west-usa.oss-accelerate.aliyuncs.com\/1862dc5d-479e-41c1-b202-9b1d0a08f0cb.jpg\" alt=\"\"><br \/>\n<img decoding=\"async\" style=\"max-width: 100%;\" src=\"https:\/\/cc-west-usa.oss-accelerate.aliyuncs.com\/9ecb7d52-037e-482c-bab0-2576d5c8ba3f.jpg\" alt=\"\"><\/p>","protected":false},"excerpt":{"rendered":"<p>Robe en crochet qui allie art et modernit\u00e9. Parfaite pour toutes les occasions, elle offre un confort in\u00e9gal\u00e9 et un attrait intemporel. Ajoutez cette superbe pi\u00e8ce \u00e0 votre collection d\u00e8s aujourd'hui !<\/p>","protected":false},"featured_media":9921,"comment_status":"open","ping_status":"closed","template":"","meta":[],"product_brand":[],"product_cat":[16],"product_tag":[],"class_list":{"0":"post-9926","1":"product","2":"type-product","3":"status-publish","4":"has-post-thumbnail","6":"product_cat-cover-ups","8":"first","9":"instock","10":"taxable","11":"shipping-taxable","12":"purchasable","13":"product-type-variable"},"_links":{"self":[{"href":"https:\/\/beacheden.com\/fr\/wp-json\/wp\/v2\/product\/9926","targetHints":{"allow":["GET"]}}],"collection":[{"href":"https:\/\/beacheden.com\/fr\/wp-json\/wp\/v2\/product"}],"about":[{"href":"https:\/\/beacheden.com\/fr\/wp-json\/wp\/v2\/types\/product"}],"replies":[{"embeddable":true,"href":"https:\/\/beacheden.com\/fr\/wp-json\/wp\/v2\/comments?post=9926"}],"wp:featuredmedia":[{"embeddable":true,"href":"https:\/\/beacheden.com\/fr\/wp-json\/wp\/v2\/media\/9921"}],"wp:attachment":[{"href":"https:\/\/beacheden.com\/fr\/wp-json\/wp\/v2\/media?parent=9926"}],"wp:term":[{"taxonomy":"product_brand","embeddable":true,"href":"https:\/\/beacheden.com\/fr\/wp-json\/wp\/v2\/product_brand?post=9926"},{"taxonomy":"product_cat","embeddable":true,"href":"https:\/\/beacheden.com\/fr\/wp-json\/wp\/v2\/product_cat?post=9926"},{"taxonomy":"product_tag","embeddable":true,"href":"https:\/\/beacheden.com\/fr\/wp-json\/wp\/v2\/product_tag?post=9926"}],"curies":[{"name":"wp","href":"https:\/\/api.w.org\/{rel}","templated":true}]}}