{"id":9904,"date":"2023-05-29T10:29:23","date_gmt":"2023-05-29T17:29:23","guid":{"rendered":"https:\/\/beacheden.com\/shop\/uncategorized\/european-and-american-womens-pure-hook-random-design\/"},"modified":"2025-04-10T04:43:26","modified_gmt":"2025-04-10T11:43:26","slug":"maillot-de-bain-a-crochets","status":"publish","type":"product","link":"https:\/\/beacheden.com\/fr\/maillot-de-bain-a-crochets\/","title":{"rendered":"Crochets f\u00e9minins europ\u00e9ens et am\u00e9ricains \u00e0 motif al\u00e9atoire"},"content":{"rendered":"<p>Les maillots de bain \u00e0 crochets sont con\u00e7us pour que vous vous sentiez invincible. Avec ses d\u00e9tails uniques en forme de crochets, cette collection associe un style audacieux \u00e0 une fonctionnalit\u00e9 sans faille pour un look qui fait tourner les t\u00eates. Chaque pi\u00e8ce est fabriqu\u00e9e dans des tissus de qualit\u00e9 sup\u00e9rieure et durables qui assurent un ajustement parfait et un confort tout au long de la journ\u00e9e.<\/p>\n<p>Que vous vous pr\u00e9lassiez au bord de la piscine ou que vous preniez le soleil \u00e0 la plage, nos maillots de bain flattent toutes les courbes et renforcent votre confiance en vous. D\u00e9marquez-vous gr\u00e2ce \u00e0 des motifs complexes qui allient l'esth\u00e9tique de la mode \u00e0 la praticit\u00e9, car vous m\u00e9ritez des maillots de bain aussi extraordinaires que vous l'\u00eates. Plongez dans le luxe, embrassez l'allure des maillots de bain Hook Detail d\u00e8s aujourd'hui !<\/p>\n<p><b><br \/>\nInformations sur le produit :<\/p>\n<p><\/b><\/p>\n<p>Cat\u00e9gorie de produit : Petit gilet<\/p>\n<p>Style : Europ\u00e9en et am\u00e9ricain<\/p>\n<p>Style : Police H<\/p>\n<p>Type de col : Col en U<\/p>\n<p>Version : Type libre<\/p>\n<p>Longueur : Style court (40cm &lt; longueur \u226450cm)<\/p>\n<p><b><\/p>\n<p>Informations sur la taille :<\/p>\n<p><\/b><br \/>\n<img decoding=\"async\" style=\"max-width: 100%;\" src=\"https:\/\/cc-west-usa.oss-accelerate.aliyuncs.com\/c2e9b629-a6f8-43b1-923e-aa33de37e9ef.png\" alt=\"\"><\/p>\n<p><b>Note\uff1a<\/b><\/p>\n<p>1. Les tailles asiatiques sont 1 \u00e0 2 tailles plus petites que les tailles europ\u00e9ennes et am\u00e9ricaines. Choisissez la taille la plus grande si votre taille se situe entre deux tailles. Veuillez tenir compte d'une diff\u00e9rence de 2 \u00e0 3 cm due aux mesures manuelles.<\/p>\n<p>2. Veuillez consulter attentivement le tableau des tailles avant d'acheter l'article. Si vous ne savez pas comment choisir votre taille, veuillez contacter notre service client\u00e8le.<\/p>\n<p>3. comme vous le savez, les ordinateurs affichent les couleurs diff\u00e9remment, la couleur de l'article r\u00e9el peut varier l\u00e9g\u00e8rement :<\/p>\n<p><b>Liste de colisage\uff1a<\/b><\/p>\n<p>Gilet*1<\/p>\n<p><img loading=\"lazy\" decoding=\"async\" class=\"alignnone\" style=\"max-width: 100%;\" src=\"https:\/\/cc-west-usa.oss-accelerate.aliyuncs.com\/caee3318-26ae-4b3f-9227-a9662e14d36e.png\" alt=\"Maillot de bain \u00e0 crochets\" width=\"494\" height=\"495\" \/><br \/>\n<img decoding=\"async\" style=\"max-width: 100%;\" src=\"https:\/\/cc-west-usa.oss-accelerate.aliyuncs.com\/a044f507-f64c-46a6-a996-578f51bc2bac.png\" alt=\"\"><br \/>\n<img decoding=\"async\" style=\"max-width: 100%;\" src=\"https:\/\/cc-west-usa.oss-accelerate.aliyuncs.com\/884f8637-177e-4d53-8082-1f9d58a86137.png\" alt=\"\"><br \/>\n<img decoding=\"async\" style=\"max-width: 100%;\" src=\"https:\/\/cc-west-usa.oss-accelerate.aliyuncs.com\/42a25fe1-dbb7-4557-95eb-c3d3cb249709.png\" alt=\"\"><br \/>\n<img decoding=\"async\" style=\"max-width: 100%;\" src=\"https:\/\/cc-west-usa.oss-accelerate.aliyuncs.com\/2f991426-190c-48d7-a023-e67322088c9d.png\" alt=\"\"><br \/>\n<img decoding=\"async\" style=\"max-width: 100%;\" src=\"https:\/\/cc-west-usa.oss-accelerate.aliyuncs.com\/8cd71758-dab3-47d2-84fd-531ea8ff7cf3.png\" alt=\"\"><br \/>\n<img decoding=\"async\" style=\"max-width: 100%;\" src=\"https:\/\/cc-west-usa.oss-accelerate.aliyuncs.com\/e2c57799-7021-404e-b14f-b36996cd61bb.jpg\" alt=\"\"><br \/>\n<img decoding=\"async\" style=\"max-width: 100%;\" src=\"https:\/\/cc-west-usa.oss-accelerate.aliyuncs.com\/7c65821f-71ba-4a7c-9ebf-fb072619a7ab.png\" alt=\"\"><br \/>\n<img decoding=\"async\" style=\"max-width: 100%;\" src=\"https:\/\/cc-west-usa.oss-accelerate.aliyuncs.com\/5f2ab5e6-f4e2-424a-a954-31532f1fb66c.png\" alt=\"\"><\/p>\n<p><img decoding=\"async\" src=\"https:\/\/cbu01.alicdn.com\/img\/ibank\/O1CN01JWsnx62NBFImWBywm_!!963389924-0-cib.jpg\" alt=\"ind\u00e9fini\" \/><\/p>\n<p><img decoding=\"async\" src=\"https:\/\/cbu01.alicdn.com\/img\/ibank\/O1CN01VRgBwn2NBFJ33lLbe_!!963389924-0-cib.jpg\" alt=\"ind\u00e9fini\" \/><\/p>\n<p><img decoding=\"async\" src=\"https:\/\/cbu01.alicdn.com\/img\/ibank\/O1CN018Sto6Z2NBFIvsLS8G_!!963389924-0-cib.jpg\" alt=\"ind\u00e9fini\" \/><\/p>\n<p><img decoding=\"async\" src=\"https:\/\/cbu01.alicdn.com\/img\/ibank\/O1CN01kg0k3i2NBFJ33lLdQ_!!963389924-0-cib.jpg\" alt=\"ind\u00e9fini\" \/><\/p>\n<p><img decoding=\"async\" src=\"https:\/\/cbu01.alicdn.com\/img\/ibank\/O1CN01JJQKFa2NBFJ33ksX8_!!963389924-0-cib.jpg\" alt=\"ind\u00e9fini\" \/><\/p>","protected":false},"excerpt":{"rendered":"<p>Les maillots de bain Hook Detail proposent des articles chics et de grande qualit\u00e9, con\u00e7us pour vous d\u00e9marquer. Profitez du confort, du style et de l'assurance gr\u00e2ce \u00e0 des d\u00e9tails uniques con\u00e7us pour les adeptes modernes de la plage. Parfait pour toute escapade ensoleill\u00e9e !<\/p>","protected":false},"featured_media":9895,"comment_status":"open","ping_status":"closed","template":"","meta":[],"product_brand":[],"product_cat":[40],"product_tag":[],"class_list":{"0":"post-9904","1":"product","2":"type-product","3":"status-publish","4":"has-post-thumbnail","6":"product_cat-bikini","8":"first","9":"instock","10":"taxable","11":"shipping-taxable","12":"purchasable","13":"product-type-variable"},"_links":{"self":[{"href":"https:\/\/beacheden.com\/fr\/wp-json\/wp\/v2\/product\/9904","targetHints":{"allow":["GET"]}}],"collection":[{"href":"https:\/\/beacheden.com\/fr\/wp-json\/wp\/v2\/product"}],"about":[{"href":"https:\/\/beacheden.com\/fr\/wp-json\/wp\/v2\/types\/product"}],"replies":[{"embeddable":true,"href":"https:\/\/beacheden.com\/fr\/wp-json\/wp\/v2\/comments?post=9904"}],"wp:featuredmedia":[{"embeddable":true,"href":"https:\/\/beacheden.com\/fr\/wp-json\/wp\/v2\/media\/9895"}],"wp:attachment":[{"href":"https:\/\/beacheden.com\/fr\/wp-json\/wp\/v2\/media?parent=9904"}],"wp:term":[{"taxonomy":"product_brand","embeddable":true,"href":"https:\/\/beacheden.com\/fr\/wp-json\/wp\/v2\/product_brand?post=9904"},{"taxonomy":"product_cat","embeddable":true,"href":"https:\/\/beacheden.com\/fr\/wp-json\/wp\/v2\/product_cat?post=9904"},{"taxonomy":"product_tag","embeddable":true,"href":"https:\/\/beacheden.com\/fr\/wp-json\/wp\/v2\/product_tag?post=9904"}],"curies":[{"name":"wp","href":"https:\/\/api.w.org\/{rel}","templated":true}]}}