{"id":9888,"date":"2023-05-29T10:20:44","date_gmt":"2023-05-29T17:20:44","guid":{"rendered":"https:\/\/beacheden.com\/shop\/uncategorized\/womens-ladies-top-pure-hand-crochet-lace-up-short-vest\/"},"modified":"2025-05-22T04:45:41","modified_gmt":"2025-05-22T11:45:41","slug":"gilet-au-crochet-a-la-main","status":"publish","type":"product","link":"https:\/\/beacheden.com\/fr\/gilet-au-crochet-a-la-main\/","title":{"rendered":"Gilet court \u00e0 lacets en crochet pur pour dames"},"content":{"rendered":"<p>Le gilet en crochet est un chef-d'\u0153uvre de l'artisanat, con\u00e7u pour apporter chaleur et sophistication \u00e0 votre garde-robe. Chaque pi\u00e8ce est m\u00e9ticuleusement fabriqu\u00e9e \u00e0 la main avec le souci du d\u00e9tail, ce qui garantit un look unique et intemporel. Fabriqu\u00e9 \u00e0 partir de fils doux de premi\u00e8re qualit\u00e9, ce gilet offre un confort in\u00e9gal\u00e9 tout en conservant sa forme et sa durabilit\u00e9.<\/p>\n<p>Que vous vous habilliez pour une occasion sp\u00e9ciale ou que vous apportiez une touche d'\u00e9l\u00e9gance \u00e0 votre style quotidien, le gilet en crochet \u00e0 la main rehausse sans effort n'importe quelle tenue. Son design polyvalent le rend parfait pour les superpositions, offrant des possibilit\u00e9s de style infinies. Adoptez l'art de la mode artisanale et faites-vous remarquer avec cet accessoire indispensable qui allie tradition, qualit\u00e9 et modernit\u00e9.<\/p>\n<p><b>Informations sur le produit :<\/b><\/p>\n<p>Nom du tissu : polyester<\/p>\n<p>Style : Europe et Am\u00e9rique<\/p>\n<p>Artisanat : crochet \u00e0 main pure<\/p>\n<p>Couleur : blanc, noir, abricot<\/p>\n<p>Style : gilet court<\/p>\n<p>&nbsp;<\/p>\n<p>Informations sur la taille :<\/p>\n<p>Unit\u00e9 : cm<\/p>\n<p>Taille : taille unique<\/p>\n<p><img decoding=\"async\" style=\"max-width: 100%;\" src=\"https:\/\/cc-west-usa.oss-accelerate.aliyuncs.com\/77eb9010-97bc-4725-90b8-64a396bc155b.png\" alt=\"\"><\/p>\n<p><b>La pr\u00e9vention :<\/b><\/p>\n<p>1. Les tailles asiatiques sont 1 \u00e0 2 tailles plus petites que les tailles europ\u00e9ennes et am\u00e9ricaines. Choisissez la taille la plus grande si votre taille se situe entre deux tailles. Veuillez tenir compte d'une diff\u00e9rence de 2 \u00e0 3 cm due aux mesures manuelles.<\/p>\n<p>2. Si vous ne savez pas comment choisir votre taille, veuillez contacter notre service client\u00e8le.<\/p>\n<p>3. comme vous le savez, les ordinateurs affichent les couleurs diff\u00e9remment, la couleur de l'article r\u00e9el peut varier l\u00e9g\u00e8rement par rapport aux images suivantes.<\/p>\n<p>&nbsp;<\/p>\n<p>&nbsp;<\/p>\n<p><b>Liste d'emballage :<\/b><\/p>\n<p>Top pour dames en polyester x1<\/p>\n<p>&nbsp;<\/p>\n<p>&nbsp;<\/p>\n<p><img decoding=\"async\" style=\"max-width: 100%;\" src=\"https:\/\/cc-west-usa.oss-accelerate.aliyuncs.com\/601349f7-923c-4952-990d-7073af562590.jpg\" alt=\"\"><br \/>\n<img loading=\"lazy\" decoding=\"async\" class=\"alignnone\" style=\"max-width: 100%;\" src=\"https:\/\/cc-west-usa.oss-accelerate.aliyuncs.com\/7ca70f4e-4317-4649-85de-2f1d35dff92d.jpg\" alt=\"Gilet au crochet\" width=\"1920\" height=\"1920\" \/><br \/>\n<img decoding=\"async\" style=\"max-width: 100%;\" src=\"https:\/\/cc-west-usa.oss-accelerate.aliyuncs.com\/7c088a96-7c4f-46a9-a228-8c9a8713e54f.jpg\" alt=\"\"><br \/>\n<img decoding=\"async\" style=\"max-width: 100%;\" src=\"https:\/\/cc-west-usa.oss-accelerate.aliyuncs.com\/1dd08d1b-cb42-4222-8bde-374620e1bd7f.jpg\" alt=\"\"><br \/>\n<img decoding=\"async\" style=\"max-width: 100%;\" src=\"https:\/\/cc-west-usa.oss-accelerate.aliyuncs.com\/1e0cec14-8234-4e97-99fc-fa2873b012ba.jpg\" alt=\"\"><br \/>\n<img decoding=\"async\" style=\"max-width: 100%;\" src=\"https:\/\/cc-west-usa.oss-accelerate.aliyuncs.com\/48bc2524-638b-4500-9843-c68096486b43.jpg\" alt=\"\"><\/p>","protected":false},"excerpt":{"rendered":"<p>Le gilet en crochet \u00e0 la main est un m\u00e9lange parfait d'art et de confort, con\u00e7u pour ajouter du charme \u00e0 n'importe quelle tenue. Ses d\u00e9tails complexes garantissent une qualit\u00e9 in\u00e9gal\u00e9e et un attrait intemporel. Id\u00e9ale pour une tenue d\u00e9contract\u00e9e ou habill\u00e9e, c'est une pi\u00e8ce polyvalente \u00e0 ajouter \u00e0 votre garde-robe, qui en dit long sur le savoir-faire artisanal.<\/p>","protected":false},"featured_media":9882,"comment_status":"open","ping_status":"closed","template":"","meta":[],"product_brand":[],"product_cat":[40],"product_tag":[],"class_list":{"0":"post-9888","1":"product","2":"type-product","3":"status-publish","4":"has-post-thumbnail","6":"product_cat-bikini","8":"first","9":"instock","10":"taxable","11":"shipping-taxable","12":"purchasable","13":"product-type-variable"},"_links":{"self":[{"href":"https:\/\/beacheden.com\/fr\/wp-json\/wp\/v2\/product\/9888","targetHints":{"allow":["GET"]}}],"collection":[{"href":"https:\/\/beacheden.com\/fr\/wp-json\/wp\/v2\/product"}],"about":[{"href":"https:\/\/beacheden.com\/fr\/wp-json\/wp\/v2\/types\/product"}],"replies":[{"embeddable":true,"href":"https:\/\/beacheden.com\/fr\/wp-json\/wp\/v2\/comments?post=9888"}],"wp:featuredmedia":[{"embeddable":true,"href":"https:\/\/beacheden.com\/fr\/wp-json\/wp\/v2\/media\/9882"}],"wp:attachment":[{"href":"https:\/\/beacheden.com\/fr\/wp-json\/wp\/v2\/media?parent=9888"}],"wp:term":[{"taxonomy":"product_brand","embeddable":true,"href":"https:\/\/beacheden.com\/fr\/wp-json\/wp\/v2\/product_brand?post=9888"},{"taxonomy":"product_cat","embeddable":true,"href":"https:\/\/beacheden.com\/fr\/wp-json\/wp\/v2\/product_cat?post=9888"},{"taxonomy":"product_tag","embeddable":true,"href":"https:\/\/beacheden.com\/fr\/wp-json\/wp\/v2\/product_tag?post=9888"}],"curies":[{"name":"wp","href":"https:\/\/api.w.org\/{rel}","templated":true}]}}