{"id":9864,"date":"2023-05-29T10:10:46","date_gmt":"2023-05-29T17:10:46","guid":{"rendered":"https:\/\/beacheden.com\/shop\/uncategorized\/ladies-ladies-tops-pure-hand-crochet-pendant-strap-bikini\/"},"modified":"2025-04-10T05:16:58","modified_gmt":"2025-04-10T12:16:58","slug":"bikini-a-pendentifs","status":"publish","type":"product","link":"https:\/\/beacheden.com\/fr\/bikini-a-pendentifs\/","title":{"rendered":"Ladies Ladies Tops Pure Hand Crochet Pendant Strap Bikini"},"content":{"rendered":"<p>Le bikini \u00e0 bretelles pendantes est la fusion ultime de l'\u00e9l\u00e9gance et de la fonctionnalit\u00e9, con\u00e7u pour que vous vous sentiez confiante et rayonnante. Dot\u00e9 de d\u00e9licates bretelles pendantes qui ajoutent une touche de sophistication, ce bikini est con\u00e7u pour celles qui appr\u00e9cient les d\u00e9tails complexes.<\/p>\n<p>Les bretelles r\u00e9glables garantissent un ajustement personnalis\u00e9, tandis que les tissus doux et de qualit\u00e9 sup\u00e9rieure assurent un confort tout au long de la journ\u00e9e. Que ce soit pour se pr\u00e9lasser au bord de la piscine ou pour profiter du soleil \u00e0 la plage, cette pi\u00e8ce remarquable allie style et praticit\u00e9, ce qui en fait un incontournable de votre collection de maillots de bain. Adoptez le charme intemporel avec une touche de modernit\u00e9 - votre look estival parfait commence ici !<\/p>\n<p><b>Informations sur le produit :<\/b><\/p>\n<p>Nom du tissu : polyester<\/p>\n<p>Cat\u00e9gorie de style : bikini<\/p>\n<p>\u00c9l\u00e9ments populaires : bretelles, coutures<\/p>\n<p>Style : Europe et Am\u00e9rique<\/p>\n<p>Artisanat : crochet \u00e0 main pure<\/p>\n<p>Couleur : noir<\/p>\n<p>Style : bikini<\/p>\n<p>&nbsp;<\/p>\n<p>Informations sur la taille :<\/p>\n<p>Unit\u00e9 : cm<\/p>\n<p>Taille : taille unique<\/p>\n<p><img decoding=\"async\" style=\"max-width: 100%;\" src=\"https:\/\/cc-west-usa.oss-accelerate.aliyuncs.com\/b3b7a9a3-1baf-483c-8e96-2d5a54289553.png\" alt=\"\"><\/p>\n<p>&nbsp;<\/p>\n<p>La pr\u00e9vention :<\/p>\n<p>1. Les tailles asiatiques sont 1 \u00e0 2 tailles plus petites que les tailles europ\u00e9ennes et am\u00e9ricaines. Choisissez la taille la plus grande si votre taille se situe entre deux tailles. Veuillez tenir compte d'une diff\u00e9rence de 2 \u00e0 3 cm due aux mesures manuelles.<\/p>\n<p>2. Si vous ne savez pas comment choisir votre taille, veuillez contacter notre service client\u00e8le.<\/p>\n<p>3. comme vous le savez, les ordinateurs affichent les couleurs diff\u00e9remment, la couleur de l'article r\u00e9el peut varier l\u00e9g\u00e8rement par rapport aux images suivantes.<\/p>\n<p>&nbsp;<\/p>\n<p>&nbsp;<\/p>\n<p><b>Liste d'emballage :<\/b><\/p>\n<p>Top pour dames en polyester x1<\/p>\n<p>&nbsp;<\/p>\n<p><img decoding=\"async\" style=\"max-width: 100%;\" src=\"https:\/\/cc-west-usa.oss-accelerate.aliyuncs.com\/25e7db0e-fa2d-4bff-a566-42cd6085bcfa.jpg\" alt=\"\"><br \/>\n<img decoding=\"async\" style=\"max-width: 100%;\" src=\"https:\/\/cc-west-usa.oss-accelerate.aliyuncs.com\/d9cbdf41-df62-4db6-aa7a-5eec5acffacd.jpg\" alt=\"\"><br \/>\n<img decoding=\"async\" style=\"max-width: 100%;\" src=\"https:\/\/cc-west-usa.oss-accelerate.aliyuncs.com\/05e82cbf-9a58-45b9-bd88-516bf732cca7.jpg\" alt=\"\"><br \/>\n<img decoding=\"async\" style=\"max-width: 100%;\" src=\"https:\/\/cc-west-usa.oss-accelerate.aliyuncs.com\/4a37a21c-67da-4e20-acd5-70ab086eea03.jpg\" alt=\"\"><br \/>\n<img decoding=\"async\" style=\"max-width: 100%;\" src=\"https:\/\/cc-west-usa.oss-accelerate.aliyuncs.com\/d2d7b8a0-9036-4de1-8a3c-78a8bcfd8b2f.jpg\" alt=\"\"><\/p>","protected":false},"excerpt":{"rendered":"<p>Bikini \u00e0 bretelles pendantes con\u00e7u pour un style et un confort ultimes. Rehaussez votre tenue de plage avec des d\u00e9tails complexes, des bretelles r\u00e9glables et des tissus luxueux. Parfait pour les femmes s\u00fbres d'elles qui recherchent l'\u00e9l\u00e9gance.<\/p>","protected":false},"featured_media":9859,"comment_status":"open","ping_status":"closed","template":"","meta":[],"product_brand":[],"product_cat":[40],"product_tag":[],"class_list":{"0":"post-9864","1":"product","2":"type-product","3":"status-publish","4":"has-post-thumbnail","6":"product_cat-bikini","8":"first","9":"instock","10":"taxable","11":"shipping-taxable","12":"purchasable","13":"product-type-variable"},"_links":{"self":[{"href":"https:\/\/beacheden.com\/fr\/wp-json\/wp\/v2\/product\/9864","targetHints":{"allow":["GET"]}}],"collection":[{"href":"https:\/\/beacheden.com\/fr\/wp-json\/wp\/v2\/product"}],"about":[{"href":"https:\/\/beacheden.com\/fr\/wp-json\/wp\/v2\/types\/product"}],"replies":[{"embeddable":true,"href":"https:\/\/beacheden.com\/fr\/wp-json\/wp\/v2\/comments?post=9864"}],"wp:featuredmedia":[{"embeddable":true,"href":"https:\/\/beacheden.com\/fr\/wp-json\/wp\/v2\/media\/9859"}],"wp:attachment":[{"href":"https:\/\/beacheden.com\/fr\/wp-json\/wp\/v2\/media?parent=9864"}],"wp:term":[{"taxonomy":"product_brand","embeddable":true,"href":"https:\/\/beacheden.com\/fr\/wp-json\/wp\/v2\/product_brand?post=9864"},{"taxonomy":"product_cat","embeddable":true,"href":"https:\/\/beacheden.com\/fr\/wp-json\/wp\/v2\/product_cat?post=9864"},{"taxonomy":"product_tag","embeddable":true,"href":"https:\/\/beacheden.com\/fr\/wp-json\/wp\/v2\/product_tag?post=9864"}],"curies":[{"name":"wp","href":"https:\/\/api.w.org\/{rel}","templated":true}]}}