{"id":9850,"date":"2023-05-29T10:07:52","date_gmt":"2023-05-29T17:07:52","guid":{"rendered":"https:\/\/beacheden.com\/shop\/uncategorized\/crochet-hollow-lace-vacation-robe-sunscreen-beach-dress\/"},"modified":"2025-04-23T10:06:21","modified_gmt":"2025-04-23T17:06:21","slug":"robe-en-dentelle-creuse","status":"publish","type":"product","link":"https:\/\/beacheden.com\/fr\/robe-en-dentelle-creuse\/","title":{"rendered":"Robe de plage en crochet avec dentelle creuse pour les vacances"},"content":{"rendered":"<p>Les <strong>robe en dentelle creuse <\/strong> est un chef-d'\u0153uvre d'\u00e9l\u00e9gance et de savoir-faire, con\u00e7u pour vous faire sentir chic sans effort. Dot\u00e9e d'exquis motifs de dentelle creuse, cette robe allie d\u00e9licatesse artistique et sophistication moderne. Sa silhouette flatteuse assure un ajustement parfait, tandis que le tissu respirant garantit un confort tout au long de la journ\u00e9e.<\/p>\n<p>Que vous assistiez \u00e0 une soir\u00e9e romantique ou \u00e0 une soir\u00e9e glamour, cette robe promet de faire tourner les t\u00eates et de laisser une impression durable. Rehaussez votre style et embrassez une beaut\u00e9 intemporelle avec cette robe enchanteresse. <a href=\"https:\/\/beacheden.com\/fr\/robe-en-dentelle-creuse\/?wmc-currency=EUR\" title=\"Robe de plage en crochet avec dentelle creuse pour les vacances\" target=\"_blank\" rel=\"noopener\"  data-wpil-monitor-id=\"62\">robe en dentelle creuse - votre nouvel indispensable de la garde-robe<\/a>.<\/p>\n<p><b>Informations sur le produit\uff1a<\/b><\/p>\n<p>Groupe d'\u00e2ge concern\u00e9 : adulte<\/p>\n<p>Sexe applicable : f\u00e9minin<\/p>\n<p>Nom du tissu : coton<\/p>\n<p>Composition du tissu : Coton<\/p>\n<p>Contenu du tissu : 65 (%)<\/p>\n<p>Poids en grammes : 300 (g)<\/p>\n<p>Domaine d'application : natation et pataugeage<\/p>\n<p>Couleur : blanc, vert d'eau, curcuma, bleu d'eau<\/p>\n<p><b>Informations sur la taille :\u00a0<\/b><\/p>\n<p>Taille : taille unique<\/p>\n<table>\n<colgroup>\n<col \/>\n<col \/>\n<col \/> <\/colgroup>\n<tbody>\n<tr>\n<td>(CM)<\/td>\n<td>buste<\/td>\n<td>Longueur<\/td>\n<\/tr>\n<tr>\n<td>Taille unique<\/td>\n<td>118<\/td>\n<td>122<\/td>\n<\/tr>\n<\/tbody>\n<\/table>\n<p>&nbsp;<\/p>\n<p>&nbsp;<\/p>\n<p><b>Remarque :<\/b><\/p>\n<p>1. Les tailles asiatiques sont 1 \u00e0 2 tailles plus petites que les tailles europ\u00e9ennes et am\u00e9ricaines. Choisissez la taille la plus grande si votre taille se situe entre deux tailles. Veuillez tenir compte d'une diff\u00e9rence de 2 \u00e0 3 cm due aux mesures manuelles.<\/p>\n<p>2. Si vous ne savez pas comment choisir votre taille, veuillez contacter notre service client\u00e8le.<\/p>\n<p>3. comme vous le savez, les ordinateurs affichent les couleurs diff\u00e9remment, la couleur de l'article r\u00e9el peut varier l\u00e9g\u00e8rement par rapport aux images suivantes.<\/p>\n<p>&nbsp;<\/p>\n<p>&nbsp;<\/p>\n<p><b>Liste de colisage\uff1a<\/b><\/p>\n<p>1*<br \/>\n<span style=\"font-size: 1em;\">Robe<\/span><\/p>\n<p><img loading=\"lazy\" decoding=\"async\" class=\"alignnone\" style=\"max-width: 100%;\" src=\"https:\/\/cc-west-usa.oss-accelerate.aliyuncs.com\/47a73d3f-734d-4412-a86a-4ab60cedd003.jpg\" alt=\"Robe en dentelle creuse\" width=\"1080\" height=\"1439\" \/><br \/>\n<img decoding=\"async\" style=\"max-width: 100%;\" src=\"https:\/\/cc-west-usa.oss-accelerate.aliyuncs.com\/79b6a593-a355-4ab6-913f-2e5b057d6148.jpg\" alt=\"\"><br \/>\n<img decoding=\"async\" style=\"max-width: 100%;\" src=\"https:\/\/cc-west-usa.oss-accelerate.aliyuncs.com\/4fac535a-2ef1-404a-bba6-f2b3991e9e78.jpg\" alt=\"\"><br \/>\n<img decoding=\"async\" style=\"max-width: 100%;\" src=\"https:\/\/cc-west-usa.oss-accelerate.aliyuncs.com\/68daec0e-06cf-45ca-9625-9a5ab52af166.jpg\" alt=\"\"><br \/>\n<img decoding=\"async\" style=\"max-width: 100%;\" src=\"https:\/\/cc-west-usa.oss-accelerate.aliyuncs.com\/a11f9129-8aff-42f5-80c3-af4541f31ca3.jpg\" alt=\"\"><br \/>\n<img decoding=\"async\" style=\"max-width: 100%;\" src=\"https:\/\/cc-west-usa.oss-accelerate.aliyuncs.com\/9e7a3750-bb58-41d8-a07d-7b24ae61c7ef.jpg\" alt=\"\"><\/p>\n<p>&nbsp;<\/p>","protected":false},"excerpt":{"rendered":"<p>La robe en dentelle creuse s\u00e9duit par ses d\u00e9tails complexes et son charme intemporel, ce qui en fait un choix polyvalent pour toutes les occasions.<\/p>","protected":false},"featured_media":9844,"comment_status":"open","ping_status":"closed","template":"","meta":[],"product_brand":[],"product_cat":[16],"product_tag":[],"class_list":{"0":"post-9850","1":"product","2":"type-product","3":"status-publish","4":"has-post-thumbnail","6":"product_cat-cover-ups","8":"first","9":"instock","10":"taxable","11":"shipping-taxable","12":"purchasable","13":"product-type-variable"},"_links":{"self":[{"href":"https:\/\/beacheden.com\/fr\/wp-json\/wp\/v2\/product\/9850","targetHints":{"allow":["GET"]}}],"collection":[{"href":"https:\/\/beacheden.com\/fr\/wp-json\/wp\/v2\/product"}],"about":[{"href":"https:\/\/beacheden.com\/fr\/wp-json\/wp\/v2\/types\/product"}],"replies":[{"embeddable":true,"href":"https:\/\/beacheden.com\/fr\/wp-json\/wp\/v2\/comments?post=9850"}],"wp:featuredmedia":[{"embeddable":true,"href":"https:\/\/beacheden.com\/fr\/wp-json\/wp\/v2\/media\/9844"}],"wp:attachment":[{"href":"https:\/\/beacheden.com\/fr\/wp-json\/wp\/v2\/media?parent=9850"}],"wp:term":[{"taxonomy":"product_brand","embeddable":true,"href":"https:\/\/beacheden.com\/fr\/wp-json\/wp\/v2\/product_brand?post=9850"},{"taxonomy":"product_cat","embeddable":true,"href":"https:\/\/beacheden.com\/fr\/wp-json\/wp\/v2\/product_cat?post=9850"},{"taxonomy":"product_tag","embeddable":true,"href":"https:\/\/beacheden.com\/fr\/wp-json\/wp\/v2\/product_tag?post=9850"}],"curies":[{"name":"wp","href":"https:\/\/api.w.org\/{rel}","templated":true}]}}