{"id":9841,"date":"2023-05-29T10:03:45","date_gmt":"2023-05-29T17:03:45","guid":{"rendered":"https:\/\/beacheden.com\/shop\/uncategorized\/beach-crochet-fringed-swimsuit-cover-up\/"},"modified":"2025-11-01T13:39:16","modified_gmt":"2025-11-01T20:39:16","slug":"couverture-a-franges","status":"publish","type":"product","link":"https:\/\/beacheden.com\/fr\/couverture-a-franges\/","title":{"rendered":"Beach Crochet Fringed Swimsuit Cover-up"},"content":{"rendered":"<p>Le cache-c\u0153ur \u00e0 franges est la pi\u00e8ce de choix pour un style sans effort et une grande polyvalence. Con\u00e7ue avec des franges d\u00e9licates, cette couverture chic se drape magnifiquement, offrant une ambiance boh\u00e8me d\u00e9contract\u00e9e mais sophistiqu\u00e9e. Que vous vous pr\u00e9lassiez sur la plage ou que vous vous rendiez \u00e0 une soir\u00e9e d'\u00e9t\u00e9, il s'associe parfaitement aux maillots de bain, aux robes et aux tenues d\u00e9contract\u00e9es.<\/p>\n<p>L\u00e9ger, respirant et con\u00e7u pour le confort, cet accessoire indispensable passe sans probl\u00e8me de l'int\u00e9rieur \u00e0 l'ext\u00e9rieur. <a href=\"https:\/\/beacheden.com\/fr\/robe-longue-de-plage\/?wmc-currency=EUR\" title=\"Robe longue de plage \u00e0 bretelles bronzantes en perspective\" target=\"_blank\" rel=\"noopener\"  data-wpil-monitor-id=\"33\">du jour \u00e0 la nuit<\/a>. Rehaussez votre garde-robe avec le couvre-chef \u00e0 franges, une pi\u00e8ce intemporelle qui d\u00e9gage de l'assurance et un charme insouciant.<\/p>\n<p><b>D\u00e9tails du produit :<\/b><\/p>\n<p>Cat\u00e9gorie de produit : Camisole<\/p>\n<p>Style : type bretelles<\/p>\n<p>Type de col : Col en U<\/p>\n<p>Version : Droite<\/p>\n<p>Mod\u00e8le : Creux<\/p>\n<p>\u00c9l\u00e9ments populaires : \u00e9vider<\/p>\n<p>Nom du tissu : fibre de polyester<\/p>\n<p>Le contenu des principaux composants du tissu : 71%-80%<\/p>\n<p>Couleur : blanc plus couleur<\/p>\n<p><b>Informations sur la taille :<\/b><\/p>\n<p>Taille : taille unique<\/p>\n<p><img decoding=\"async\" style=\"max-width: 100%;\" src=\"https:\/\/cc-west-usa.oss-accelerate.aliyuncs.com\/21c0435e-13ef-468c-adcb-eb997ede5ff2.png\" alt=\"\"><\/p>\n<p>&nbsp;<\/p>\n<p>&nbsp;<\/p>\n<p><b>Note\uff1a<\/b><\/p>\n<p>1. Les tailles asiatiques sont 1 \u00e0 2 tailles plus petites que les tailles europ\u00e9ennes et am\u00e9ricaines. Choisissez la taille la plus grande si votre taille se situe entre deux tailles. Veuillez tenir compte d'une diff\u00e9rence de 2 \u00e0 3 cm due aux mesures manuelles.<\/p>\n<p>2. Si vous ne savez pas comment choisir votre taille, veuillez contacter notre service client\u00e8le.<\/p>\n<p>3. comme vous le savez, les ordinateurs affichent les couleurs diff\u00e9remment, la couleur de l'article r\u00e9el peut varier l\u00e9g\u00e8rement par rapport aux images suivantes.<\/p>\n<p><b>Contenu du paquet :<\/b><\/p>\n<p>Top pour dames en polyester X1<\/p>\n<p><img loading=\"lazy\" decoding=\"async\" class=\"alignnone\" style=\"max-width: 100%;\" src=\"https:\/\/cc-west-usa.oss-accelerate.aliyuncs.com\/b38fd201-fcca-4a59-99e4-54c81857185f.jpg\" alt=\"Couvre-chef \u00e0 franges\" width=\"750\" height=\"1000\" \/><br \/>\n<img decoding=\"async\" style=\"max-width: 100%;\" src=\"https:\/\/cc-west-usa.oss-accelerate.aliyuncs.com\/d7c8601b-0cc2-463d-a478-fc1aa5b56728.jpg\" alt=\"\"><br \/>\n<img loading=\"lazy\" decoding=\"async\" class=\"alignnone\" style=\"max-width: 100%;\" src=\"https:\/\/cc-west-usa.oss-accelerate.aliyuncs.com\/f83733b1-f982-41c6-bafa-12c72530c6c2.jpg\" alt=\"Couvre-chef \u00e0 franges\" width=\"750\" height=\"1000\" \/><br \/>\n<img decoding=\"async\" style=\"max-width: 100%;\" src=\"https:\/\/cc-west-usa.oss-accelerate.aliyuncs.com\/c32488e4-6671-4bce-963b-a90d4fbd77cb.jpg\" alt=\"\"><br \/>\n<img decoding=\"async\" style=\"max-width: 100%;\" src=\"https:\/\/cc-west-usa.oss-accelerate.aliyuncs.com\/a3edb5d7-af12-43a5-b38c-5a8f4bff0dcd.jpg\" alt=\"\"><br \/>\n<img loading=\"lazy\" decoding=\"async\" class=\"alignnone\" style=\"max-width: 100%;\" src=\"https:\/\/cc-west-usa.oss-accelerate.aliyuncs.com\/6c481c93-d7d2-43f1-8d57-06a7c395363c.jpg\" alt=\"Couvre-chef \u00e0 franges\" width=\"750\" height=\"1000\" \/><\/p>","protected":false},"excerpt":{"rendered":"<p>La couverture \u00e0 franges ajoute une touche d'\u00e9l\u00e9gance boh\u00e8me \u00e0 toutes les tenues. Parfait pour <a href=\"https:\/\/beacheden.com\/fr\/robe-de-plage-en-bandouliere\/?wmc-currency=EUR\" title=\"Robe de plage en bandouli\u00e8re pour femmes europ\u00e9ennes et am\u00e9ricaines\" target=\"_blank\" rel=\"noopener\"  data-wpil-monitor-id=\"175\">les journ\u00e9es \u00e0 la plage ou les sorties d\u00e9contract\u00e9es<\/a>, Son design \u00e9l\u00e9gant et ses franges fluides offrent \u00e0 la fois confort et \u00e9l\u00e9gance, ce qui en fait un indispensable de la garde-robe.<\/p>","protected":false},"featured_media":9834,"comment_status":"open","ping_status":"closed","template":"","meta":[],"product_brand":[],"product_cat":[16],"product_tag":[],"class_list":{"0":"post-9841","1":"product","2":"type-product","3":"status-publish","4":"has-post-thumbnail","6":"product_cat-cover-ups","8":"first","9":"instock","10":"taxable","11":"shipping-taxable","12":"purchasable","13":"product-type-variable"},"_links":{"self":[{"href":"https:\/\/beacheden.com\/fr\/wp-json\/wp\/v2\/product\/9841","targetHints":{"allow":["GET"]}}],"collection":[{"href":"https:\/\/beacheden.com\/fr\/wp-json\/wp\/v2\/product"}],"about":[{"href":"https:\/\/beacheden.com\/fr\/wp-json\/wp\/v2\/types\/product"}],"replies":[{"embeddable":true,"href":"https:\/\/beacheden.com\/fr\/wp-json\/wp\/v2\/comments?post=9841"}],"wp:featuredmedia":[{"embeddable":true,"href":"https:\/\/beacheden.com\/fr\/wp-json\/wp\/v2\/media\/9834"}],"wp:attachment":[{"href":"https:\/\/beacheden.com\/fr\/wp-json\/wp\/v2\/media?parent=9841"}],"wp:term":[{"taxonomy":"product_brand","embeddable":true,"href":"https:\/\/beacheden.com\/fr\/wp-json\/wp\/v2\/product_brand?post=9841"},{"taxonomy":"product_cat","embeddable":true,"href":"https:\/\/beacheden.com\/fr\/wp-json\/wp\/v2\/product_cat?post=9841"},{"taxonomy":"product_tag","embeddable":true,"href":"https:\/\/beacheden.com\/fr\/wp-json\/wp\/v2\/product_tag?post=9841"}],"curies":[{"name":"wp","href":"https:\/\/api.w.org\/{rel}","templated":true}]}}