{"id":9829,"date":"2023-05-29T09:58:43","date_gmt":"2023-05-29T16:58:43","guid":{"rendered":"https:\/\/beacheden.com\/shop\/uncategorized\/versatile-fringed-crochet-suspender-sleeveless-knitted-top\/"},"modified":"2025-04-10T05:38:31","modified_gmt":"2025-04-10T12:38:31","slug":"top-en-crochet-a-franges","status":"publish","type":"product","link":"https:\/\/beacheden.com\/fr\/top-en-crochet-a-franges\/","title":{"rendered":"Versatile Fringed Crochet Suspender Sleeveless Knitted Top"},"content":{"rendered":"<p>Le top en crochet \u00e0 franges est un m\u00e9lange \u00e9poustouflant d'art et de style, con\u00e7u pour rehausser votre garde-robe gr\u00e2ce \u00e0 ses d\u00e9tails artisanaux complexes. Dot\u00e9 de franges d\u00e9licates et d'un motif en crochet intemporel, ce haut d\u00e9gage une atmosph\u00e8re boh\u00e8me chic sans effort.<\/p>\n<p>Parfait pour les sorties d\u00e9contract\u00e9es ou les occasions sp\u00e9ciales, son tissu l\u00e9ger assure un confort tout au long de la journ\u00e9e tout en faisant une d\u00e9claration de mode audacieuse. Que vous vous habilliez pour un festival ou que vous donniez du style \u00e0 votre look de tous les jours, le Top en crochet \u00e0 franges promet de faire tourner les t\u00eates et d'inspirer les compliments. Laissez-vous s\u00e9duire par le charme de l'artisanat - faites-le v\u00f4tre d\u00e8s aujourd'hui !<\/p>\n<p><b>Informations sur le produit :<\/b><\/p>\n<p>Cat\u00e9gorie de produit : petit gilet<\/p>\n<p>Composition du tissu principal : Poil de lapin<\/p>\n<p>Contenu des principaux ingr\u00e9dients du tissu : 100%<\/p>\n<p>Couleur : blanc, abricot<\/p>\n<p><b>Informations sur la taille :<\/b><\/p>\n<p>Taille : taille unique<\/p>\n<p><b>Liste d'emballage :<\/b><\/p>\n<p>Gilet*1<\/p>\n<p><img loading=\"lazy\" decoding=\"async\" class=\"alignnone\" style=\"max-width: 100%;\" src=\"https:\/\/cc-west-usa.oss-accelerate.aliyuncs.com\/d0853051-692f-49da-9ab7-9c988c13efc4.jpg\" alt=\"Top en crochet \u00e0 franges\" width=\"800\" height=\"800\" \/><br \/>\n<img decoding=\"async\" style=\"max-width: 100%;\" src=\"https:\/\/cc-west-usa.oss-accelerate.aliyuncs.com\/cf65aa93-7a63-429d-857b-eedd086fee48.jpg\" alt=\"\"><br \/>\n<img decoding=\"async\" style=\"max-width: 100%;\" src=\"https:\/\/cc-west-usa.oss-accelerate.aliyuncs.com\/a173fe92-65de-414b-ba0a-1723107ace7f.jpg\" alt=\"\"><br \/>\n<img decoding=\"async\" style=\"max-width: 100%;\" src=\"https:\/\/cc-west-usa.oss-accelerate.aliyuncs.com\/14e0288a-d2f4-4b23-af98-ab806f527d84.jpg\" alt=\"\"><br \/>\n<img decoding=\"async\" style=\"max-width: 100%;\" src=\"https:\/\/cc-west-usa.oss-accelerate.aliyuncs.com\/9e80534d-87ee-4ea0-9fa4-0bc54699a034.jpg\" alt=\"\"><br \/>\n<img decoding=\"async\" style=\"max-width: 100%;\" src=\"https:\/\/cc-west-usa.oss-accelerate.aliyuncs.com\/79cc1a57-e008-47e8-a5c6-c97b57075c3e.jpg\" alt=\"\"><br \/>\n<span style=\"font-size: 1em;\">Franges polyvalentes <a href=\"https:\/\/beacheden.com\/fr\/top-au-crochet-a-la-main\/?wmc-currency=EUR\" title=\"Maillot de bain Asie du Sud-Est Hot Sale Hand Crochet Halter Hollow Ins Wind Beach Blouse Top\" target=\"_blank\" rel=\"noopener\"  data-wpil-monitor-id=\"218\">top tricot\u00e9 sans manches avec jarretelles en crochet<\/a><\/span><br \/>\n<img decoding=\"async\" style=\"max-width: 100%;\" src=\"https:\/\/cc-west-usa.oss-accelerate.aliyuncs.com\/e0c06a60-5a45-45ef-8942-3b6f6ff331f7.jpg\" alt=\"\"><br \/>\n<img decoding=\"async\" style=\"max-width: 100%;\" src=\"https:\/\/cc-west-usa.oss-accelerate.aliyuncs.com\/a3594fa4-86ff-46d3-b564-67ea1ffb3aa9.jpg\" alt=\"\"><br \/>\n<img decoding=\"async\" style=\"max-width: 100%;\" src=\"https:\/\/cc-west-usa.oss-accelerate.aliyuncs.com\/0208894d-3f2f-4d55-81ce-64904a289aeb.jpg\" alt=\"\"><\/p>","protected":false},"excerpt":{"rendered":"<p>Le top en crochet frang\u00e9 offre un m\u00e9lange d'\u00e9l\u00e9gance et de charme libre. Ses d\u00e9tails artisanaux et ses textures douces le rendent id\u00e9al pour les looks d\u00e9contract\u00e9s ou festifs. D\u00e9marquez-vous avec style !<\/p>","protected":false},"featured_media":9820,"comment_status":"open","ping_status":"closed","template":"","meta":[],"product_brand":[],"product_cat":[40],"product_tag":[],"class_list":{"0":"post-9829","1":"product","2":"type-product","3":"status-publish","4":"has-post-thumbnail","6":"product_cat-bikini","8":"first","9":"instock","10":"taxable","11":"shipping-taxable","12":"purchasable","13":"product-type-variable"},"_links":{"self":[{"href":"https:\/\/beacheden.com\/fr\/wp-json\/wp\/v2\/product\/9829","targetHints":{"allow":["GET"]}}],"collection":[{"href":"https:\/\/beacheden.com\/fr\/wp-json\/wp\/v2\/product"}],"about":[{"href":"https:\/\/beacheden.com\/fr\/wp-json\/wp\/v2\/types\/product"}],"replies":[{"embeddable":true,"href":"https:\/\/beacheden.com\/fr\/wp-json\/wp\/v2\/comments?post=9829"}],"wp:featuredmedia":[{"embeddable":true,"href":"https:\/\/beacheden.com\/fr\/wp-json\/wp\/v2\/media\/9820"}],"wp:attachment":[{"href":"https:\/\/beacheden.com\/fr\/wp-json\/wp\/v2\/media?parent=9829"}],"wp:term":[{"taxonomy":"product_brand","embeddable":true,"href":"https:\/\/beacheden.com\/fr\/wp-json\/wp\/v2\/product_brand?post=9829"},{"taxonomy":"product_cat","embeddable":true,"href":"https:\/\/beacheden.com\/fr\/wp-json\/wp\/v2\/product_cat?post=9829"},{"taxonomy":"product_tag","embeddable":true,"href":"https:\/\/beacheden.com\/fr\/wp-json\/wp\/v2\/product_tag?post=9829"}],"curies":[{"name":"wp","href":"https:\/\/api.w.org\/{rel}","templated":true}]}}