{"id":9813,"date":"2023-05-29T09:56:06","date_gmt":"2023-05-29T16:56:06","guid":{"rendered":"https:\/\/beacheden.com\/shop\/uncategorized\/sexy-bikini-bikini-handmade-crochet-beach-bathing\/"},"modified":"2025-07-21T14:05:53","modified_gmt":"2025-07-21T21:05:53","slug":"bikini-en-crochet-fait-main","status":"publish","type":"product","link":"https:\/\/beacheden.com\/fr\/bikini-en-crochet-fait-main\/","title":{"rendered":"Bikini Sexy Bikini Handmade Crochet Beach Bathing"},"content":{"rendered":"<p>Laissez-vous s\u00e9duire par la beaut\u00e9 d'un <strong>bikini en crochet fait main <\/strong>L'art et la fonctionnalit\u00e9 se rejoignent. Chaque pi\u00e8ce est m\u00e9ticuleusement fabriqu\u00e9e par des artisans qualifi\u00e9s, ce qui garantit une qualit\u00e9 in\u00e9gal\u00e9e et une attention particuli\u00e8re aux d\u00e9tails. Con\u00e7u dans un souci de confort et de style, ce bikini est dot\u00e9 de liens r\u00e9glables et d'une coupe flatteuse qui s'adapte \u00e0 toutes les morphologies.<\/p>\n<p>Les motifs complexes en crochet ajoutent une touche d'\u00e9l\u00e9gance boh\u00e8me, ce qui en fait un choix remarquable pour vos sorties \u00e0 la plage ou au bord de la piscine. Que vous vous pr\u00e9lassiez au soleil ou que vous plongiez dans les vagues, cette <a href=\"https:\/\/beacheden.com\/fr\/maillot-de-bain-en-crochet-fait-a-la-main-avec-des-pompons\/?wmc-currency=EUR\" title=\"Maillot de bain en crochet fait \u00e0 la main Tassel\" target=\"_blank\" rel=\"noopener\"  data-wpil-monitor-id=\"87\">bikini en crochet fait main<\/a> promet d'\u00eatre votre nouveau favori pour l'\u00e9t\u00e9. Adoptez un charme intemporel et faites-vous remarquer avec ce maillot de bain unique en son genre.<\/p>\n<p><b>Informations sur le produit :\u00a0<\/b><\/p>\n<p>Sexe applicable : f\u00e9minin<\/p>\n<p>\u00c2ge appropri\u00e9 : adultes<\/p>\n<p>Style de motif : couleur unie, sexy, dos nu, europ\u00e9en et am\u00e9ricain<\/p>\n<p>Remorquage de la bande ou non : Pas de support en acier, pas de coussin thoracique<\/p>\n<p>Niveau de qualit\u00e9 : premi\u00e8re classe<\/p>\n<p>Nom du tissu : Autres<\/p>\n<p><b>Informations sur la taille : <\/b><\/p>\n<table>\n<colgroup>\n<col \/> <\/colgroup>\n<tbody>\n<tr>\n<td>Taille<\/td>\n<td>Buste<\/td>\n<td>Taille<\/td>\n<\/tr>\n<tr>\n<td>taille unique<\/td>\n<td>96<\/td>\n<td>42-70<\/td>\n<\/tr>\n<\/tbody>\n<\/table>\n<p><b>Note<\/b><\/p>\n<p>1. Les tailles asiatiques sont 1 \u00e0 2 tailles plus petites que les tailles europ\u00e9ennes et am\u00e9ricaines. Choisissez la taille la plus grande si votre taille se situe entre deux tailles. Veuillez tenir compte d'une diff\u00e9rence de 2 \u00e0 3 cm due aux mesures manuelles.<\/p>\n<p>2. Veuillez consulter attentivement le tableau des tailles avant d'acheter l'article. Si vous ne savez pas comment choisir votre taille, veuillez contacter notre service client\u00e8le.<\/p>\n<p>3) Comme vous le savez, les ordinateurs affichent les couleurs diff\u00e9remment, la couleur de l'article r\u00e9el peut varier l\u00e9g\u00e8rement par rapport aux images suivantes.<\/p>\n<p><b>Liste de colisage<\/b><\/p>\n<p><img loading=\"lazy\" decoding=\"async\" class=\"alignnone\" style=\"max-width: 100%;\" src=\"https:\/\/cc-west-usa.oss-accelerate.aliyuncs.com\/1620913861758.jpg\" alt=\"Bikini en crochet fait main\" width=\"750\" height=\"750\" \/><br \/>\n<img decoding=\"async\" style=\"max-width: 100%;\" src=\"https:\/\/cc-west-usa.oss-accelerate.aliyuncs.com\/1620913861773.jpg\" alt=\"\"><br \/>\n<img decoding=\"async\" style=\"max-width: 100%;\" src=\"https:\/\/cc-west-usa.oss-accelerate.aliyuncs.com\/1620913861789.jpg\" alt=\"\"><br \/>\n<img decoding=\"async\" style=\"max-width: 100%;\" src=\"https:\/\/cc-west-usa.oss-accelerate.aliyuncs.com\/1620913861781.jpg\" alt=\"\"><br \/>\n<img decoding=\"async\" style=\"max-width: 100%;\" src=\"https:\/\/cc-west-usa.oss-accelerate.aliyuncs.com\/1620913870254.jpg\" alt=\"\"><br \/>\n<img decoding=\"async\" style=\"max-width: 100%;\" src=\"https:\/\/cc-west-usa.oss-accelerate.aliyuncs.com\/1620913870250.jpg\" alt=\"\"><\/p>","protected":false},"excerpt":{"rendered":"<p>Bikini en crochet fait \u00e0 la main, con\u00e7u avec amour pour une coupe impeccable. Profitez d'un charme artisanal, d'une qualit\u00e9 sup\u00e9rieure et d'un style unique. Parfait pour <a href=\"https:\/\/beacheden.com\/fr\/bikini-en-crochet-fait-main-2\/?wmc-currency=EUR\" title=\"Bikini de plage en crochet fait \u00e0 la main Maillot de bain pour femme\" target=\"_blank\" rel=\"noopener\"  data-wpil-monitor-id=\"86\">aventures ensoleill\u00e9es ou farniente au bord de la piscine<\/a>. Am\u00e9liorez votre jeu de maillots de bain d\u00e8s aujourd'hui !<\/p>","protected":false},"featured_media":9807,"comment_status":"open","ping_status":"closed","template":"","meta":[],"product_brand":[],"product_cat":[40],"product_tag":[],"class_list":{"0":"post-9813","1":"product","2":"type-product","3":"status-publish","4":"has-post-thumbnail","6":"product_cat-bikini","8":"first","9":"instock","10":"taxable","11":"shipping-taxable","12":"purchasable","13":"product-type-variable"},"_links":{"self":[{"href":"https:\/\/beacheden.com\/fr\/wp-json\/wp\/v2\/product\/9813","targetHints":{"allow":["GET"]}}],"collection":[{"href":"https:\/\/beacheden.com\/fr\/wp-json\/wp\/v2\/product"}],"about":[{"href":"https:\/\/beacheden.com\/fr\/wp-json\/wp\/v2\/types\/product"}],"replies":[{"embeddable":true,"href":"https:\/\/beacheden.com\/fr\/wp-json\/wp\/v2\/comments?post=9813"}],"wp:featuredmedia":[{"embeddable":true,"href":"https:\/\/beacheden.com\/fr\/wp-json\/wp\/v2\/media\/9807"}],"wp:attachment":[{"href":"https:\/\/beacheden.com\/fr\/wp-json\/wp\/v2\/media?parent=9813"}],"wp:term":[{"taxonomy":"product_brand","embeddable":true,"href":"https:\/\/beacheden.com\/fr\/wp-json\/wp\/v2\/product_brand?post=9813"},{"taxonomy":"product_cat","embeddable":true,"href":"https:\/\/beacheden.com\/fr\/wp-json\/wp\/v2\/product_cat?post=9813"},{"taxonomy":"product_tag","embeddable":true,"href":"https:\/\/beacheden.com\/fr\/wp-json\/wp\/v2\/product_tag?post=9813"}],"curies":[{"name":"wp","href":"https:\/\/api.w.org\/{rel}","templated":true}]}}