{"id":9770,"date":"2023-05-29T09:52:15","date_gmt":"2023-05-29T16:52:15","guid":{"rendered":"https:\/\/beacheden.com\/shop\/uncategorized\/europe-and-america-hand-crochet-bikini-set\/"},"modified":"2025-04-10T05:56:01","modified_gmt":"2025-04-10T12:56:01","slug":"bikini-au-crochet","status":"publish","type":"product","link":"https:\/\/beacheden.com\/fr\/bikini-au-crochet\/","title":{"rendered":"Ensemble de bikinis en crochet \u00e0 la main pour l'Europe et l'Am\u00e9rique"},"content":{"rendered":"<p><b>Informations sur le produit :<\/b><\/p>\n<p>Mat\u00e9riau :<br \/>\n<span style=\"font-size: 1em;\">Polyester<\/span><\/p>\n<p>Style :<br \/>\n<span style=\"font-size: 1em;\">Europe et Am\u00e9rique<\/span><\/p>\n<p>Couleur :<br \/>\n<span style=\"font-size: 1em;\">blanc,beige,rose,5675 blanc,5675 beige,5675 rose<\/span><\/p>\n<p><b>Informations sur la taille :<\/b><\/p>\n<p>Taille : S\/M\/L<\/p>\n<p><b>Liste d'emballage :<\/b><\/p>\n<p>Haut *1 Culotte*1<\/p>\n<p>&nbsp;<\/p>\n<p><b>Image du produit :<\/b><\/p>\n<p><img loading=\"lazy\" decoding=\"async\" class=\"alignnone\" style=\"max-width: 100%;\" src=\"https:\/\/cc-west-usa.oss-accelerate.aliyuncs.com\/2c9b3fca-96bf-4dfc-a2b2-0efcfcfdd123.jpg\" alt=\"bikini au crochet\" width=\"800\" height=\"800\" \/><br \/>\n<img decoding=\"async\" style=\"max-width: 100%;\" src=\"https:\/\/cc-west-usa.oss-accelerate.aliyuncs.com\/f8f8a338-9001-42fd-8a6e-99ccb519a3de.jpg\" alt=\"\"><br \/>\n<img decoding=\"async\" style=\"max-width: 100%;\" src=\"https:\/\/cc-west-usa.oss-accelerate.aliyuncs.com\/d7013e56-a415-471f-9086-40f80b8662d2.jpg\" alt=\"\"><br \/>\n<img decoding=\"async\" style=\"max-width: 100%;\" src=\"https:\/\/cc-west-usa.oss-accelerate.aliyuncs.com\/f6ef9810-00df-493a-ac77-68551a83d5ab.jpg\" alt=\"\"><br \/>\n<img decoding=\"async\" style=\"max-width: 100%;\" src=\"https:\/\/cc-west-usa.oss-accelerate.aliyuncs.com\/d0874d1f-c413-43f7-a0da-f5cb01c88ffe.jpg\" alt=\"\"><br \/>\n<img decoding=\"async\" style=\"max-width: 100%;\" src=\"https:\/\/cc-west-usa.oss-accelerate.aliyuncs.com\/6dc9247d-9fdc-4f12-8bbd-1e66f64d3730.jpg\" alt=\"\"><br \/>\n<img decoding=\"async\" style=\"max-width: 100%;\" src=\"https:\/\/cc-west-usa.oss-accelerate.aliyuncs.com\/9bb6067b-70c2-449c-a953-67af45158105.jpg\" alt=\"\"><br \/>\n<img decoding=\"async\" style=\"max-width: 100%;\" src=\"https:\/\/cc-west-usa.oss-accelerate.aliyuncs.com\/c71457f9-ef0b-4434-a596-641c91dacbe0.jpg\" alt=\"\"><\/p>","protected":false},"excerpt":{"rendered":"<p>Bikini crochet\u00e9 \u00e0 la main et confectionn\u00e9 avec amour pour une coupe impeccable. Se distingue par ses d\u00e9tails complexes, ses textures douces et ses couleurs vives. Id\u00e9al pour les escapades au soleil ou pour se pr\u00e9lasser au bord de la piscine. Adoptez l'\u00e9l\u00e9gance du fait main d\u00e8s aujourd'hui !<\/p>","protected":false},"featured_media":9762,"comment_status":"open","ping_status":"closed","template":"","meta":[],"product_brand":[],"product_cat":[40],"product_tag":[],"class_list":{"0":"post-9770","1":"product","2":"type-product","3":"status-publish","4":"has-post-thumbnail","6":"product_cat-bikini","8":"first","9":"instock","10":"taxable","11":"shipping-taxable","12":"purchasable","13":"product-type-variable"},"_links":{"self":[{"href":"https:\/\/beacheden.com\/fr\/wp-json\/wp\/v2\/product\/9770","targetHints":{"allow":["GET"]}}],"collection":[{"href":"https:\/\/beacheden.com\/fr\/wp-json\/wp\/v2\/product"}],"about":[{"href":"https:\/\/beacheden.com\/fr\/wp-json\/wp\/v2\/types\/product"}],"replies":[{"embeddable":true,"href":"https:\/\/beacheden.com\/fr\/wp-json\/wp\/v2\/comments?post=9770"}],"wp:featuredmedia":[{"embeddable":true,"href":"https:\/\/beacheden.com\/fr\/wp-json\/wp\/v2\/media\/9762"}],"wp:attachment":[{"href":"https:\/\/beacheden.com\/fr\/wp-json\/wp\/v2\/media?parent=9770"}],"wp:term":[{"taxonomy":"product_brand","embeddable":true,"href":"https:\/\/beacheden.com\/fr\/wp-json\/wp\/v2\/product_brand?post=9770"},{"taxonomy":"product_cat","embeddable":true,"href":"https:\/\/beacheden.com\/fr\/wp-json\/wp\/v2\/product_cat?post=9770"},{"taxonomy":"product_tag","embeddable":true,"href":"https:\/\/beacheden.com\/fr\/wp-json\/wp\/v2\/product_tag?post=9770"}],"curies":[{"name":"wp","href":"https:\/\/api.w.org\/{rel}","templated":true}]}}