{"id":9741,"date":"2023-05-29T02:43:58","date_gmt":"2023-05-29T09:43:58","guid":{"rendered":"https:\/\/beacheden.com\/shop\/uncategorized\/european-and-american-new-solid-color-bikini\/"},"modified":"2025-09-23T12:19:12","modified_gmt":"2025-09-23T19:19:12","slug":"nouveau-bikini-de-couleur-unie","status":"publish","type":"product","link":"https:\/\/beacheden.com\/fr\/nouveau-bikini-de-couleur-unie\/","title":{"rendered":"European And American New Solid Color Bikini"},"content":{"rendered":"<p><b>Informations sur le produit :<\/b><\/p>\n<p>Style : Maillot de bain une pi\u00e8ce<\/p>\n<p>Sexe applicable : Femme<\/p>\n<p>Motif : Couleur unie<\/p>\n<p>Nom du tissu : nylon<\/p>\n<p>Couleur : noir, rose, bleu<\/p>\n<p><b>Informations sur la taille :<\/b><\/p>\n<p>Taille : S, M, L<\/p>\n<p><img decoding=\"async\" style=\"max-width: 100%;\" src=\"https:\/\/cc-west-usa.oss-accelerate.aliyuncs.com\/84bedb50-7072-4a4f-be62-c273a94ada27.png\" alt=\"\"><\/p>\n<p>&nbsp;<\/p>\n<p><b>Note\uff1a<\/b><\/p>\n<p>1. Les tailles asiatiques sont 1 \u00e0 2 tailles plus petites que les tailles europ\u00e9ennes et am\u00e9ricaines. Choisissez la taille la plus grande si votre taille se situe entre deux tailles. Veuillez tenir compte d'une diff\u00e9rence de 2 \u00e0 3 cm due aux mesures manuelles.<\/p>\n<p>2. Si vous ne savez pas comment choisir votre taille, veuillez contacter notre service client\u00e8le.<\/p>\n<p>3. comme vous le savez, les ordinateurs affichent les couleurs diff\u00e9remment, la couleur de l'article r\u00e9el peut varier l\u00e9g\u00e8rement par rapport aux images suivantes.<\/p>\n<p>&nbsp;<\/p>\n<p><b>Liste d'emballage :<\/b><\/p>\n<p><a href=\"https:\/\/beacheden.com\/fr\/maillots-de-bain-deux-pieces-pour-femmes\/?wmc-currency=EUR\" title=\"Maillot de bain femme Bikini Sexy Plus Size OnePiece\" target=\"_blank\" rel=\"noopener\"  data-wpil-monitor-id=\"26\">Bikini une pi\u00e8ce pour femmes<\/a> *1<\/p>\n<p>&nbsp;<\/p>\n<p>&nbsp;<\/p>\n<p><img loading=\"lazy\" decoding=\"async\" class=\"alignnone\" style=\"max-width: 100%;\" src=\"https:\/\/cc-west-usa.oss-accelerate.aliyuncs.com\/aa83b5b9-2944-4181-861e-d9fe137be6bb.jpg\" alt=\"Nouveau Bikini de couleur unie\" width=\"1340\" height=\"1785\" \/><br \/>\n<img decoding=\"async\" style=\"max-width: 100%;\" src=\"https:\/\/cc-west-usa.oss-accelerate.aliyuncs.com\/5689613e-2b8e-45fb-90c4-1775c4e23589.jpg\" alt=\"\"><br \/>\n<img decoding=\"async\" style=\"max-width: 100%;\" src=\"https:\/\/cc-west-usa.oss-accelerate.aliyuncs.com\/05dc897c-afda-4b09-aff3-d883a91482a5.jpg\" alt=\"\"><br \/>\n<img decoding=\"async\" style=\"max-width: 100%;\" src=\"https:\/\/cc-west-usa.oss-accelerate.aliyuncs.com\/06f3dd76-a8b3-45af-9bc6-fe00eda8abde.jpg\" alt=\"\"><br \/>\n<img decoding=\"async\" style=\"max-width: 100%;\" src=\"https:\/\/cc-west-usa.oss-accelerate.aliyuncs.com\/ddb54925-959a-48be-8524-5ca8cd60e956.jpg\" alt=\"\"><\/p>","protected":false},"excerpt":{"rendered":"<p>Nouveau bikini de couleur unie, fabriqu\u00e9 dans un tissu de qualit\u00e9 sup\u00e9rieure pour un ajustement parfait. Il associe un design \u00e9l\u00e9gant et une qualit\u00e9 durable pour des moments inoubliables \u00e0 la plage.<\/p>","protected":false},"featured_media":9736,"comment_status":"open","ping_status":"closed","template":"","meta":[],"product_brand":[],"product_cat":[39],"product_tag":[],"class_list":{"0":"post-9741","1":"product","2":"type-product","3":"status-publish","4":"has-post-thumbnail","6":"product_cat-swimsuit","8":"first","9":"instock","10":"sale","11":"taxable","12":"shipping-taxable","13":"purchasable","14":"product-type-variable"},"_links":{"self":[{"href":"https:\/\/beacheden.com\/fr\/wp-json\/wp\/v2\/product\/9741","targetHints":{"allow":["GET"]}}],"collection":[{"href":"https:\/\/beacheden.com\/fr\/wp-json\/wp\/v2\/product"}],"about":[{"href":"https:\/\/beacheden.com\/fr\/wp-json\/wp\/v2\/types\/product"}],"replies":[{"embeddable":true,"href":"https:\/\/beacheden.com\/fr\/wp-json\/wp\/v2\/comments?post=9741"}],"wp:featuredmedia":[{"embeddable":true,"href":"https:\/\/beacheden.com\/fr\/wp-json\/wp\/v2\/media\/9736"}],"wp:attachment":[{"href":"https:\/\/beacheden.com\/fr\/wp-json\/wp\/v2\/media?parent=9741"}],"wp:term":[{"taxonomy":"product_brand","embeddable":true,"href":"https:\/\/beacheden.com\/fr\/wp-json\/wp\/v2\/product_brand?post=9741"},{"taxonomy":"product_cat","embeddable":true,"href":"https:\/\/beacheden.com\/fr\/wp-json\/wp\/v2\/product_cat?post=9741"},{"taxonomy":"product_tag","embeddable":true,"href":"https:\/\/beacheden.com\/fr\/wp-json\/wp\/v2\/product_tag?post=9741"}],"curies":[{"name":"wp","href":"https:\/\/api.w.org\/{rel}","templated":true}]}}