{"id":9597,"date":"2023-05-27T04:58:13","date_gmt":"2023-05-27T11:58:13","guid":{"rendered":"https:\/\/beacheden.com\/shop\/uncategorized\/bottle-shaped-irregular-beach-towel\/"},"modified":"2025-11-24T05:55:37","modified_gmt":"2025-11-24T13:55:37","slug":"serviette-de-plage-irreguliere-en-forme-de-bouteille","status":"publish","type":"product","link":"https:\/\/beacheden.com\/fr\/serviette-de-plage-irreguliere-en-forme-de-bouteille\/","title":{"rendered":"Serviette de plage irr\u00e9guli\u00e8re en forme de bouteille"},"content":{"rendered":"<p>\n Mati\u00e8re : Microfibre<br \/>\n <br \/>\n Composant principal : fibre de polyester (polyester)<br \/>\n <br \/>\n Composant secondaire : Fibre \u00e9lastique en polyur\u00e9thane (spandex)<br \/>\n <br \/>\n Sp\u00e9cifications (longueur * largeur cm) : 155cm de largeur<br \/>\n <img decoding=\"async\" src=\"https:\/\/cc-west-usa.oss-accelerate.aliyuncs.com\/6c046d51-044a-47c2-9725-b6a67b75553e.jpg\" style=\"font-size: 14px;max-width: 100%\" alt=\"\"><br \/>\n <img decoding=\"async\" src=\"https:\/\/cc-west-usa.oss-accelerate.aliyuncs.com\/b111e66b-70ff-4839-9df5-145773480ba5.jpg\" style=\"font-size: 14px;max-width: 100%\" alt=\"\"><br \/>\n <img decoding=\"async\" src=\"https:\/\/cc-west-usa.oss-accelerate.aliyuncs.com\/3e391b86-b3e9-4d57-837a-ed88b80b6d4c.jpg\" style=\"font-size: 14px;max-width: 100%\" alt=\"\"><br \/>\n <img decoding=\"async\" src=\"https:\/\/cc-west-usa.oss-accelerate.aliyuncs.com\/f536f194-5af0-4e1d-95af-c7372c1b5fe5.jpg\" style=\"font-size: 14px;max-width: 100%\" alt=\"\"><br \/>\n <img decoding=\"async\" src=\"https:\/\/cc-west-usa.oss-accelerate.aliyuncs.com\/a83845ca-bf71-4bf0-9fcf-831428fd53aa.jpg\" style=\"font-size: 14px;max-width: 100%\" alt=\"\"><br \/>\n <img decoding=\"async\" src=\"https:\/\/cc-west-usa.oss-accelerate.aliyuncs.com\/4aa36e85-eea7-4cc6-a2c6-589c13ec5c0e.jpg\" style=\"font-size: 14px;max-width: 100%\" alt=\"\"><br \/>\n <img decoding=\"async\" src=\"https:\/\/cc-west-usa.oss-accelerate.aliyuncs.com\/8a195d05-8f1b-4731-a519-97f133ab5210.jpg\" style=\"font-size: 14px;max-width: 100%\" alt=\"\"><\/p>","protected":false},"excerpt":{"rendered":"<p>Mati\u00e8re : Microfibre Composant principal : fibre de polyester (polyester) Composant secondaire : Fibre \u00e9lastique en polyur\u00e9thane (spandex) Sp\u00e9cifications (longueur * largeur cm) : 155cm de largeur<\/p>","protected":false},"featured_media":9587,"comment_status":"open","ping_status":"closed","template":"","meta":[],"product_brand":[],"product_cat":[41],"product_tag":[],"class_list":{"0":"post-9597","1":"product","2":"type-product","3":"status-publish","4":"has-post-thumbnail","6":"product_cat-beach-towels","8":"first","9":"instock","10":"taxable","11":"shipping-taxable","12":"purchasable","13":"product-type-variable"},"_links":{"self":[{"href":"https:\/\/beacheden.com\/fr\/wp-json\/wp\/v2\/product\/9597","targetHints":{"allow":["GET"]}}],"collection":[{"href":"https:\/\/beacheden.com\/fr\/wp-json\/wp\/v2\/product"}],"about":[{"href":"https:\/\/beacheden.com\/fr\/wp-json\/wp\/v2\/types\/product"}],"replies":[{"embeddable":true,"href":"https:\/\/beacheden.com\/fr\/wp-json\/wp\/v2\/comments?post=9597"}],"wp:featuredmedia":[{"embeddable":true,"href":"https:\/\/beacheden.com\/fr\/wp-json\/wp\/v2\/media\/9587"}],"wp:attachment":[{"href":"https:\/\/beacheden.com\/fr\/wp-json\/wp\/v2\/media?parent=9597"}],"wp:term":[{"taxonomy":"product_brand","embeddable":true,"href":"https:\/\/beacheden.com\/fr\/wp-json\/wp\/v2\/product_brand?post=9597"},{"taxonomy":"product_cat","embeddable":true,"href":"https:\/\/beacheden.com\/fr\/wp-json\/wp\/v2\/product_cat?post=9597"},{"taxonomy":"product_tag","embeddable":true,"href":"https:\/\/beacheden.com\/fr\/wp-json\/wp\/v2\/product_tag?post=9597"}],"curies":[{"name":"wp","href":"https:\/\/api.w.org\/{rel}","templated":true}]}}