{"id":9512,"date":"2023-05-27T04:55:58","date_gmt":"2023-05-27T11:55:58","guid":{"rendered":"https:\/\/beacheden.com\/shop\/uncategorized\/microfiber-quick-dry-absorbent-towel-sandproof-beach-towel\/"},"modified":"2025-02-04T11:28:48","modified_gmt":"2025-02-04T19:28:48","slug":"serviette-de-plage-impermeable-au-sable-en-microfibre-a-sechage-rapide","status":"publish","type":"product","link":"https:\/\/beacheden.com\/fr\/serviette-de-plage-impermeable-au-sable-en-microfibre-a-sechage-rapide\/","title":{"rendered":"Serviette de plage imperm\u00e9able au sable en microfibre \u00e0 s\u00e9chage rapide"},"content":{"rendered":"<p>\n <b>Informations sur le produit :<\/b><br \/>\n \n<\/p>\n<p>\n Mati\u00e8re : Microfibre<br \/>\n <br \/>\n Color: 01,02,03,04,05,06,07,08,09,10,11,12,13,14,15,16,17,18,19,20,<br \/>\n <br \/>\n Sp\u00e9cifications (longueur*largeur cm) : microfibre 75*150cm, microfibre 160*160CM, 80*160 velours double face impression simple, 80*160 velours double face impression double.<br \/>\n <br \/>\n Technologie du fil : fil m\u00e9lang\u00e9\n<\/p>\n<p>\n <b>Liste d'emballage :<\/b>\n<\/p>\n<p>Serviette en microfibre*1<\/p>\n<p>\n <img decoding=\"async\" src=\"https:\/\/cc-west-usa.oss-accelerate.aliyuncs.com\/9998a870-971c-43a6-9cb8-fa0c1ff7b33d.jpg\" style=\"max-width:100%\" alt=\"\"><br \/>\n <img decoding=\"async\" src=\"https:\/\/cc-west-usa.oss-accelerate.aliyuncs.com\/5cff8a70-dfab-47c0-8900-d10caeb1c453.jpg\" style=\"max-width: 100%\" alt=\"\"><br \/>\n <img decoding=\"async\" src=\"https:\/\/cc-west-usa.oss-accelerate.aliyuncs.com\/97d05694-5274-4a48-a4d9-399dd2407d07.jpg\" style=\"max-width: 100%\" alt=\"\"><br \/>\n <img decoding=\"async\" src=\"https:\/\/cc-west-usa.oss-accelerate.aliyuncs.com\/b0c14df5-5666-4448-b805-14c496b0fd26.jpg\" style=\"max-width: 100%\" alt=\"\"><br \/>\n <img decoding=\"async\" src=\"https:\/\/cc-west-usa.oss-accelerate.aliyuncs.com\/1014c142-3b30-4f20-904b-997ee46707b2.jpg\" style=\"max-width: 100%\" alt=\"\"><br \/>\n <img decoding=\"async\" src=\"https:\/\/cc-west-usa.oss-accelerate.aliyuncs.com\/9d5db769-3842-40af-83b5-6c500280ca0f.jpg\" style=\"max-width: 100%\" alt=\"\"><br \/>\n <img decoding=\"async\" src=\"https:\/\/cc-west-usa.oss-accelerate.aliyuncs.com\/03c4ddc6-0b29-4150-94da-1953c888829a.jpg\" style=\"max-width: 100%\" alt=\"\"><br \/>\n <img decoding=\"async\" src=\"https:\/\/cc-west-usa.oss-accelerate.aliyuncs.com\/ddc582d2-8667-4dec-afcc-7fc6198be0a4.jpg\" style=\"max-width: 100%\" alt=\"\"><br \/>\n <img decoding=\"async\" src=\"https:\/\/cc-west-usa.oss-accelerate.aliyuncs.com\/7cce140f-f6ff-461a-afcc-3e3e59e3f910.jpg\" style=\"max-width: 100%\" alt=\"\"><br \/>\n <img decoding=\"async\" src=\"https:\/\/cc-west-usa.oss-accelerate.aliyuncs.com\/47d5e83c-47d6-4d49-84f7-0cc218da4a62.jpg\" style=\"max-width: 100%\" alt=\"\"><br \/>\n <img decoding=\"async\" src=\"https:\/\/cc-west-usa.oss-accelerate.aliyuncs.com\/7552e2f6-c1f0-432b-83f5-d40ed3016422.jpg\" style=\"max-width: 100%\" alt=\"\"><br \/>\n <img decoding=\"async\" src=\"https:\/\/cc-west-usa.oss-accelerate.aliyuncs.com\/7ad0e4b0-38f2-4094-86c4-5554551994c2.jpg\" style=\"max-width: 100%\" alt=\"\"><br \/>\n <img decoding=\"async\" src=\"https:\/\/cc-west-usa.oss-accelerate.aliyuncs.com\/9bb97a81-fbf0-40d1-8c7a-06251d2dfed5.jpg\" style=\"max-width: 100%\" alt=\"\"><br \/>\n <img decoding=\"async\" src=\"https:\/\/cc-west-usa.oss-accelerate.aliyuncs.com\/433236fb-b8a5-4e29-84f5-a1e25e8dea22.jpg\" style=\"max-width: 100%\" alt=\"\"><br \/>\n <img decoding=\"async\" src=\"https:\/\/cc-west-usa.oss-accelerate.aliyuncs.com\/ad41a6a0-bda0-4352-b76e-01f87fccc150.jpg\" style=\"max-width: 100%\" alt=\"\"><br \/>\n <img decoding=\"async\" src=\"https:\/\/cc-west-usa.oss-accelerate.aliyuncs.com\/e1e10f51-c319-40f0-871a-b52fd43889bf.jpg\" style=\"max-width: 100%\" alt=\"\"><br \/>\n <img decoding=\"async\" src=\"https:\/\/cc-west-usa.oss-accelerate.aliyuncs.com\/e6751277-3c1c-42f6-94a7-95a0def12b4e.jpg\" style=\"max-width: 100%\" alt=\"\"><br \/>\n <\/p>","protected":false},"excerpt":{"rendered":"<p>Informations sur le produit : Mati\u00e8re : Microfibre Couleur : 01,02,03,04,05,06,07,08,09,10,11,12,13,14,15,16,17,18,19,20, Sp\u00e9cifications (longueur*largeur cm) : microfibre 75*150cm, microfibre 160*160CM, 80*160 impression velours double face simple, 80*160 impression velours double face Technologie du fil : fil m\u00e9lang\u00e9 Liste d'emballage : Serviette en microfibre*1<\/p>","protected":false},"featured_media":9502,"comment_status":"open","ping_status":"closed","template":"","meta":[],"product_brand":[],"product_cat":[41],"product_tag":[],"class_list":{"0":"post-9512","1":"product","2":"type-product","3":"status-publish","4":"has-post-thumbnail","6":"product_cat-beach-towels","8":"first","9":"instock","10":"taxable","11":"shipping-taxable","12":"purchasable","13":"product-type-variable"},"_links":{"self":[{"href":"https:\/\/beacheden.com\/fr\/wp-json\/wp\/v2\/product\/9512","targetHints":{"allow":["GET"]}}],"collection":[{"href":"https:\/\/beacheden.com\/fr\/wp-json\/wp\/v2\/product"}],"about":[{"href":"https:\/\/beacheden.com\/fr\/wp-json\/wp\/v2\/types\/product"}],"replies":[{"embeddable":true,"href":"https:\/\/beacheden.com\/fr\/wp-json\/wp\/v2\/comments?post=9512"}],"wp:featuredmedia":[{"embeddable":true,"href":"https:\/\/beacheden.com\/fr\/wp-json\/wp\/v2\/media\/9502"}],"wp:attachment":[{"href":"https:\/\/beacheden.com\/fr\/wp-json\/wp\/v2\/media?parent=9512"}],"wp:term":[{"taxonomy":"product_brand","embeddable":true,"href":"https:\/\/beacheden.com\/fr\/wp-json\/wp\/v2\/product_brand?post=9512"},{"taxonomy":"product_cat","embeddable":true,"href":"https:\/\/beacheden.com\/fr\/wp-json\/wp\/v2\/product_cat?post=9512"},{"taxonomy":"product_tag","embeddable":true,"href":"https:\/\/beacheden.com\/fr\/wp-json\/wp\/v2\/product_tag?post=9512"}],"curies":[{"name":"wp","href":"https:\/\/api.w.org\/{rel}","templated":true}]}}