{"id":9368,"date":"2023-05-27T04:41:57","date_gmt":"2023-05-27T11:41:57","guid":{"rendered":"https:\/\/beacheden.com\/shop\/uncategorized\/double-sided-fleece-printed-beach-towel-microfiber-beach-towel\/"},"modified":"2025-06-27T22:38:26","modified_gmt":"2025-06-28T05:38:26","slug":"serviette-de-plage-imprimee-en-microfibre-de-plage-imprimee-sur-deux-faces","status":"publish","type":"product","link":"https:\/\/beacheden.com\/fr\/serviette-de-plage-imprimee-en-microfibre-de-plage-imprimee-sur-deux-faces\/","title":{"rendered":"Serviette de plage imprim\u00e9e en polaire double face Serviette de plage en microfibre"},"content":{"rendered":"<p>\n <b><br \/>\n  Informations sur le produit\uff1a<br \/>\n  <br \/>\n <\/b>\n<\/p>\n<p>\n Nom : Serviette absorbante\/serviette de bain<br \/>\n <br \/>\n Caract\u00e9ristiques : Absorbant, s\u00e9chage rapide, ceinture de toilette<br \/>\n <br \/>\n Tissu : 88 polyester + 12 nylon<br \/>\n <br \/>\n Taille : 160*80 (CM)<br \/>\n <br \/>\n Suggestion de lavage : le lavage \u00e0 la main est recommand\u00e9, la temp\u00e9rature de l'eau ne doit pas d\u00e9passer 30\u00b0C.<br \/>\n <br \/>\n Mati\u00e8re : Microfibre<br \/>\n <br \/>\n Poids : 200g<br \/>\n <br \/>\n Sp\u00e9cifications : (longueur * largeur cm) 160 * 80cm (emballage en sac cylindrique)\n<\/p>\n<p>\n \n<\/p>\n<p>\n <b>Liste de colisage\uff1a<\/b><br \/>\n \n<\/p>\n<p>\n 1*&nbsp;<br \/>\n <span style=\"font-size: 1em\">Serviette<\/span>\n<\/p>\n<p>\n <span style=\"font-size: 1em\"><br \/>\n  <br \/>\n <\/span>\n<\/p>\n<p>\n <img decoding=\"async\" src=\"https:\/\/cc-west-usa.oss-accelerate.aliyuncs.com\/1eaf5fde-ac83-41a0-acb6-f553f787bee7.jpg\" style=\"max-width:100%\" alt=\"\"><br \/>\n <img decoding=\"async\" src=\"https:\/\/cc-west-usa.oss-accelerate.aliyuncs.com\/28ce9c8e-f8d4-48f4-9c7e-99c2b061f218.jpg\" style=\"max-width: 100%\" alt=\"\"><br \/>\n <img decoding=\"async\" src=\"https:\/\/cc-west-usa.oss-accelerate.aliyuncs.com\/bf10c283-8fcf-4bdb-b6e8-eec9017283c5.jpg\" style=\"max-width: 100%\" alt=\"\"><br \/>\n <img decoding=\"async\" src=\"https:\/\/cc-west-usa.oss-accelerate.aliyuncs.com\/48b9cbd4-a3f5-4768-be2a-48c3df7bd7ff.jpg\" style=\"max-width: 100%\" alt=\"\"><br \/>\n <img decoding=\"async\" src=\"https:\/\/cc-west-usa.oss-accelerate.aliyuncs.com\/8af64272-e73d-4eef-ae15-d69ccac2a219.jpg\" style=\"max-width: 100%\" alt=\"\"><br \/>\n <img decoding=\"async\" src=\"https:\/\/cc-west-usa.oss-accelerate.aliyuncs.com\/d1551a7b-65ba-42db-bbd7-be4a479c7114.jpg\" style=\"max-width: 100%\" alt=\"\"><br \/>\n <img decoding=\"async\" src=\"https:\/\/cc-west-usa.oss-accelerate.aliyuncs.com\/3c97e27f-49eb-4aa9-85e2-ff36abec7c38.jpg\" style=\"max-width: 100%\" alt=\"\"><br \/>\n <img decoding=\"async\" src=\"https:\/\/cc-west-usa.oss-accelerate.aliyuncs.com\/ce155f0b-14a0-45f8-999a-25c82d5030ed.jpg\" style=\"max-width: 100%\" alt=\"\"><br \/>\n <span style=\"font-size: 1em\"><br \/>\n  <br \/>\n <\/span><\/p>","protected":false},"excerpt":{"rendered":"<p>Product Information\uff1a Nom : Serviette absorbante\/serviette de bain Caract\u00e9ristiques : Absorbant, s\u00e9chage rapide, ceinture de toilette Tissu : 88 Polyester + 12 Nylon Taille : 160*80 (CM) Suggestion de lavage : le lavage \u00e0 la main est recommand\u00e9, la temp\u00e9rature de l'eau ne doit pas d\u00e9passer 30\u00b0C Mat\u00e9riau : Microfibre Poids : 200g Sp\u00e9cifications : (longueur * largeur cm) 160 * 80cm (emballage en sac cylindrique) Liste d'emballage\uff1a 1* Serviette de bain<\/p>","protected":false},"featured_media":9358,"comment_status":"open","ping_status":"closed","template":"","meta":[],"product_brand":[],"product_cat":[41],"product_tag":[],"class_list":{"0":"post-9368","1":"product","2":"type-product","3":"status-publish","4":"has-post-thumbnail","6":"product_cat-beach-towels","8":"first","9":"instock","10":"taxable","11":"shipping-taxable","12":"purchasable","13":"product-type-variable"},"_links":{"self":[{"href":"https:\/\/beacheden.com\/fr\/wp-json\/wp\/v2\/product\/9368","targetHints":{"allow":["GET"]}}],"collection":[{"href":"https:\/\/beacheden.com\/fr\/wp-json\/wp\/v2\/product"}],"about":[{"href":"https:\/\/beacheden.com\/fr\/wp-json\/wp\/v2\/types\/product"}],"replies":[{"embeddable":true,"href":"https:\/\/beacheden.com\/fr\/wp-json\/wp\/v2\/comments?post=9368"}],"wp:featuredmedia":[{"embeddable":true,"href":"https:\/\/beacheden.com\/fr\/wp-json\/wp\/v2\/media\/9358"}],"wp:attachment":[{"href":"https:\/\/beacheden.com\/fr\/wp-json\/wp\/v2\/media?parent=9368"}],"wp:term":[{"taxonomy":"product_brand","embeddable":true,"href":"https:\/\/beacheden.com\/fr\/wp-json\/wp\/v2\/product_brand?post=9368"},{"taxonomy":"product_cat","embeddable":true,"href":"https:\/\/beacheden.com\/fr\/wp-json\/wp\/v2\/product_cat?post=9368"},{"taxonomy":"product_tag","embeddable":true,"href":"https:\/\/beacheden.com\/fr\/wp-json\/wp\/v2\/product_tag?post=9368"}],"curies":[{"name":"wp","href":"https:\/\/api.w.org\/{rel}","templated":true}]}}