{"id":9268,"date":"2023-05-27T04:32:18","date_gmt":"2023-05-27T11:32:18","guid":{"rendered":"https:\/\/beacheden.com\/shop\/uncategorized\/handmade-crochet-swimsuit-bikini-swimsuit-top\/"},"modified":"2025-05-21T19:48:05","modified_gmt":"2025-05-22T02:48:05","slug":"haut-de-bikini-en-crochet","status":"publish","type":"product","link":"https:\/\/beacheden.com\/fr\/haut-de-bikini-en-crochet\/","title":{"rendered":"Maillot de bain en crochet fait \u00e0 la main Bikini Swimsuit Top"},"content":{"rendered":"<p><b>Informations sur le produit :<\/b><\/p>\n<p>Avec remorque en acier : avec coussin thoracique sans support en acier<\/p>\n<p>Nom du tissu : Acrylique<\/p>\n<p>Composition du tissu : acrylique<\/p>\n<p>Composition du tissu : 100 (%)<\/p>\n<p>Nom de la doublure : Coton<\/p>\n<p>Composition de la doublure : coton<\/p>\n<p>Teneur en ingr\u00e9dients de la doublure : 40 (%)<b><br \/>\n<\/b><\/p>\n<p><b>Informations sur la taille :<\/b><\/p>\n<p><img loading=\"lazy\" decoding=\"async\" class=\"alignnone\" style=\"max-width: 100%;\" src=\"https:\/\/cc-west-usa.oss-accelerate.aliyuncs.com\/6f6a343c-054e-46b4-b1b2-9cd9dfd75eb9.jpg\" alt=\"Top de bikini en crochet\" width=\"800\" height=\"800\" \/><\/p>\n<p><b>Remarque :<\/b><\/p>\n<p>1. Les tailles asiatiques sont 1 \u00e0 2 tailles plus petites que les tailles europ\u00e9ennes et am\u00e9ricaines. Choisissez la taille la plus grande si votre taille se situe entre deux tailles. Veuillez tenir compte d'une diff\u00e9rence de 2 \u00e0 3 cm due aux mesures manuelles.<\/p>\n<p>2. Si vous ne savez pas comment choisir votre taille, veuillez contacter notre service client\u00e8le.<\/p>\n<p>3. comme vous le savez, les ordinateurs affichent les couleurs diff\u00e9remment, la couleur de l'article r\u00e9el peut varier l\u00e9g\u00e8rement par rapport aux images suivantes.<\/p>\n<p><b>Liste d'emballage :<\/b><\/p>\n<p>Maillot de bain Top*1<\/p>\n<p><b>Image du produit :<\/b><\/p>\n<p>Image compl\u00e8te :<\/p>\n<p><img decoding=\"async\" style=\"max-width: 100%;\" src=\"https:\/\/cc-west-usa.oss-accelerate.aliyuncs.com\/71a396e3-8b59-4f98-adbc-952f8e8aff10.jpg\" alt=\"\"><br \/>\n<img decoding=\"async\" style=\"max-width: 100%;\" src=\"https:\/\/cc-west-usa.oss-accelerate.aliyuncs.com\/4a0bd97f-5664-4f1a-9fd3-cdcfd15dc5e9.jpg\" alt=\"\"><br \/>\n<img decoding=\"async\" style=\"max-width: 100%;\" src=\"https:\/\/cc-west-usa.oss-accelerate.aliyuncs.com\/1a116eab-3cf4-46e5-b17e-128eea085464.jpg\" alt=\"\"><br \/>\n<img decoding=\"async\" style=\"max-width: 100%;\" src=\"https:\/\/cc-west-usa.oss-accelerate.aliyuncs.com\/cb862844-bbe0-44e8-aeec-e0cec218ef7f.jpg\" alt=\"\"><br \/>\n<img decoding=\"async\" style=\"max-width: 100%;\" src=\"https:\/\/cc-west-usa.oss-accelerate.aliyuncs.com\/84401110-537e-4d60-a431-b076e8f33bf5.jpg\" alt=\"\"><br \/>\n<img decoding=\"async\" style=\"max-width: 100%;\" src=\"https:\/\/cc-west-usa.oss-accelerate.aliyuncs.com\/fb03b740-7311-4db1-938d-6c6c60f5b313.jpg\" alt=\"\"><br \/>\n<img decoding=\"async\" style=\"max-width: 100%;\" src=\"https:\/\/cc-west-usa.oss-accelerate.aliyuncs.com\/f7dc6799-dc04-447c-b75f-bdcc5be0a767.jpg\" alt=\"\"><br \/>\n<img decoding=\"async\" style=\"max-width: 100%;\" src=\"https:\/\/cc-west-usa.oss-accelerate.aliyuncs.com\/548b089f-ce2d-49e9-b072-897d6251ef68.jpg\" alt=\"\"><br \/>\n<img decoding=\"async\" style=\"max-width: 100%;\" src=\"https:\/\/cc-west-usa.oss-accelerate.aliyuncs.com\/fca1f72c-f05e-475d-8b6b-c10163db2684.jpg\" alt=\"\"><br \/>\n<img decoding=\"async\" style=\"max-width: 100%;\" src=\"https:\/\/cc-west-usa.oss-accelerate.aliyuncs.com\/ce82673e-9241-404a-a31f-7e7739c4b1eb.jpg\" alt=\"\"><br \/>\n<img decoding=\"async\" style=\"max-width: 100%;\" src=\"https:\/\/cc-west-usa.oss-accelerate.aliyuncs.com\/afdaf4d8-823a-4011-823d-0ec863b02afe.jpg\" alt=\"\"><\/p>","protected":false},"excerpt":{"rendered":"<p>Haut de bikini en crochet con\u00e7u pour allier style et confort sans effort. Parfait pour <a href=\"https:\/\/beacheden.com\/fr\/bikini-en-crochet-fait-main-2\/?wmc-currency=EUR\" title=\"Bikini de plage en crochet fait \u00e0 la main Maillot de bain pour femme\" target=\"_blank\" rel=\"noopener\"  data-wpil-monitor-id=\"83\">les journ\u00e9es \u00e0 la plage ou le farniente au bord de la piscine<\/a>Son design unique fait tourner les t\u00eates tout en offrant une coupe ajust\u00e9e. Am\u00e9liorez votre jeu de maillots de bain d\u00e8s aujourd'hui !<\/p>","protected":false},"featured_media":9258,"comment_status":"open","ping_status":"closed","template":"","meta":[],"product_brand":[],"product_cat":[40],"product_tag":[],"class_list":{"0":"post-9268","1":"product","2":"type-product","3":"status-publish","4":"has-post-thumbnail","6":"product_cat-bikini","8":"first","9":"instock","10":"taxable","11":"shipping-taxable","12":"purchasable","13":"product-type-variable"},"_links":{"self":[{"href":"https:\/\/beacheden.com\/fr\/wp-json\/wp\/v2\/product\/9268","targetHints":{"allow":["GET"]}}],"collection":[{"href":"https:\/\/beacheden.com\/fr\/wp-json\/wp\/v2\/product"}],"about":[{"href":"https:\/\/beacheden.com\/fr\/wp-json\/wp\/v2\/types\/product"}],"replies":[{"embeddable":true,"href":"https:\/\/beacheden.com\/fr\/wp-json\/wp\/v2\/comments?post=9268"}],"wp:featuredmedia":[{"embeddable":true,"href":"https:\/\/beacheden.com\/fr\/wp-json\/wp\/v2\/media\/9258"}],"wp:attachment":[{"href":"https:\/\/beacheden.com\/fr\/wp-json\/wp\/v2\/media?parent=9268"}],"wp:term":[{"taxonomy":"product_brand","embeddable":true,"href":"https:\/\/beacheden.com\/fr\/wp-json\/wp\/v2\/product_brand?post=9268"},{"taxonomy":"product_cat","embeddable":true,"href":"https:\/\/beacheden.com\/fr\/wp-json\/wp\/v2\/product_cat?post=9268"},{"taxonomy":"product_tag","embeddable":true,"href":"https:\/\/beacheden.com\/fr\/wp-json\/wp\/v2\/product_tag?post=9268"}],"curies":[{"name":"wp","href":"https:\/\/api.w.org\/{rel}","templated":true}]}}