{"id":9185,"date":"2023-05-27T03:58:41","date_gmt":"2023-05-27T10:58:41","guid":{"rendered":"https:\/\/beacheden.com\/shop\/uncategorized\/hollow-crochet-tassel-strap-top-split-swimsuit\/"},"modified":"2025-04-10T06:33:15","modified_gmt":"2025-04-10T13:33:15","slug":"maillot-de-bain-creux-en-crochet","status":"publish","type":"product","link":"https:\/\/beacheden.com\/fr\/maillot-de-bain-creux-en-crochet\/","title":{"rendered":"Hollow Crochet Tassel Strap Top Split Swimsuit"},"content":{"rendered":"<p>Le maillot de bain en crochet creux est l'ultime m\u00e9lange d'\u00e9l\u00e9gance et de fonctionnalit\u00e9, con\u00e7u pour que vous vous sentiez s\u00fbre de vous et styl\u00e9e. Dot\u00e9 de d\u00e9tails complexes en crochet creux, ce maillot de bain offre un design unique et respirant qui vous permet de rester \u00e0 l'aise tout au long de la journ\u00e9e. Sa coupe flatteuse accentue vos courbes, tandis que son tissu de haute qualit\u00e9 garantit sa durabilit\u00e9 et sa r\u00e9sistance au chlore et \u00e0 l'eau sal\u00e9e.<\/p>\n<p>Que vous vous pr\u00e9lassiez au bord de la piscine ou que vous profitiez d'une journ\u00e9e ensoleill\u00e9e \u00e0 la plage, ce maillot de bain est votre choix de pr\u00e9dilection pour un charme et une sophistication sans effort. \u00c9levez votre <a href=\"https:\/\/beacheden.com\/fr\/maillot-de-bain-creux-en-crochet\/?wmc-currency=EUR\" title=\"Hollow Crochet Tassel Strap Top Split Swimsuit\" target=\"_blank\" rel=\"noopener\"  data-wpil-monitor-id=\"65\">avec la collection de maillots de bain Hollow<\/a> Maillot de bain en crochet - o\u00f9 la mode rencontre l'aspect pratique.<\/p>\n<p><b>Informations sur le produit :<\/b><\/p>\n<p>Mati\u00e8re : Coton m\u00e9lang\u00e9<\/p>\n<p>Style : Sexy<\/p>\n<p>Caract\u00e9ristiques : creux<\/p>\n<p>Couleur : blanc, noir, abricot<\/p>\n<p><b>Informations sur la taille :<\/b><\/p>\n<p><img decoding=\"async\" style=\"max-width: 100%;\" src=\"https:\/\/cc-west-usa.oss-accelerate.aliyuncs.com\/6336c13a-972e-4949-80a2-6e80382bb2bf.png\" alt=\"\"><\/p>\n<p><b>Remarque :<\/b><\/p>\n<p>1. Les tailles asiatiques sont 1 \u00e0 2 tailles plus petites que les tailles europ\u00e9ennes et am\u00e9ricaines. Choisissez la taille la plus grande si votre taille se situe entre deux tailles. Veuillez tenir compte d'une diff\u00e9rence de 2 \u00e0 3 cm due aux mesures manuelles.<\/p>\n<p>2. Si vous ne savez pas comment choisir votre taille, veuillez contacter notre service client\u00e8le.<\/p>\n<p>3. comme vous le savez, les ordinateurs affichent les couleurs diff\u00e9remment, la couleur de l'article r\u00e9el peut varier l\u00e9g\u00e8rement par rapport aux images suivantes.<\/p>\n<p><b>Liste d'emballage :<\/b><\/p>\n<p>Maillot de bain*1<\/p>\n<p>&nbsp;<\/p>\n<p><img decoding=\"async\" style=\"max-width: 100%;\" src=\"https:\/\/cc-west-usa.oss-accelerate.aliyuncs.com\/0a32794f-cd54-40f3-84a6-fb648cb3b1f0.jpg?imgInfringementPass=true\" alt=\"\"><br \/>\n<img decoding=\"async\" style=\"max-width: 100%;\" src=\"https:\/\/cc-west-usa.oss-accelerate.aliyuncs.com\/3cd7b7e1-c552-4164-a51b-08bbac9b5313.jpg?imgInfringementPass=true\" alt=\"\"><br \/>\n<img loading=\"lazy\" decoding=\"async\" class=\"alignnone\" style=\"max-width: 100%;\" src=\"https:\/\/cc-west-usa.oss-accelerate.aliyuncs.com\/32fc86e2-ae03-4e37-859d-b165aa3e6705.jpg\" alt=\"Maillot de bain creux en crochet\" width=\"1000\" height=\"1000\" \/><br \/>\n<img decoding=\"async\" style=\"max-width: 100%;\" src=\"https:\/\/cc-west-usa.oss-accelerate.aliyuncs.com\/ac1d4d3f-9e4f-421c-b27f-a49f891ee215.jpg?imgInfringementPass=true\" alt=\"\"><br \/>\n<img decoding=\"async\" style=\"max-width: 100%;\" src=\"https:\/\/cc-west-usa.oss-accelerate.aliyuncs.com\/15831518-818e-45f2-a0db-7a17925f2065.jpg\" alt=\"\"><br \/>\n<img decoding=\"async\" style=\"max-width: 100%;\" src=\"https:\/\/cc-west-usa.oss-accelerate.aliyuncs.com\/25f1fed5-4343-423a-b02c-87a784d4b07e.jpg\" alt=\"\"><\/p>","protected":false},"excerpt":{"rendered":"<p>Le maillot de bain Hollow Crochet allie un design chic \u00e0 un confort ultime. Ses d\u00e9tails en crochet et son <a href=\"https:\/\/beacheden.com\/fr\/maillot-de-bain-a-paillettes\/?wmc-currency=EUR\" title=\"Chemisier dos nu \u00e0 paillettes Sexy Slim-fit Concealed Blouse\" target=\"_blank\" rel=\"noopener\"  data-wpil-monitor-id=\"7\">la coupe flatteuse en fait un indispensable de l'\u00e9t\u00e9<\/a>Ce maillot de bain est id\u00e9al pour les journ\u00e9es \u00e0 la plage ou pour se pr\u00e9lasser au bord de la piscine. Am\u00e9liorez votre jeu de maillots de bain d\u00e8s aujourd'hui !<\/p>","protected":false},"featured_media":9179,"comment_status":"open","ping_status":"closed","template":"","meta":[],"product_brand":[],"product_cat":[40],"product_tag":[],"class_list":{"0":"post-9185","1":"product","2":"type-product","3":"status-publish","4":"has-post-thumbnail","6":"product_cat-bikini","8":"first","9":"instock","10":"taxable","11":"shipping-taxable","12":"purchasable","13":"product-type-variable"},"_links":{"self":[{"href":"https:\/\/beacheden.com\/fr\/wp-json\/wp\/v2\/product\/9185","targetHints":{"allow":["GET"]}}],"collection":[{"href":"https:\/\/beacheden.com\/fr\/wp-json\/wp\/v2\/product"}],"about":[{"href":"https:\/\/beacheden.com\/fr\/wp-json\/wp\/v2\/types\/product"}],"replies":[{"embeddable":true,"href":"https:\/\/beacheden.com\/fr\/wp-json\/wp\/v2\/comments?post=9185"}],"wp:featuredmedia":[{"embeddable":true,"href":"https:\/\/beacheden.com\/fr\/wp-json\/wp\/v2\/media\/9179"}],"wp:attachment":[{"href":"https:\/\/beacheden.com\/fr\/wp-json\/wp\/v2\/media?parent=9185"}],"wp:term":[{"taxonomy":"product_brand","embeddable":true,"href":"https:\/\/beacheden.com\/fr\/wp-json\/wp\/v2\/product_brand?post=9185"},{"taxonomy":"product_cat","embeddable":true,"href":"https:\/\/beacheden.com\/fr\/wp-json\/wp\/v2\/product_cat?post=9185"},{"taxonomy":"product_tag","embeddable":true,"href":"https:\/\/beacheden.com\/fr\/wp-json\/wp\/v2\/product_tag?post=9185"}],"curies":[{"name":"wp","href":"https:\/\/api.w.org\/{rel}","templated":true}]}}