{"id":9176,"date":"2023-05-27T03:53:54","date_gmt":"2023-05-27T10:53:54","guid":{"rendered":"https:\/\/beacheden.com\/shop\/uncategorized\/handmade-crochet-dress\/"},"modified":"2025-05-17T12:34:58","modified_gmt":"2025-05-17T19:34:58","slug":"robe-en-crochet-faite-a-la-main","status":"publish","type":"product","link":"https:\/\/beacheden.com\/fr\/robe-en-crochet-faite-a-la-main\/","title":{"rendered":"Robe en crochet faite \u00e0 la main"},"content":{"rendered":"<p>Entrez dans la sophistication avec notre <strong>robe en crochet faite \u00e0 la main <\/strong>Un v\u00e9ritable chef-d'\u0153uvre con\u00e7u pour faire tourner les t\u00eates. Chaque point est r\u00e9alis\u00e9 avec soin, offrant un confort et un style in\u00e9gal\u00e9s.<\/p>\n<p>Cette pi\u00e8ce polyvalente est parfaite pour les sorties d\u00e9contract\u00e9es ou les occasions sp\u00e9ciales, et d\u00e9gage une \u00e9l\u00e9gance intemporelle. Adoptez l'art de la mode artisanale et faites-vous remarquer o\u00f9 que vous alliez. Ajoutez cette robe \u00e0 votre collection d\u00e8s aujourd'hui !<\/p>\n<p>Proc\u00e9d\u00e9 : collage\/\u00e9pissage<\/p>\n<p>Nom du tissu : tricot<\/p>\n<p>Composition du tissu principal : coton<\/p>\n<p>Composition du tissu principal : 71%-80%<\/p>\n<p>Taille :<\/p>\n<p>Taille de l'uniforme, poitrine 60-104cm, longueur du manteau 94cm<\/p>\n<p>&nbsp;<\/p>\n<p><img loading=\"lazy\" decoding=\"async\" class=\"alignnone\" style=\"max-width: 100%;\" src=\"https:\/\/cc-west-usa.oss-accelerate.aliyuncs.com\/3978b017-b1a1-4a7a-825a-272eb7fe4346.jpg\" alt=\"Robe en crochet faite \u00e0 la main\" width=\"800\" height=\"800\" \/><br \/>\n<img decoding=\"async\" style=\"font-size: 14px; max-width: 100%;\" src=\"https:\/\/cc-west-usa.oss-accelerate.aliyuncs.com\/a3c2ae08-6ec3-4855-8507-80986ae411fc.jpg\" alt=\"\"><br \/>\n<img decoding=\"async\" style=\"font-size: 14px; max-width: 100%;\" src=\"https:\/\/cc-west-usa.oss-accelerate.aliyuncs.com\/db2bd8de-92df-4b6d-9989-83a45fc0ea2b.jpg\" alt=\"\"><br \/>\n<img decoding=\"async\" style=\"font-size: 14px; max-width: 100%;\" src=\"https:\/\/cc-west-usa.oss-accelerate.aliyuncs.com\/73546adf-4250-44cd-b996-504e309f2236.jpg\" alt=\"\"><br \/>\n<img decoding=\"async\" style=\"font-size: 14px; max-width: 100%;\" src=\"https:\/\/cc-west-usa.oss-accelerate.aliyuncs.com\/7a367bd0-268c-4dcb-b934-c54742d5b9ad.jpg\" alt=\"\"><br \/>\n<img decoding=\"async\" style=\"font-size: 14px; max-width: 100%;\" src=\"https:\/\/cc-west-usa.oss-accelerate.aliyuncs.com\/9515ccb9-e1fe-48a6-be42-7dcdf0c56432.jpg\" alt=\"\"><\/p>\n<table width=\"927\">\n<tbody>\n<tr>\n<td>Couper<\/td>\n<td><strong>Coffre<\/strong><\/td>\n<td><strong>Epaule<\/strong><\/td>\n<td><strong>Longueur<\/strong><\/td>\n<\/tr>\n<tr>\n<td>Taille unique<\/td>\n<td>106 cm<\/td>\n<td>58 cm<\/td>\n<td>55 cm<\/td>\n<\/tr>\n<\/tbody>\n<\/table>\n<p>1. Les tailles asiatiques sont 1 \u00e0 2 tailles plus petites que les tailles europ\u00e9ennes et am\u00e9ricaines. Choisissez la taille la plus grande si votre taille se situe entre deux tailles. Veuillez tenir compte d'une diff\u00e9rence de 2 \u00e0 3 cm due aux mesures manuelles.<\/p>\n<p>2. Si vous ne savez pas comment choisir votre taille, veuillez contacter notre service client\u00e8le.<\/p>\n<p>3. comme vous le savez, les ordinateurs affichent les couleurs diff\u00e9remment, la couleur de l'article r\u00e9el peut varier l\u00e9g\u00e8rement par rapport aux images suivantes.<\/p>","protected":false},"excerpt":{"rendered":"<p>La robe en crochet faite \u00e0 la main allie l'art et l'\u00e9l\u00e9gance. <a href=\"https:\/\/beacheden.com\/fr\/jupe-en-crochet\/?wmc-currency=EUR\" title=\"Jupe sexy en crochet\" target=\"_blank\" rel=\"noopener\"  data-wpil-monitor-id=\"71\">pi\u00e8ce unique<\/a>. Parfait pour toutes les occasions, c'est un must-have pour les amoureux de la mode intemporelle.<\/p>","protected":false},"featured_media":9170,"comment_status":"open","ping_status":"closed","template":"","meta":[],"product_brand":[],"product_cat":[16],"product_tag":[],"class_list":{"0":"post-9176","1":"product","2":"type-product","3":"status-publish","4":"has-post-thumbnail","6":"product_cat-cover-ups","8":"first","9":"instock","10":"taxable","11":"shipping-taxable","12":"purchasable","13":"product-type-variable"},"_links":{"self":[{"href":"https:\/\/beacheden.com\/fr\/wp-json\/wp\/v2\/product\/9176","targetHints":{"allow":["GET"]}}],"collection":[{"href":"https:\/\/beacheden.com\/fr\/wp-json\/wp\/v2\/product"}],"about":[{"href":"https:\/\/beacheden.com\/fr\/wp-json\/wp\/v2\/types\/product"}],"replies":[{"embeddable":true,"href":"https:\/\/beacheden.com\/fr\/wp-json\/wp\/v2\/comments?post=9176"}],"wp:featuredmedia":[{"embeddable":true,"href":"https:\/\/beacheden.com\/fr\/wp-json\/wp\/v2\/media\/9170"}],"wp:attachment":[{"href":"https:\/\/beacheden.com\/fr\/wp-json\/wp\/v2\/media?parent=9176"}],"wp:term":[{"taxonomy":"product_brand","embeddable":true,"href":"https:\/\/beacheden.com\/fr\/wp-json\/wp\/v2\/product_brand?post=9176"},{"taxonomy":"product_cat","embeddable":true,"href":"https:\/\/beacheden.com\/fr\/wp-json\/wp\/v2\/product_cat?post=9176"},{"taxonomy":"product_tag","embeddable":true,"href":"https:\/\/beacheden.com\/fr\/wp-json\/wp\/v2\/product_tag?post=9176"}],"curies":[{"name":"wp","href":"https:\/\/api.w.org\/{rel}","templated":true}]}}