{"id":9163,"date":"2023-05-27T03:48:16","date_gmt":"2023-05-27T10:48:16","guid":{"rendered":"https:\/\/beacheden.com\/shop\/uncategorized\/sexy-crochet-skirt\/"},"modified":"2025-11-02T10:56:42","modified_gmt":"2025-11-02T18:56:42","slug":"jupe-en-crochet","status":"publish","type":"product","link":"https:\/\/beacheden.com\/fr\/jupe-en-crochet\/","title":{"rendered":"Jupe sexy en crochet"},"content":{"rendered":"<div class=\"chat-assistant markdown-prose w-full min-w-full svelte-kicyhr\" dir=\"auto\">\n<div class=\"\">\n<div id=\"response-content-container\" class=\"relative flex w-full max-w-full flex-col\">\n<div>\n<p>M\u00e9lange parfait d'art et de mode, cette pi\u00e8ce fabriqu\u00e9e \u00e0 la main est une affirmation unique pour toute garde-robe. Fabriqu\u00e9 \u00e0 la main avec des d\u00e9tails complexes, il c\u00e9l\u00e8bre l'artisanat intemporel tout en adoptant un style contemporain. Son tissu respirant assure un confort tout au long de la journ\u00e9e, ce qui le rend id\u00e9al pour les sorties d\u00e9contract\u00e9es ou les occasions sp\u00e9ciales.<\/p>\n<p>Que vous vous habilliez pour un pique-nique estival ou que vous apportiez une touche boho-chic \u00e0 votre look de tous les jours, ce superbe mod\u00e8le rehausse sans effort votre ensemble. Disponible dans une vari\u00e9t\u00e9 de tailles et de couleurs, il est con\u00e7u pour flatter toutes les morphologies. Ne manquez pas de vous l'approprier d\u00e8s aujourd'hui et entrez dans l'\u00e9l\u00e9gance sans effort !<\/p>\n<\/div>\n<\/div>\n<\/div>\n<\/div>\n<p>Taille : Taille libre Couleur : vert, rouge, bleu, rouge rouille<\/p>\n<p>Num\u00e9ro de code : taille unique<\/p>\n<p>Tissu de coton fait \u00e0 la main<br \/>\n<img decoding=\"async\" style=\"font-size: 14px;\" src=\"https:\/\/cc-west-usa.oss-accelerate.aliyuncs.com\/16778016\/1631652409140973568.jpg\" alt=\"\u7edf\u7801\u88e4.JPG\" width=\"790\" height=\"301.1875\" \/><\/p>","protected":false},"excerpt":{"rendered":"<p>Les adeptes de la jupe au crochet se r\u00e9jouissent ! Plongez dans notre superbe gamme de jupes en crochet fabriqu\u00e9es \u00e0 la main, qui allient charme intemporel et \u00e9l\u00e9gance. <a href=\"https:\/\/beacheden.com\/fr\/top-au-crochet-a-la-main\/?wmc-currency=EUR\" title=\"Maillot de bain Asie du Sud-Est Hot Sale Hand Crochet Halter Hollow Ins Wind Beach Blouse Top\" target=\"_blank\" rel=\"noopener\"  data-wpil-monitor-id=\"219\">style moderne<\/a>. Parfaites pour toutes les occasions, ces pi\u00e8ces polyvalentes promettent confort et style. Ajoutez-en une \u00e0 votre panier d\u00e8s aujourd'hui !<\/p>","protected":false},"featured_media":9153,"comment_status":"open","ping_status":"closed","template":"","meta":[],"product_brand":[],"product_cat":[16],"product_tag":[],"class_list":{"0":"post-9163","1":"product","2":"type-product","3":"status-publish","4":"has-post-thumbnail","6":"product_cat-cover-ups","8":"first","9":"instock","10":"taxable","11":"shipping-taxable","12":"purchasable","13":"product-type-variable"},"_links":{"self":[{"href":"https:\/\/beacheden.com\/fr\/wp-json\/wp\/v2\/product\/9163","targetHints":{"allow":["GET"]}}],"collection":[{"href":"https:\/\/beacheden.com\/fr\/wp-json\/wp\/v2\/product"}],"about":[{"href":"https:\/\/beacheden.com\/fr\/wp-json\/wp\/v2\/types\/product"}],"replies":[{"embeddable":true,"href":"https:\/\/beacheden.com\/fr\/wp-json\/wp\/v2\/comments?post=9163"}],"wp:featuredmedia":[{"embeddable":true,"href":"https:\/\/beacheden.com\/fr\/wp-json\/wp\/v2\/media\/9153"}],"wp:attachment":[{"href":"https:\/\/beacheden.com\/fr\/wp-json\/wp\/v2\/media?parent=9163"}],"wp:term":[{"taxonomy":"product_brand","embeddable":true,"href":"https:\/\/beacheden.com\/fr\/wp-json\/wp\/v2\/product_brand?post=9163"},{"taxonomy":"product_cat","embeddable":true,"href":"https:\/\/beacheden.com\/fr\/wp-json\/wp\/v2\/product_cat?post=9163"},{"taxonomy":"product_tag","embeddable":true,"href":"https:\/\/beacheden.com\/fr\/wp-json\/wp\/v2\/product_tag?post=9163"}],"curies":[{"name":"wp","href":"https:\/\/api.w.org\/{rel}","templated":true}]}}