{"id":9143,"date":"2023-05-27T03:45:40","date_gmt":"2023-05-27T10:45:40","guid":{"rendered":"https:\/\/beacheden.com\/shop\/uncategorized\/hot-sale-of-pure-hand-hook-holiday-style-beach-swimsuit\/"},"modified":"2025-04-10T06:56:13","modified_gmt":"2025-04-10T13:56:13","slug":"maillot-de-bain-de-plage-fait-a-la-main","status":"publish","type":"product","link":"https:\/\/beacheden.com\/fr\/maillot-de-bain-de-plage-fait-a-la-main\/","title":{"rendered":"Hot Sale of Pure Hand Hook Holiday Style Beach Swimsuit (Maillot de bain de plage)"},"content":{"rendered":"<p><b>Informations sur le produit :<\/b><\/p>\n<p>taille : taille unique<\/p>\n<p>Type de collier sup\u00e9rieur : autre<\/p>\n<p>Classification des couleurs : vert abricot brod\u00e9 rouge bleu<\/p>\n<p>Num\u00e9ro de mod\u00e8le : 5934<b><\/p>\n<p><\/b><\/p>\n<p><b>Informations sur la taille :<\/b><\/p>\n<p><img decoding=\"async\" style=\"max-width: 100%;\" src=\"https:\/\/cc-west-usa.oss-accelerate.aliyuncs.com\/1621127953107.png\" alt=\"\"><br \/>\n<b><br \/>\n<\/b><\/p>\n<p><b>Remarque :<\/b><\/p>\n<p>1. Les tailles asiatiques sont 1 \u00e0 2 tailles plus petites que les tailles europ\u00e9ennes et am\u00e9ricaines. Choisissez la taille la plus grande si votre taille se situe entre deux tailles. Veuillez tenir compte d'une diff\u00e9rence de 2 \u00e0 3 cm due aux mesures manuelles.<\/p>\n<p>2. Si vous ne savez pas comment choisir votre taille, veuillez contacter notre service client\u00e8le.<\/p>\n<p>3. comme vous le savez, les ordinateurs affichent les couleurs diff\u00e9remment, la couleur de l'article r\u00e9el peut varier l\u00e9g\u00e8rement par rapport aux images suivantes.<\/p>\n<p><b>Liste d'emballage :<\/b><\/p>\n<p>Bikini X1<\/p>\n<p>&nbsp;<\/p>\n<p><img decoding=\"async\" style=\"max-width: 100%;\" src=\"https:\/\/cc-west-usa.oss-accelerate.aliyuncs.com\/1621127973681.png\" alt=\"\"><br \/>\n<img decoding=\"async\" style=\"max-width: 100%;\" src=\"https:\/\/cc-west-usa.oss-accelerate.aliyuncs.com\/1621127973685.png\" alt=\"\"><br \/>\n<img loading=\"lazy\" decoding=\"async\" class=\"alignnone\" style=\"max-width: 100%;\" src=\"https:\/\/cc-west-usa.oss-accelerate.aliyuncs.com\/1621127973656.png\" alt=\"Maillot de bain de plage fait \u00e0 la main\" width=\"419\" height=\"391\" \/><br \/>\n<img decoding=\"async\" style=\"max-width: 100%;\" src=\"https:\/\/cc-west-usa.oss-accelerate.aliyuncs.com\/1621127973689.png\" alt=\"\"><br \/>\n<img decoding=\"async\" style=\"max-width: 100%;\" src=\"https:\/\/cc-west-usa.oss-accelerate.aliyuncs.com\/1621127973699.png\" alt=\"\"><\/p>","protected":false},"excerpt":{"rendered":"<p>Maillot de bain de plage fabriqu\u00e9 \u00e0 la main avec amour et pr\u00e9cision. Il se distingue par son design unique, sa coupe parfaite et ses mat\u00e9riaux respectueux de l'environnement. Id\u00e9al pour les amoureux de la plage qui appr\u00e9cient l'authenticit\u00e9 et l'\u00e9l\u00e9gance.<\/p>","protected":false},"featured_media":9137,"comment_status":"open","ping_status":"closed","template":"","meta":[],"product_brand":[],"product_cat":[40],"product_tag":[],"class_list":{"0":"post-9143","1":"product","2":"type-product","3":"status-publish","4":"has-post-thumbnail","6":"product_cat-bikini","8":"first","9":"instock","10":"taxable","11":"shipping-taxable","12":"purchasable","13":"product-type-variable"},"_links":{"self":[{"href":"https:\/\/beacheden.com\/fr\/wp-json\/wp\/v2\/product\/9143","targetHints":{"allow":["GET"]}}],"collection":[{"href":"https:\/\/beacheden.com\/fr\/wp-json\/wp\/v2\/product"}],"about":[{"href":"https:\/\/beacheden.com\/fr\/wp-json\/wp\/v2\/types\/product"}],"replies":[{"embeddable":true,"href":"https:\/\/beacheden.com\/fr\/wp-json\/wp\/v2\/comments?post=9143"}],"wp:featuredmedia":[{"embeddable":true,"href":"https:\/\/beacheden.com\/fr\/wp-json\/wp\/v2\/media\/9137"}],"wp:attachment":[{"href":"https:\/\/beacheden.com\/fr\/wp-json\/wp\/v2\/media?parent=9143"}],"wp:term":[{"taxonomy":"product_brand","embeddable":true,"href":"https:\/\/beacheden.com\/fr\/wp-json\/wp\/v2\/product_brand?post=9143"},{"taxonomy":"product_cat","embeddable":true,"href":"https:\/\/beacheden.com\/fr\/wp-json\/wp\/v2\/product_cat?post=9143"},{"taxonomy":"product_tag","embeddable":true,"href":"https:\/\/beacheden.com\/fr\/wp-json\/wp\/v2\/product_tag?post=9143"}],"curies":[{"name":"wp","href":"https:\/\/api.w.org\/{rel}","templated":true}]}}