{"id":9073,"date":"2023-05-27T03:24:38","date_gmt":"2023-05-27T10:24:38","guid":{"rendered":"https:\/\/beacheden.com\/shop\/uncategorized\/sexy-split-rope-bikini\/"},"modified":"2025-11-02T12:03:09","modified_gmt":"2025-11-02T20:03:09","slug":"bikini-sexy-en-corde-fendue","status":"publish","type":"product","link":"https:\/\/beacheden.com\/fr\/bikini-sexy-en-corde-fendue\/","title":{"rendered":"Bikini sexy en corde fendue"},"content":{"rendered":"<p>Nom du tissu : Nylon<\/p>\n<p>Composition du tissu : Nylon<\/p>\n<p>Contenu de la composition du tissu : 85% (%)<\/p>\n<p>Doublure : polyester<\/p>\n<p>Composition de la doublure : fibre de polyester (polyester)<\/p>\n<p>Teneur en ingr\u00e9dients de la doublure : 85% (%)<\/p>\n<p>&nbsp;<\/p>\n<p>1. Les tailles asiatiques sont 1 \u00e0 2 tailles plus petites que les tailles europ\u00e9ennes et am\u00e9ricaines. Choisissez la taille la plus grande si votre taille se situe entre deux tailles. Veuillez tenir compte d'une diff\u00e9rence de 2 \u00e0 3 cm due aux mesures manuelles.<\/p>\n<p>2. Si vous ne savez pas comment choisir votre taille, veuillez contacter notre service client\u00e8le.<\/p>\n<p>3. comme vous le savez, les ordinateurs affichent les couleurs diff\u00e9remment, la couleur de l'article r\u00e9el peut varier l\u00e9g\u00e8rement par rapport aux images suivantes.<\/p>\n<p>&nbsp;<\/p>","protected":false},"excerpt":{"rendered":"<p>Le bikini Sexy Split Rope associe un design audacieux au confort pour un look sensationnel. Parfaitement con\u00e7u pour mettre en valeur vos courbes, ce bikini est le choix id\u00e9al pour avoir confiance en soi et avoir du style au bord de l'eau. Adoptez le luxe !<\/p>","protected":false},"featured_media":9067,"comment_status":"open","ping_status":"closed","template":"","meta":[],"product_brand":[],"product_cat":[40],"product_tag":[],"class_list":{"0":"post-9073","1":"product","2":"type-product","3":"status-publish","4":"has-post-thumbnail","6":"product_cat-bikini","8":"first","9":"instock","10":"taxable","11":"shipping-taxable","12":"purchasable","13":"product-type-variable"},"_links":{"self":[{"href":"https:\/\/beacheden.com\/fr\/wp-json\/wp\/v2\/product\/9073","targetHints":{"allow":["GET"]}}],"collection":[{"href":"https:\/\/beacheden.com\/fr\/wp-json\/wp\/v2\/product"}],"about":[{"href":"https:\/\/beacheden.com\/fr\/wp-json\/wp\/v2\/types\/product"}],"replies":[{"embeddable":true,"href":"https:\/\/beacheden.com\/fr\/wp-json\/wp\/v2\/comments?post=9073"}],"wp:featuredmedia":[{"embeddable":true,"href":"https:\/\/beacheden.com\/fr\/wp-json\/wp\/v2\/media\/9067"}],"wp:attachment":[{"href":"https:\/\/beacheden.com\/fr\/wp-json\/wp\/v2\/media?parent=9073"}],"wp:term":[{"taxonomy":"product_brand","embeddable":true,"href":"https:\/\/beacheden.com\/fr\/wp-json\/wp\/v2\/product_brand?post=9073"},{"taxonomy":"product_cat","embeddable":true,"href":"https:\/\/beacheden.com\/fr\/wp-json\/wp\/v2\/product_cat?post=9073"},{"taxonomy":"product_tag","embeddable":true,"href":"https:\/\/beacheden.com\/fr\/wp-json\/wp\/v2\/product_tag?post=9073"}],"curies":[{"name":"wp","href":"https:\/\/api.w.org\/{rel}","templated":true}]}}