{"id":9024,"date":"2023-05-27T03:22:15","date_gmt":"2023-05-27T10:22:15","guid":{"rendered":"https:\/\/beacheden.com\/shop\/uncategorized\/womens-fashion-split-swimsuit-bikini\/"},"modified":"2025-04-07T09:58:12","modified_gmt":"2025-04-07T16:58:12","slug":"maillot-de-bain-fendu-bikini","status":"publish","type":"product","link":"https:\/\/beacheden.com\/fr\/maillot-de-bain-fendu-bikini\/","title":{"rendered":"Bikini fendu \u00e0 la mode pour femmes"},"content":{"rendered":"<p>Le bikini fendu change la donne pour celles qui recherchent \u00e0 la fois le style et la fonctionnalit\u00e9. Con\u00e7ue avec une touche de modernit\u00e9, cette pi\u00e8ce unique allie la couverture \u00e9l\u00e9gante d'un maillot de bain au charme coquet d'un bikini. Ses d\u00e9coupes strat\u00e9giques cr\u00e9ent une silhouette \u00e9tonnante, accentuant vos courbes tout en offrant une coupe confortable et s\u00fbre.<\/p>\n<p>Parfait pour les journ\u00e9es \u00e0 la plage, les f\u00eates au bord de la piscine ou les escapades tropicales, cette <a href=\"https:\/\/beacheden.com\/fr\/maillot-de-bain-creux-en-crochet\/?wmc-currency=EUR\" title=\"Hollow Crochet Tassel Strap Top Split Swimsuit\" target=\"_blank\" rel=\"noopener\"  data-wpil-monitor-id=\"66\">maillot de bain fendu bikini<\/a> vous permet de vous d\u00e9marquer en toute confiance. Fabriqu\u00e9 dans un tissu de haute qualit\u00e9 \u00e0 s\u00e9chage rapide, il est aussi pratique qu'\u00e9l\u00e9gant. Profitez du meilleur des deux mondes avec ce compl\u00e9ment indispensable \u00e0 votre collection de maillots de bain !<\/p>\n<p><b>Informations sur le produit :<\/b><\/p>\n<p>Sexe applicable : Femme<\/p>\n<p>Nom du tissu : Polyester<\/p>\n<p>Couleur : noir, rayures noires et blanches, rose, bleu, blanc, orange, vert fluorescent<\/p>\n<p>Cat\u00e9gorie : Bikini<\/p>\n<p><b>Informations sur la taille :<\/b><\/p>\n<p>Taille : S M L<\/p>\n<p><img decoding=\"async\" style=\"max-width: 100%;\" src=\"https:\/\/cc-west-usa.oss-accelerate.aliyuncs.com\/e909fe20-0add-46ec-8911-5dcb27cbf93e.png\" alt=\"\"><\/p>\n<p>&nbsp;<\/p>\n<p><b>Note\uff1a<\/b><\/p>\n<p>1. Les tailles asiatiques sont 1 \u00e0 2 tailles plus petites que les tailles europ\u00e9ennes et am\u00e9ricaines. Choisissez la taille la plus grande si votre taille se situe entre deux tailles. Veuillez tenir compte d'une diff\u00e9rence de 2 \u00e0 3 cm due aux mesures manuelles.<\/p>\n<p>2. Si vous ne savez pas comment choisir votre taille, veuillez contacter notre service client\u00e8le.<\/p>\n<p>3. comme vous le savez, les ordinateurs affichent les couleurs diff\u00e9remment, la couleur de l'article r\u00e9el peut varier l\u00e9g\u00e8rement par rapport aux images suivantes.<\/p>\n<p>&nbsp;<\/p>\n<p>&nbsp;<\/p>\n<p><b style=\"font-size: 1em;\">Liste d'emballage :<\/b><\/p>\n<p><span style=\"font-size: 1em;\">Soutien-gorge*1 Culotte*1<\/span><\/p>\n<p>&nbsp;<\/p>\n<p>&nbsp;<\/p>\n<p><img decoding=\"async\" style=\"max-width: 100%;\" src=\"https:\/\/cc-west-usa.oss-accelerate.aliyuncs.com\/080e14b2-eb3c-47f7-bb41-0c523bdebbcf.jpg\" alt=\"\"><br \/>\n<img loading=\"lazy\" decoding=\"async\" class=\"alignnone\" style=\"max-width: 100%;\" src=\"https:\/\/cc-west-usa.oss-accelerate.aliyuncs.com\/98a5519a-18d2-48be-8d53-04b46046fcdd.jpg\" alt=\"Bikini fendu\" width=\"1284\" height=\"1704\" \/><br \/>\n<img decoding=\"async\" style=\"max-width: 100%;\" src=\"https:\/\/cc-west-usa.oss-accelerate.aliyuncs.com\/7d5a4191-05ed-4349-aec9-0e5f1df4f24b.jpg\" alt=\"\"><br \/>\n<img decoding=\"async\" style=\"max-width: 100%;\" src=\"https:\/\/cc-west-usa.oss-accelerate.aliyuncs.com\/237d7c65-2a68-4347-9417-f65c2d0bce28.jpg\" alt=\"\"><br \/>\n<img decoding=\"async\" style=\"max-width: 100%;\" src=\"https:\/\/cc-west-usa.oss-accelerate.aliyuncs.com\/5ca87879-b06e-4f9d-afc9-a58253fe30bd.jpg\" alt=\"\"><br \/>\n<img decoding=\"async\" style=\"max-width: 100%;\" src=\"https:\/\/cc-west-usa.oss-accelerate.aliyuncs.com\/ecac63c0-d9ac-4a32-bf9e-00b6c5e33bc5.jpg\" alt=\"\"><br \/>\n<img decoding=\"async\" style=\"max-width: 100%;\" src=\"https:\/\/cc-west-usa.oss-accelerate.aliyuncs.com\/41ea1a97-b018-4a2b-b266-5e1a3a893311.jpg\" alt=\"\"><br \/>\n<img decoding=\"async\" style=\"max-width: 100%;\" src=\"https:\/\/cc-west-usa.oss-accelerate.aliyuncs.com\/4bd56207-b4a3-46e1-9cf6-2adcdf4db4a5.jpg\" alt=\"\"><br \/>\n<img decoding=\"async\" style=\"max-width: 100%;\" src=\"https:\/\/cc-west-usa.oss-accelerate.aliyuncs.com\/608f90d0-a4f7-4a2d-9801-b0c8310a26ca.jpg\" alt=\"\"><\/p>","protected":false},"excerpt":{"rendered":"<p>Maillot de bain fendu con\u00e7u pour le style et le confort. Se d\u00e9marquer avec une coupe unique qui flatte toutes les morphologies tout en offrant une ambiance chic et moderne, parfaite pour tous les jours de plage.<\/p>","protected":false},"featured_media":9014,"comment_status":"open","ping_status":"closed","template":"","meta":[],"product_brand":[],"product_cat":[39],"product_tag":[],"class_list":{"0":"post-9024","1":"product","2":"type-product","3":"status-publish","4":"has-post-thumbnail","6":"product_cat-swimsuit","8":"first","9":"instock","10":"sale","11":"taxable","12":"shipping-taxable","13":"purchasable","14":"product-type-variable"},"_links":{"self":[{"href":"https:\/\/beacheden.com\/fr\/wp-json\/wp\/v2\/product\/9024","targetHints":{"allow":["GET"]}}],"collection":[{"href":"https:\/\/beacheden.com\/fr\/wp-json\/wp\/v2\/product"}],"about":[{"href":"https:\/\/beacheden.com\/fr\/wp-json\/wp\/v2\/types\/product"}],"replies":[{"embeddable":true,"href":"https:\/\/beacheden.com\/fr\/wp-json\/wp\/v2\/comments?post=9024"}],"wp:featuredmedia":[{"embeddable":true,"href":"https:\/\/beacheden.com\/fr\/wp-json\/wp\/v2\/media\/9014"}],"wp:attachment":[{"href":"https:\/\/beacheden.com\/fr\/wp-json\/wp\/v2\/media?parent=9024"}],"wp:term":[{"taxonomy":"product_brand","embeddable":true,"href":"https:\/\/beacheden.com\/fr\/wp-json\/wp\/v2\/product_brand?post=9024"},{"taxonomy":"product_cat","embeddable":true,"href":"https:\/\/beacheden.com\/fr\/wp-json\/wp\/v2\/product_cat?post=9024"},{"taxonomy":"product_tag","embeddable":true,"href":"https:\/\/beacheden.com\/fr\/wp-json\/wp\/v2\/product_tag?post=9024"}],"curies":[{"name":"wp","href":"https:\/\/api.w.org\/{rel}","templated":true}]}}