{"id":8965,"date":"2023-05-27T03:16:15","date_gmt":"2023-05-27T10:16:15","guid":{"rendered":"https:\/\/beacheden.com\/shop\/uncategorized\/sexy-mesh-bikini\/"},"modified":"2025-04-07T10:09:11","modified_gmt":"2025-04-07T17:09:11","slug":"bikini-sexy-en-maille","status":"publish","type":"product","link":"https:\/\/beacheden.com\/fr\/bikini-sexy-en-maille\/","title":{"rendered":"Bikini sexy en maille"},"content":{"rendered":"<p>Nom du tissu : Nylon<\/p>\n<p>Composition du tissu : nylon\/nylon<\/p>\n<p>Contenu de la composition du tissu : 82 (%)<\/p>\n<p>&nbsp;<\/p>\n<p><img decoding=\"async\" style=\"max-width: 100%;\" src=\"https:\/\/cc-west-usa.oss-accelerate.aliyuncs.com\/311f8ee6-bdc5-468a-a50c-ded249fdd03f.png\" alt=\"\"><\/p>\n<p>1. Les tailles asiatiques sont 1 \u00e0 2 tailles plus petites que les tailles europ\u00e9ennes et am\u00e9ricaines. Choisissez la taille la plus grande si votre taille se situe entre deux tailles. Veuillez tenir compte d'une diff\u00e9rence de 2 \u00e0 3 cm due aux mesures manuelles.<\/p>\n<p>2. Si vous ne savez pas comment choisir votre taille, veuillez contacter notre service client\u00e8le.<\/p>\n<p>3. comme vous le savez, les ordinateurs affichent les couleurs diff\u00e9remment, la couleur de l'article r\u00e9el peut varier l\u00e9g\u00e8rement par rapport aux images suivantes.<\/p>\n<p><img loading=\"lazy\" decoding=\"async\" class=\"alignnone\" style=\"font-size: 14px; max-width: 100%;\" src=\"https:\/\/cc-west-usa.oss-accelerate.aliyuncs.com\/a8be56b5-645e-4d01-8315-f6a50a8c7181.jpg\" alt=\"Bikini en maille\" width=\"800\" height=\"800\" \/><br \/>\n<img decoding=\"async\" style=\"font-size: 14px; max-width: 100%;\" src=\"https:\/\/cc-west-usa.oss-accelerate.aliyuncs.com\/a5078b0d-1b33-484e-88ba-ed50e5b5dc22.jpg\" alt=\"\"><br \/>\n<img decoding=\"async\" style=\"font-size: 14px; max-width: 100%;\" src=\"https:\/\/cc-west-usa.oss-accelerate.aliyuncs.com\/bcff92df-d5fa-407a-bcfd-800395081769.jpg\" alt=\"\"><br \/>\n<img decoding=\"async\" style=\"font-size: 14px; max-width: 100%;\" src=\"https:\/\/cc-west-usa.oss-accelerate.aliyuncs.com\/6f1d19ee-bfb1-4b61-8f7a-1c08a2ddf657.jpg\" alt=\"\"><br \/>\n<img decoding=\"async\" style=\"font-size: 14px; max-width: 100%;\" src=\"https:\/\/cc-west-usa.oss-accelerate.aliyuncs.com\/56caa686-fb85-4565-8526-6defd868fee0.jpg\" alt=\"\"><br \/>\n<img decoding=\"async\" style=\"font-size: 14px; max-width: 100%;\" src=\"https:\/\/cc-west-usa.oss-accelerate.aliyuncs.com\/3f5cb24d-ff48-426a-a22d-83a649891716.jpg\" alt=\"\"><br \/>\n<img decoding=\"async\" style=\"font-size: 14px; max-width: 100%;\" src=\"https:\/\/cc-west-usa.oss-accelerate.aliyuncs.com\/f1578b96-9a57-49f0-ac4a-bdd7eaeab2d2.jpg\" alt=\"\"><br \/>\n<img decoding=\"async\" style=\"font-size: 14px; max-width: 100%;\" src=\"https:\/\/cc-west-usa.oss-accelerate.aliyuncs.com\/3c5da588-4c64-4334-b503-32bd3f4ac4d9.jpg\" alt=\"\"><br \/>\n<img decoding=\"async\" style=\"font-size: 14px; max-width: 100%;\" src=\"https:\/\/cc-west-usa.oss-accelerate.aliyuncs.com\/b58527f4-ab99-4599-a597-c182fe2ecae8.jpg\" alt=\"\"><\/p>","protected":false},"excerpt":{"rendered":"<p>Bikini en maille con\u00e7u pour la confiance et le style. D\u00e9marquez-vous avec cette pi\u00e8ce audacieuse et \u00e0 la mode qui allie confort et allure. Parfait pour les jours de plage ou les f\u00eates au bord de la piscine. Acheter en ligne !<\/p>","protected":false},"featured_media":8956,"comment_status":"open","ping_status":"closed","template":"","meta":[],"product_brand":[],"product_cat":[39],"product_tag":[],"class_list":{"0":"post-8965","1":"product","2":"type-product","3":"status-publish","4":"has-post-thumbnail","6":"product_cat-swimsuit","8":"first","9":"instock","10":"sale","11":"taxable","12":"shipping-taxable","13":"purchasable","14":"product-type-variable"},"_links":{"self":[{"href":"https:\/\/beacheden.com\/fr\/wp-json\/wp\/v2\/product\/8965","targetHints":{"allow":["GET"]}}],"collection":[{"href":"https:\/\/beacheden.com\/fr\/wp-json\/wp\/v2\/product"}],"about":[{"href":"https:\/\/beacheden.com\/fr\/wp-json\/wp\/v2\/types\/product"}],"replies":[{"embeddable":true,"href":"https:\/\/beacheden.com\/fr\/wp-json\/wp\/v2\/comments?post=8965"}],"wp:featuredmedia":[{"embeddable":true,"href":"https:\/\/beacheden.com\/fr\/wp-json\/wp\/v2\/media\/8956"}],"wp:attachment":[{"href":"https:\/\/beacheden.com\/fr\/wp-json\/wp\/v2\/media?parent=8965"}],"wp:term":[{"taxonomy":"product_brand","embeddable":true,"href":"https:\/\/beacheden.com\/fr\/wp-json\/wp\/v2\/product_brand?post=8965"},{"taxonomy":"product_cat","embeddable":true,"href":"https:\/\/beacheden.com\/fr\/wp-json\/wp\/v2\/product_cat?post=8965"},{"taxonomy":"product_tag","embeddable":true,"href":"https:\/\/beacheden.com\/fr\/wp-json\/wp\/v2\/product_tag?post=8965"}],"curies":[{"name":"wp","href":"https:\/\/api.w.org\/{rel}","templated":true}]}}