{"id":8861,"date":"2023-05-22T11:29:22","date_gmt":"2023-05-22T18:29:22","guid":{"rendered":"https:\/\/beacheden.com\/shop\/uncategorized\/hand-woven-beach-hollow-tassel-split-swimsuit-set-factory-direct-sales\/"},"modified":"2025-07-21T14:01:15","modified_gmt":"2025-07-21T21:01:15","slug":"maillot-de-bain-tisse-a-la-main","status":"publish","type":"product","link":"https:\/\/beacheden.com\/fr\/maillot-de-bain-tisse-a-la-main\/","title":{"rendered":"Ensemble de maillot de bain fendu \u00e0 glands, tiss\u00e9 \u00e0 la main pour la plage Ventes directes \u00e0 l'usine"},"content":{"rendered":"<p>Le maillot de bain tiss\u00e9 \u00e0 la main est un v\u00e9ritable t\u00e9moignage de l'art et de la sophistication, con\u00e7u pour la femme moderne qui valorise l'individualit\u00e9. Chaque pi\u00e8ce est m\u00e9ticuleusement fabriqu\u00e9e \u00e0 la main avec des mat\u00e9riaux de premi\u00e8re qualit\u00e9, garantissant un confort in\u00e9gal\u00e9 et une coupe impeccable. Son motif de tissage unique met en valeur votre silhouette et ajoute une touche de charme boh\u00e8me \u00e0 votre collection de v\u00eatements de plage.<\/p>\n<p>Que vous vous pr\u00e9lassiez au bord de la piscine ou que vous preniez le soleil sur les rivages sablonneux, cette <a href=\"https:\/\/beacheden.com\/fr\/bikini-creux\/?wmc-currency=EUR\" title=\"Bikini de plage creux Bikini fendu Maillot de bain fille\" target=\"_blank\" rel=\"noopener\"  data-wpil-monitor-id=\"209\">Le maillot de bain promet d'\u00eatre audacieux<\/a>. Adoptez le luxe, adoptez le style - choisissez le maillot de bain tiss\u00e9 \u00e0 la main et red\u00e9finissez votre garde-robe d'\u00e9t\u00e9 d\u00e8s aujourd'hui.<\/p>\n<p><b>Informations sur le produit :<\/b><\/p>\n<p>Nom du tissu : m\u00e9lange de coton<\/p>\n<p>Sc\u00e9narios applicables : \u00e9quipement de divertissement en plein air, sports de natation et de pataugeage<\/p>\n<p>Taille : S, M, L<\/p>\n<p>Sexe applicable : F\u00e9minin<\/p>\n<p>\u00c2ge applicable : Adulte<\/p>\n<p>Composition de la doublure : Coton<\/p>\n<p>Teneur en composants de la doublure : 100<\/p>\n<p>Composition du tissu : Spandex<\/p>\n<p>Style : slip, bikini, boxer, bikini triangle, bikini jupe, maillot de bain fendu, maillot de bain surf d\u00e9contract\u00e9<\/p>\n<p>Style de motif : couleur unie, sexy, dos nu, europ\u00e9en et am\u00e9ricain<\/p>\n<p>Nom de la doublure : Coton<\/p>\n<p><b>Taille :<\/b><\/p>\n<p><img decoding=\"async\" src=\"https:\/\/cc-west-usa.oss-accelerate.aliyuncs.com\/85195e5c-32de-41b9-bf77-90cfad0ef4b6.png?x-oss-process=image\/quality,q_100\" alt=\"\"><\/p>\n<p><b>Liste d'emballage : <\/b><\/p>\n<p>1 * soutien-gorge, 1 * short<br \/>\n<b>Image du produit :<\/b><\/p>\n<p><img loading=\"lazy\" decoding=\"async\" class=\"alignnone\" src=\"https:\/\/cc-west-usa.oss-accelerate.aliyuncs.com\/quick\/product\/ce402c5e-ee10-436f-bccb-a75711d08f85.jpg\" alt=\"Maillot de bain tiss\u00e9 \u00e0 la main\" width=\"800\" height=\"800\" \/><br \/>\n<img decoding=\"async\" src=\"https:\/\/cc-west-usa.oss-accelerate.aliyuncs.com\/quick\/product\/d7a182cf-4f80-4b45-99c3-ed8f17defc25.jpg\" alt=\"\"><br \/>\n<img decoding=\"async\" src=\"https:\/\/cc-west-usa.oss-accelerate.aliyuncs.com\/quick\/product\/de94d5e7-73d0-4d6a-8ae6-27e177075b61.jpg\" alt=\"\"><br \/>\n<img decoding=\"async\" src=\"https:\/\/cc-west-usa.oss-accelerate.aliyuncs.com\/quick\/product\/29c4291a-5d88-4b5c-a676-a91c0e161a2f.jpg\" alt=\"\"><br \/>\n<img decoding=\"async\" src=\"https:\/\/cc-west-usa.oss-accelerate.aliyuncs.com\/quick\/product\/dc13f00d-e3ee-4654-ab56-4a1414935a16.jpg\" alt=\"\"><br \/>\n<img decoding=\"async\" src=\"https:\/\/cc-west-usa.oss-accelerate.aliyuncs.com\/quick\/product\/7b50529f-ae61-426a-9357-7332c6538d83.jpg\" alt=\"\"><br \/>\n<img decoding=\"async\" src=\"https:\/\/cc-west-usa.oss-accelerate.aliyuncs.com\/quick\/product\/3430e6b2-3d4a-47c2-9a92-e5fb3561d991.jpg\" alt=\"\"><\/p>","protected":false},"excerpt":{"rendered":"<p>Le maillot de bain tiss\u00e9 \u00e0 la main offre une \u00e9l\u00e9gance in\u00e9gal\u00e9e et un savoir-faire artisanal. Con\u00e7u pour les femmes soucieuses de leur style, il allie le luxe, la durabilit\u00e9 et l'\u00e9l\u00e9gance. <a href=\"https:\/\/beacheden.com\/fr\/vetements-de-plage-grande-taille\/?wmc-currency=EUR\" title=\"Chemisier de bikini de plage irr\u00e9gulier en crochet avec patchwork pour femmes de taille sup\u00e9rieure\" target=\"_blank\" rel=\"noopener\"  data-wpil-monitor-id=\"64\">un ajustement parfait pour toutes les plages<\/a> journ\u00e9e inoubliable.<\/p>","protected":false},"featured_media":8851,"comment_status":"open","ping_status":"closed","template":"","meta":[],"product_brand":[],"product_cat":[40],"product_tag":[],"class_list":{"0":"post-8861","1":"product","2":"type-product","3":"status-publish","4":"has-post-thumbnail","6":"product_cat-bikini","8":"first","9":"instock","10":"taxable","11":"shipping-taxable","12":"purchasable","13":"product-type-variable"},"_links":{"self":[{"href":"https:\/\/beacheden.com\/fr\/wp-json\/wp\/v2\/product\/8861","targetHints":{"allow":["GET"]}}],"collection":[{"href":"https:\/\/beacheden.com\/fr\/wp-json\/wp\/v2\/product"}],"about":[{"href":"https:\/\/beacheden.com\/fr\/wp-json\/wp\/v2\/types\/product"}],"replies":[{"embeddable":true,"href":"https:\/\/beacheden.com\/fr\/wp-json\/wp\/v2\/comments?post=8861"}],"wp:featuredmedia":[{"embeddable":true,"href":"https:\/\/beacheden.com\/fr\/wp-json\/wp\/v2\/media\/8851"}],"wp:attachment":[{"href":"https:\/\/beacheden.com\/fr\/wp-json\/wp\/v2\/media?parent=8861"}],"wp:term":[{"taxonomy":"product_brand","embeddable":true,"href":"https:\/\/beacheden.com\/fr\/wp-json\/wp\/v2\/product_brand?post=8861"},{"taxonomy":"product_cat","embeddable":true,"href":"https:\/\/beacheden.com\/fr\/wp-json\/wp\/v2\/product_cat?post=8861"},{"taxonomy":"product_tag","embeddable":true,"href":"https:\/\/beacheden.com\/fr\/wp-json\/wp\/v2\/product_tag?post=8861"}],"curies":[{"name":"wp","href":"https:\/\/api.w.org\/{rel}","templated":true}]}}