{"id":8749,"date":"2023-05-22T11:13:18","date_gmt":"2023-05-22T18:13:18","guid":{"rendered":"https:\/\/beacheden.com\/shop\/uncategorized\/handmade-crochet-bikini-suit-swimsuit-tassel\/"},"modified":"2025-11-01T13:31:37","modified_gmt":"2025-11-01T20:31:37","slug":"maillot-de-bain-en-crochet-fait-a-la-main-avec-des-pompons","status":"publish","type":"product","link":"https:\/\/beacheden.com\/fr\/maillot-de-bain-en-crochet-fait-a-la-main-avec-des-pompons\/","title":{"rendered":"Maillot de bain en crochet fait \u00e0 la main Tassel"},"content":{"rendered":"<p>Am\u00e9liorez votre tenue de plage gr\u00e2ce \u00e0 notre <strong>Maillot de bain en crochet fait \u00e0 la main avec des pompons <\/strong>Chaque pi\u00e8ce est m\u00e9ticuleusement fabriqu\u00e9e \u00e0 la main et pr\u00e9sente un crochet complexe qui d\u00e9gage des vibrations boho-chic. Les houppes ludiques ajoutent une touche d'amusement et de mouvement, ce qui le rend parfait pour les journ\u00e9es ensoleill\u00e9es au bord de la mer ou pour se pr\u00e9lasser au bord de la piscine.<\/p>\n<p>Con\u00e7ue dans un souci de style et de confort, cette <a href=\"https:\/\/beacheden.com\/fr\/bikini-torsade-avec-couleurs-unies\/?wmc-currency=EUR\" title=\"New Foreign Trade Swimsuit Bikini une pi\u00e8ce en nylon de couleur unie avec pochette torsad\u00e9e pour femmes\" target=\"_blank\" rel=\"noopener\"  data-wpil-monitor-id=\"154\">Le maillot de bain offre une coupe flatteuse<\/a> qui c\u00e9l\u00e8bre votre individualit\u00e9. Que vous courriez apr\u00e8s les vagues ou que vous sirotiez des cocktails sous un parasol, ce maillot de bain unique fait en sorte que tous les regards se tournent vers vous. Adoptez l'esprit insouciant de l'\u00e9t\u00e9, car vous m\u00e9ritez de vous sentir fabuleuse !<\/p>\n<p><b>Informations sur le produit :<\/b><\/p>\n<p>Tra\u00een\u00e9e ou non avec de l'acier : avec coussinet thoracique sans support en acier<\/p>\n<p>Nom du tissu : coton<\/p>\n<p>Domaine d'application : natation et pataugeage<\/p>\n<p>Couleur : Arc-en-ciel<\/p>\n<p><b>Informations sur la taille :<\/b><\/p>\n<p>Taille : S, M, L, XL, XXL<\/p>\n<p><b>Liste d'emballage :<\/b><\/p>\n<p>Maillot de bain*1<\/p>\n<p>&nbsp;<\/p>\n<p><img loading=\"lazy\" decoding=\"async\" class=\"alignnone\" style=\"max-width: 100%;\" src=\"https:\/\/cc-west-usa.oss-accelerate.aliyuncs.com\/3bd9bfe4-48a4-42a0-9834-7eae9158a6de.jpg\" alt=\"Maillot de bain en crochet fait \u00e0 la main avec des pompons\" width=\"800\" height=\"800\" \/><br \/>\n<img decoding=\"async\" style=\"max-width: 100%;\" src=\"https:\/\/cc-west-usa.oss-accelerate.aliyuncs.com\/615ba83c-ca6f-473c-ae91-8b5fe8310cb8.jpg\" alt=\"\"><br \/>\n<img decoding=\"async\" style=\"max-width: 100%;\" src=\"https:\/\/cc-west-usa.oss-accelerate.aliyuncs.com\/e950f3e0-623f-4e5e-8781-1519db63aca1.jpg\" alt=\"\"><br \/>\n<img decoding=\"async\" style=\"max-width: 100%;\" src=\"https:\/\/cc-west-usa.oss-accelerate.aliyuncs.com\/f22cee39-e2f5-4264-a500-6609cedf0f68.jpg\" alt=\"\"><br \/>\n<img decoding=\"async\" style=\"max-width: 100%;\" src=\"https:\/\/cc-west-usa.oss-accelerate.aliyuncs.com\/961bc61b-207e-41a7-880b-0015335a2a5b.jpg\" alt=\"\"><\/p>","protected":false},"excerpt":{"rendered":"<p>Le maillot de bain en crochet fait \u00e0 la main et orn\u00e9 de pompons est un \u00e9l\u00e9ment indispensable de votre garde-robe. Exquis\u00e9ment con\u00e7u pour une coupe parfaite, il associe un style boho-chic \u00e0 des d\u00e9tails ludiques en forme de pompons. Id\u00e9al pour les sorties \u00e0 la plage ou les f\u00eates au bord de la piscine, ce maillot de bain se distingue par son style audacieux.<\/p>","protected":false},"featured_media":8744,"comment_status":"open","ping_status":"closed","template":"","meta":[],"product_brand":[],"product_cat":[40],"product_tag":[],"class_list":{"0":"post-8749","1":"product","2":"type-product","3":"status-publish","4":"has-post-thumbnail","6":"product_cat-bikini","8":"first","9":"instock","10":"taxable","11":"shipping-taxable","12":"purchasable","13":"product-type-variable"},"_links":{"self":[{"href":"https:\/\/beacheden.com\/fr\/wp-json\/wp\/v2\/product\/8749","targetHints":{"allow":["GET"]}}],"collection":[{"href":"https:\/\/beacheden.com\/fr\/wp-json\/wp\/v2\/product"}],"about":[{"href":"https:\/\/beacheden.com\/fr\/wp-json\/wp\/v2\/types\/product"}],"replies":[{"embeddable":true,"href":"https:\/\/beacheden.com\/fr\/wp-json\/wp\/v2\/comments?post=8749"}],"wp:featuredmedia":[{"embeddable":true,"href":"https:\/\/beacheden.com\/fr\/wp-json\/wp\/v2\/media\/8744"}],"wp:attachment":[{"href":"https:\/\/beacheden.com\/fr\/wp-json\/wp\/v2\/media?parent=8749"}],"wp:term":[{"taxonomy":"product_brand","embeddable":true,"href":"https:\/\/beacheden.com\/fr\/wp-json\/wp\/v2\/product_brand?post=8749"},{"taxonomy":"product_cat","embeddable":true,"href":"https:\/\/beacheden.com\/fr\/wp-json\/wp\/v2\/product_cat?post=8749"},{"taxonomy":"product_tag","embeddable":true,"href":"https:\/\/beacheden.com\/fr\/wp-json\/wp\/v2\/product_tag?post=8749"}],"curies":[{"name":"wp","href":"https:\/\/api.w.org\/{rel}","templated":true}]}}