{"id":8713,"date":"2023-05-22T11:08:35","date_gmt":"2023-05-22T18:08:35","guid":{"rendered":"https:\/\/beacheden.com\/shop\/uncategorized\/handmade-crochet-beach-bikini-women-swimsuit\/"},"modified":"2025-04-10T11:00:09","modified_gmt":"2025-04-10T18:00:09","slug":"bikini-en-crochet-fait-main-2","status":"publish","type":"product","link":"https:\/\/beacheden.com\/fr\/bikini-en-crochet-fait-main-2\/","title":{"rendered":"Bikini de plage en crochet fait \u00e0 la main Maillot de bain pour femme"},"content":{"rendered":"<p><b>Informations sur le produit :<\/b><\/p>\n<p>Style de motif : couleur unie, sexy, r\u00e9tro \u00e0 pois, Europe et Am\u00e9rique<\/p>\n<p>Avec tra\u00een\u00e9e en acier : avec coussinet thoracique sans support en acier<\/p>\n<p>Niveau de qualit\u00e9 : excellent produit<\/p>\n<p>Nom du tissu : Coton m\u00e9lang\u00e9<\/p>\n<p>Composition du tissu : Acrylique<\/p>\n<p>Couleur : orange, marron<\/p>\n<p><b>Informations sur la taille :<\/b><\/p>\n<p>Taille : S, M, L<\/p>\n<p><img decoding=\"async\" style=\"max-width: 100%;\" src=\"https:\/\/cc-west-usa.oss-accelerate.aliyuncs.com\/7d742742-3648-4b29-96f5-fae5561dcb41.jpg\" alt=\"\"><\/p>\n<p><b>Remarque :<\/b><\/p>\n<p>1. Les tailles asiatiques sont 1 \u00e0 2 tailles plus petites que les tailles europ\u00e9ennes et am\u00e9ricaines. Choisissez la taille la plus grande si votre taille se situe entre deux tailles. Veuillez tenir compte d'une diff\u00e9rence de 2 \u00e0 3 cm due aux mesures manuelles.<\/p>\n<p>2. Si vous ne savez pas comment choisir votre taille, veuillez contacter notre service client\u00e8le.<\/p>\n<p>3. comme vous le savez, les ordinateurs affichent les couleurs diff\u00e9remment, la couleur de l'article r\u00e9el peut varier l\u00e9g\u00e8rement par rapport aux images suivantes.<\/p>\n<p><b>Liste d'emballage :<\/b><\/p>\n<p>Maillot de bain en pierre x1<\/p>\n<p><b>Image du produit :<\/b><\/p>\n<p><img loading=\"lazy\" decoding=\"async\" class=\"alignnone\" style=\"max-width: 100%;\" src=\"https:\/\/cc-west-usa.oss-accelerate.aliyuncs.com\/51f100ce-aa8e-4ec6-b153-0f342cc26bc3.jpg\" alt=\"Bikini en crochet fait main\" width=\"800\" height=\"800\" \/><br \/>\n<img decoding=\"async\" style=\"max-width: 100%;\" src=\"https:\/\/cc-west-usa.oss-accelerate.aliyuncs.com\/ddec3d18-4eb0-4eb8-a2d7-a152e50c5be6.jpg\" alt=\"\"><br \/>\n<img decoding=\"async\" style=\"max-width: 100%;\" src=\"https:\/\/cc-west-usa.oss-accelerate.aliyuncs.com\/71b24711-4cac-4f0a-9553-f795a131e6b2.jpg\" alt=\"\"><br \/>\n<img decoding=\"async\" style=\"max-width: 100%;\" src=\"https:\/\/cc-west-usa.oss-accelerate.aliyuncs.com\/7d56a90c-2150-4d27-992c-0a90a2261dd4.jpg\" alt=\"\"><br \/>\n<img decoding=\"async\" style=\"max-width: 100%;\" src=\"https:\/\/cc-west-usa.oss-accelerate.aliyuncs.com\/77ef6f44-2db6-4ba2-ae65-1edb7f2c3a47.jpg\" alt=\"\"><br \/>\n<img loading=\"lazy\" decoding=\"async\" class=\"alignnone\" style=\"max-width: 100%;\" src=\"https:\/\/cc-west-usa.oss-accelerate.aliyuncs.com\/63d144cd-1284-4d6c-9cd0-ab228ba23f5b.jpg\" alt=\"Bikini en crochet fait main\" width=\"1000\" height=\"1000\" \/><br \/>\n<img decoding=\"async\" style=\"max-width: 100%;\" src=\"https:\/\/cc-west-usa.oss-accelerate.aliyuncs.com\/c72db189-4153-4896-990b-0efe61185dfb.jpg\" alt=\"\"><\/p>","protected":false},"excerpt":{"rendered":"<p>Bikini en crochet fait \u00e0 la main, con\u00e7u avec amour pour une coupe parfaite. Il se distingue par sa fabrication unique, ses motifs \u00e9clatants et sa douceur luxueuse. Id\u00e9al pour les aventures ensoleill\u00e9es ou pour se pr\u00e9lasser au bord de la piscine. Adoptez l'\u00e9l\u00e9gance et l'individualit\u00e9 sans effort !<\/p>","protected":false},"featured_media":8706,"comment_status":"open","ping_status":"closed","template":"","meta":[],"product_brand":[],"product_cat":[40],"product_tag":[],"class_list":{"0":"post-8713","1":"product","2":"type-product","3":"status-publish","4":"has-post-thumbnail","6":"product_cat-bikini","8":"first","9":"instock","10":"taxable","11":"shipping-taxable","12":"purchasable","13":"product-type-variable"},"_links":{"self":[{"href":"https:\/\/beacheden.com\/fr\/wp-json\/wp\/v2\/product\/8713","targetHints":{"allow":["GET"]}}],"collection":[{"href":"https:\/\/beacheden.com\/fr\/wp-json\/wp\/v2\/product"}],"about":[{"href":"https:\/\/beacheden.com\/fr\/wp-json\/wp\/v2\/types\/product"}],"replies":[{"embeddable":true,"href":"https:\/\/beacheden.com\/fr\/wp-json\/wp\/v2\/comments?post=8713"}],"wp:featuredmedia":[{"embeddable":true,"href":"https:\/\/beacheden.com\/fr\/wp-json\/wp\/v2\/media\/8706"}],"wp:attachment":[{"href":"https:\/\/beacheden.com\/fr\/wp-json\/wp\/v2\/media?parent=8713"}],"wp:term":[{"taxonomy":"product_brand","embeddable":true,"href":"https:\/\/beacheden.com\/fr\/wp-json\/wp\/v2\/product_brand?post=8713"},{"taxonomy":"product_cat","embeddable":true,"href":"https:\/\/beacheden.com\/fr\/wp-json\/wp\/v2\/product_cat?post=8713"},{"taxonomy":"product_tag","embeddable":true,"href":"https:\/\/beacheden.com\/fr\/wp-json\/wp\/v2\/product_tag?post=8713"}],"curies":[{"name":"wp","href":"https:\/\/api.w.org\/{rel}","templated":true}]}}