{"id":8655,"date":"2023-05-22T11:04:32","date_gmt":"2023-05-22T18:04:32","guid":{"rendered":"https:\/\/beacheden.com\/shop\/uncategorized\/one-piece-swimsuit-european-and-american-sexy-lace-hollow-bikini-swimsuit\/"},"modified":"2025-04-07T10:31:04","modified_gmt":"2025-04-07T17:31:04","slug":"bikini-en-dentelle","status":"publish","type":"product","link":"https:\/\/beacheden.com\/fr\/bikini-en-dentelle\/","title":{"rendered":"Maillot de bain une pi\u00e8ce Maillot de bain europ\u00e9en et am\u00e9ricain Sexy Lace Hollow Bikini Swimsuit"},"content":{"rendered":"<p><b>Informations sur le produit :<\/b><\/p>\n<p>Style : Maillot de bain une pi\u00e8ce<\/p>\n<p>Sexe applicable : Femme<\/p>\n<p>Que ce soit avec un support en acier : Avec plastron sans support en acier<\/p>\n<p>Nom du tissu : polyester<\/p>\n<p>Composition du tissu : Fibre de polyester (polyester)<\/p>\n<p>Composition du tissu : 100 (%)<\/p>\n<p>Poids du gramme : 140 (g)<\/p>\n<p>Doublure : Polyester<\/p>\n<p>Composition de la doublure : Fibre polyester (polyester)<\/p>\n<p>Teneur en ingr\u00e9dients de la doublure : 20 (%)<\/p>\n<p>Sc\u00e9narios d'application : sports de course, \u00e9quipement de fitness, tendances sportives, fitness et bodybuilding, sports de danse, <a href=\"https:\/\/beacheden.com\/fr\/maillot-de-bain-une-piece-creux-a-encolure-en-v-avec-coutures-en-maille\/?wmc-currency=EUR\" title=\"Maillot de bain une pi\u00e8ce \u00e0 col en V creux et coutures en maille\" target=\"_blank\" rel=\"noopener\"  data-wpil-monitor-id=\"186\">la natation et le pataugeage<\/a> sports<\/p>\n<p>Couleur : vert, noir, bleu royal, violet<\/p>\n<p>Niveau de qualit\u00e9 : Premi\u00e8re classe<\/p>\n<p><b>Informations sur la taille :<\/b><\/p>\n<p>Taille : S, M, L, XL, XXL<\/p>\n<p><img decoding=\"async\" style=\"max-width: 100%;\" src=\"https:\/\/cc-west-usa.oss-accelerate.aliyuncs.com\/1612426887520.png\" alt=\"\"><\/p>\n<p><b>la pr\u00e9vention :<\/b><\/p>\n<p><img decoding=\"async\" style=\"max-width: 100%;\" src=\"https:\/\/cc-west-usa.oss-accelerate.aliyuncs.com\/1612426906473.jpg\" alt=\"\"><br \/>\n<img loading=\"lazy\" decoding=\"async\" class=\"alignnone\" style=\"max-width: 100%;\" src=\"https:\/\/cc-west-usa.oss-accelerate.aliyuncs.com\/1612426906504.jpg\" alt=\"Bikini en dentelle\" width=\"652\" height=\"792\" \/><br \/>\n<img decoding=\"async\" style=\"max-width: 100%;\" src=\"https:\/\/cc-west-usa.oss-accelerate.aliyuncs.com\/1612426906878.jpg\" alt=\"\"><br \/>\n<img decoding=\"async\" style=\"max-width: 100%;\" src=\"https:\/\/cc-west-usa.oss-accelerate.aliyuncs.com\/1612426906510.jpg\" alt=\"\"><br \/>\n<img decoding=\"async\" style=\"max-width: 100%;\" src=\"https:\/\/cc-west-usa.oss-accelerate.aliyuncs.com\/1612426907261.jpg\" alt=\"\"><br \/>\n<b><\/b><\/p>\n<p>&nbsp;<\/p>","protected":false},"excerpt":{"rendered":"<div class=\"chat-assistant markdown-prose w-full min-w-full svelte-kicyhr\" dir=\"auto\">\n<div class=\"\">\n<div id=\"response-content-container\" class=\"relative flex w-full max-w-full flex-col\">\n<div>\n<p data-spm-anchor-id=\"a2ty_o01.29997173.0.i31.565e3918VwVW9s\">Le bikini en dentelle allie \u00e9l\u00e9gance et sensualit\u00e9, offrant une coupe luxueuse qui met en valeur vos courbes. Parfait pour les jours de plage ou les moments sp\u00e9ciaux, il est indispensable \u00e0 toute garde-robe. Profitez d\u00e8s aujourd'hui de son charme intemporel et de son confort in\u00e9gal\u00e9 !<\/p>\n<\/div>\n<\/div>\n<\/div>\n<\/div>\n<div class=\"message-footer flex py-1 items-center justify-start svelte-kicyhr\" data-spm-anchor-id=\"a2ty_o01.29997173.0.i33.565e3918VwVW9s\">\n<div class=\"message-footer-buttons buttons flex relative items-center flex-wrap text-gray-600 dark:text-gray-500 svelte-kicyhr\">\n<div class=\"order-1\" aria-label=\"Editer\"><\/div>\n<\/div>\n<\/div>\n<div class=\"order-2\" aria-label=\"Copie\"><\/div>\n<div class=\"order-5\" aria-label=\"Bonne r\u00e9ponse\"><\/div>","protected":false},"featured_media":8649,"comment_status":"open","ping_status":"closed","template":"","meta":[],"product_brand":[],"product_cat":[39],"product_tag":[],"class_list":{"0":"post-8655","1":"product","2":"type-product","3":"status-publish","4":"has-post-thumbnail","6":"product_cat-swimsuit","8":"first","9":"instock","10":"sale","11":"taxable","12":"shipping-taxable","13":"purchasable","14":"product-type-variable"},"_links":{"self":[{"href":"https:\/\/beacheden.com\/fr\/wp-json\/wp\/v2\/product\/8655","targetHints":{"allow":["GET"]}}],"collection":[{"href":"https:\/\/beacheden.com\/fr\/wp-json\/wp\/v2\/product"}],"about":[{"href":"https:\/\/beacheden.com\/fr\/wp-json\/wp\/v2\/types\/product"}],"replies":[{"embeddable":true,"href":"https:\/\/beacheden.com\/fr\/wp-json\/wp\/v2\/comments?post=8655"}],"wp:featuredmedia":[{"embeddable":true,"href":"https:\/\/beacheden.com\/fr\/wp-json\/wp\/v2\/media\/8649"}],"wp:attachment":[{"href":"https:\/\/beacheden.com\/fr\/wp-json\/wp\/v2\/media?parent=8655"}],"wp:term":[{"taxonomy":"product_brand","embeddable":true,"href":"https:\/\/beacheden.com\/fr\/wp-json\/wp\/v2\/product_brand?post=8655"},{"taxonomy":"product_cat","embeddable":true,"href":"https:\/\/beacheden.com\/fr\/wp-json\/wp\/v2\/product_cat?post=8655"},{"taxonomy":"product_tag","embeddable":true,"href":"https:\/\/beacheden.com\/fr\/wp-json\/wp\/v2\/product_tag?post=8655"}],"curies":[{"name":"wp","href":"https:\/\/api.w.org\/{rel}","templated":true}]}}