{"id":8637,"date":"2023-05-22T10:52:21","date_gmt":"2023-05-22T17:52:21","guid":{"rendered":"https:\/\/beacheden.com\/shop\/uncategorized\/hand-woven-one-piece-swimsuit\/"},"modified":"2025-04-07T11:13:07","modified_gmt":"2025-04-07T18:13:07","slug":"maillots-de-bain-en-crochet","status":"publish","type":"product","link":"https:\/\/beacheden.com\/fr\/maillots-de-bain-en-crochet\/","title":{"rendered":"Maillot de bain une pi\u00e8ce tiss\u00e9 \u00e0 la main"},"content":{"rendered":"<p>Nom du tissu : M\u00e9lange de coton<\/p>\n<p>Composition du tissu : Lyocell<\/p>\n<p>Composition du tissu : 80%<\/p>\n<p>Nom de la doublure : Polyester<\/p>\n<p>Composition de la doublure : fibre acrylique<\/p>\n<p>Composition de la doublure : 100%<br \/>\n<img decoding=\"async\" style=\"font-size: 14px;\" src=\"https:\/\/cc-west-usa.oss-accelerate.aliyuncs.com\/16778016\/1631736149515046912.jpg\" alt=\"\u7edf\u7801\u6574\u5957.JPG\" width=\"790\" height=\"301.1875\" \/><br \/>\n<span style=\"font-size: 14px;\">1. Les tailles asiatiques sont 1 \u00e0 2 tailles plus petites que les tailles europ\u00e9ennes et am\u00e9ricaines. Choisissez la taille la plus grande si votre taille se situe entre deux tailles. Veuillez tenir compte d'une diff\u00e9rence de 2 \u00e0 3 cm due aux mesures manuelles.\u00a0<\/span><\/p>\n<p>2. Si vous ne savez pas comment choisir votre taille, veuillez contacter notre service client\u00e8le.<\/p>\n<p>3. comme vous le savez, les ordinateurs affichent les couleurs diff\u00e9remment, la couleur de l'article r\u00e9el peut varier l\u00e9g\u00e8rement par rapport aux images suivantes.<br \/>\n<img loading=\"lazy\" decoding=\"async\" class=\"alignnone\" src=\"https:\/\/cc-west-usa.oss-accelerate.aliyuncs.com\/16778016\/1631736156867661824.jpg\" alt=\"maillots de bain en crochet\" width=\"790\" height=\"790\" \/><\/p>\n<p><img loading=\"lazy\" decoding=\"async\" src=\"https:\/\/cc-west-usa.oss-accelerate.aliyuncs.com\/16778016\/1631736164031533056.jpg\" alt=\"IMG_5744.JPG\" width=\"790\" height=\"790\" \/><\/p>\n<p><img loading=\"lazy\" decoding=\"async\" src=\"https:\/\/cc-west-usa.oss-accelerate.aliyuncs.com\/16778016\/1631736173300944896.jpg\" alt=\"IMG_5743.JPG\" width=\"790\" height=\"790\" \/><\/p>\n<p><img loading=\"lazy\" decoding=\"async\" src=\"https:\/\/cc-west-usa.oss-accelerate.aliyuncs.com\/16778016\/1631736180603228160.jpg\" alt=\"IMG_5742.JPG\" width=\"790\" height=\"790\" \/><\/p>\n<p><img loading=\"lazy\" decoding=\"async\" src=\"https:\/\/cc-west-usa.oss-accelerate.aliyuncs.com\/16778016\/1631736187142148096.jpg\" alt=\"IMG_5746.JPG\" width=\"790\" height=\"790\" \/><br \/>\n<img loading=\"lazy\" decoding=\"async\" style=\"font-size: 16px;\" src=\"https:\/\/cc-west-usa.oss-accelerate.aliyuncs.com\/16778016\/1631736196742909952.jpg\" alt=\"IMG_6787.JPG\" width=\"790\" height=\"790\" \/><\/p>\n<p><img loading=\"lazy\" decoding=\"async\" src=\"https:\/\/cc-west-usa.oss-accelerate.aliyuncs.com\/16778016\/1631736210022076416.jpg\" alt=\"IMG_6788.JPG\" width=\"790\" height=\"790\" \/><\/p>\n<p><img loading=\"lazy\" decoding=\"async\" src=\"https:\/\/cc-west-usa.oss-accelerate.aliyuncs.com\/16778016\/1631736218515542016.jpg\" alt=\"IMG_6790.JPG\" width=\"790\" height=\"790\" \/><\/p>\n<p><img loading=\"lazy\" decoding=\"async\" src=\"https:\/\/cc-west-usa.oss-accelerate.aliyuncs.com\/16778016\/1631736227961114624.jpg\" alt=\"IMG_6791.JPG\" width=\"790\" height=\"790\" \/><\/p>\n<p><img loading=\"lazy\" decoding=\"async\" src=\"https:\/\/cc-west-usa.oss-accelerate.aliyuncs.com\/16778016\/1631736237566070784.jpg\" alt=\"IMG_6792.JPG\" width=\"790\" height=\"790\" \/><\/p>\n<p><img loading=\"lazy\" decoding=\"async\" src=\"https:\/\/cc-west-usa.oss-accelerate.aliyuncs.com\/16778016\/1631736249742135296.jpg\" alt=\"IMG_6795.JPG\" width=\"790\" height=\"790\" \/><\/p>\n<p><img loading=\"lazy\" decoding=\"async\" src=\"https:\/\/cc-west-usa.oss-accelerate.aliyuncs.com\/16778016\/1631736260689268736.jpg\" alt=\"IMG_6796.JPG\" width=\"790\" height=\"790\" \/><\/p>\n<p><img loading=\"lazy\" decoding=\"async\" src=\"https:\/\/cc-west-usa.oss-accelerate.aliyuncs.com\/16778016\/1631736271468630016.jpg\" alt=\"IMG_6799.JPG\" width=\"790\" height=\"790\" \/><\/p>\n<p><img loading=\"lazy\" decoding=\"async\" src=\"https:\/\/cc-west-usa.oss-accelerate.aliyuncs.com\/16778016\/1631736283548225536.jpg\" alt=\"IMG_6800.JPG\" width=\"790\" height=\"790\" \/><\/p>\n<p><img loading=\"lazy\" decoding=\"async\" src=\"https:\/\/cc-west-usa.oss-accelerate.aliyuncs.com\/16778016\/1631736293593583616.jpg\" alt=\"IMG_6802.JPG\" width=\"790\" height=\"790\" \/><\/p>\n<p><img loading=\"lazy\" decoding=\"async\" src=\"https:\/\/cc-west-usa.oss-accelerate.aliyuncs.com\/16778016\/1631736302842023936.jpg\" alt=\"IMG_6805.JPG\" width=\"790\" height=\"790\" \/><\/p>\n<p><img loading=\"lazy\" decoding=\"async\" style=\"font-size: 16px;\" src=\"https:\/\/cc-west-usa.oss-accelerate.aliyuncs.com\/16778016\/1631736311280963584.jpg\" alt=\"IMG_6806.JPG\" width=\"790\" height=\"790\" \/><\/p>","protected":false},"excerpt":{"rendered":"<p>Les maillots de bain en crochet allient un style chic \u00e0 un savoir-faire artisanal, offrant des mod\u00e8les uniques et confortables parfaits pour les journ\u00e9es \u00e0 la plage. D\u00e9marquez-vous avec une \u00e9l\u00e9gance artisanale con\u00e7ue pour impressionner.<\/p>","protected":false},"featured_media":8628,"comment_status":"open","ping_status":"closed","template":"","meta":[],"product_brand":[],"product_cat":[39],"product_tag":[],"class_list":{"0":"post-8637","1":"product","2":"type-product","3":"status-publish","4":"has-post-thumbnail","6":"product_cat-swimsuit","8":"first","9":"instock","10":"sale","11":"taxable","12":"shipping-taxable","13":"purchasable","14":"product-type-variable"},"_links":{"self":[{"href":"https:\/\/beacheden.com\/fr\/wp-json\/wp\/v2\/product\/8637","targetHints":{"allow":["GET"]}}],"collection":[{"href":"https:\/\/beacheden.com\/fr\/wp-json\/wp\/v2\/product"}],"about":[{"href":"https:\/\/beacheden.com\/fr\/wp-json\/wp\/v2\/types\/product"}],"replies":[{"embeddable":true,"href":"https:\/\/beacheden.com\/fr\/wp-json\/wp\/v2\/comments?post=8637"}],"wp:featuredmedia":[{"embeddable":true,"href":"https:\/\/beacheden.com\/fr\/wp-json\/wp\/v2\/media\/8628"}],"wp:attachment":[{"href":"https:\/\/beacheden.com\/fr\/wp-json\/wp\/v2\/media?parent=8637"}],"wp:term":[{"taxonomy":"product_brand","embeddable":true,"href":"https:\/\/beacheden.com\/fr\/wp-json\/wp\/v2\/product_brand?post=8637"},{"taxonomy":"product_cat","embeddable":true,"href":"https:\/\/beacheden.com\/fr\/wp-json\/wp\/v2\/product_cat?post=8637"},{"taxonomy":"product_tag","embeddable":true,"href":"https:\/\/beacheden.com\/fr\/wp-json\/wp\/v2\/product_tag?post=8637"}],"curies":[{"name":"wp","href":"https:\/\/api.w.org\/{rel}","templated":true}]}}