{"id":8469,"date":"2023-05-07T03:40:04","date_gmt":"2023-05-07T10:40:04","guid":{"rendered":"https:\/\/beacheden.com\/uncategorized\/home-indoor-summer-fashion-couple-slippers\/"},"modified":"2023-05-08T14:37:44","modified_gmt":"2023-05-08T21:37:44","slug":"home-indoor-summer-fashion-couple-slippers","status":"publish","type":"product","link":"https:\/\/beacheden.com\/fr\/home-indoor-summer-fashion-couple-slippers\/","title":{"rendered":"Home Indoor Summer Fashion Couple Slippers"},"content":{"rendered":"<p>\n <b>Informations sur le produit :<\/b><br \/>\n <br \/>\n Type de pantoufles : Tongs<br \/>\n <br \/>\n Mat\u00e9riau de la semelle : Eva<br \/>\n <br \/>\n Genre applicable : Neutre\/Homme et Femme<br \/>\n <br \/>\n Fonction : Antid\u00e9rapant, r\u00e9sistant \u00e0 l'usure<br \/>\n <br \/>\n \u00c9l\u00e9ments populaires : Loisirs<br \/>\n <br \/>\n Mati\u00e8re sup\u00e9rieure : Eva<br \/>\n <br \/>\n Type de foule concern\u00e9 : Couples<br \/>\n <br \/>\n Fabrication de semelles : Chaussures moul\u00e9es par injection<br \/>\n \n<\/p>\n<table>\n<thead>\n<tr>\n<th>\u00c9TATS-UNIS<\/th>\n<th>EUR<\/th>\n<th>ROYAUME-UNI<\/th>\n<th>AUS<\/th>\n<th>\n    JPN<br \/>\n    \n   <\/th>\n<th>\n    KOR<br \/>\n    <br \/>\n    (mm)\n   <\/th>\n<\/tr>\n<\/thead>\n<tbody>\n<tr>\n<td>5.5<\/td>\n<td>\n    37.5<br \/>\n    \n   <\/td>\n<td>5<\/td>\n<td>5<\/td>\n<td>23.5<\/td>\n<td>241<\/td>\n<\/tr>\n<tr>\n<td>6<\/td>\n<td>\n    38<br \/>\n    \n   <\/td>\n<td>5.5<\/td>\n<td>5.5<\/td>\n<td>24<\/td>\n<td>245<\/td>\n<\/tr>\n<tr>\n<td>6.5<\/td>\n<td>38.5<\/td>\n<td>6<\/td>\n<td>6<\/td>\n<td>24.5<\/td>\n<td>248<\/td>\n<\/tr>\n<tr>\n<td>7<\/td>\n<td>39<\/td>\n<td>6.5<\/td>\n<td>6.5<\/td>\n<td>25<\/td>\n<td>251<\/td>\n<\/tr>\n<tr>\n<td>7.5<\/td>\n<td>40<\/td>\n<td>7<\/td>\n<td>7<\/td>\n<td>25.5<\/td>\n<td>254<\/td>\n<\/tr>\n<tr>\n<td>8<\/td>\n<td>41<\/td>\n<td>7.5<\/td>\n<td>7.5<\/td>\n<td>26<\/td>\n<td>257<\/td>\n<\/tr>\n<tr>\n<td>8.5<\/td>\n<td>42<\/td>\n<td>8<\/td>\n<td>8<\/td>\n<td>26.5<\/td>\n<td>260<\/td>\n<\/tr>\n<tr>\n<td>9<\/td>\n<td>43<\/td>\n<td>8.5<\/td>\n<td>8.5<\/td>\n<td>27<\/td>\n<td>263<\/td>\n<\/tr>\n<tr>\n<td>9.5<\/td>\n<td>43.5<\/td>\n<td>9<\/td>\n<td>9<\/td>\n<td>27.5<\/td>\n<td>267<\/td>\n<\/tr>\n<tr>\n<td>10<\/td>\n<td>44<\/td>\n<td>9.5<\/td>\n<td>9.5<\/td>\n<td>28<\/td>\n<td>270<\/td>\n<\/tr>\n<tr>\n<td>10.5<\/td>\n<td>44.5<\/td>\n<td>10<\/td>\n<td>10<\/td>\n<td>28.5<\/td>\n<td>273<\/td>\n<\/tr>\n<tr>\n<td>11<\/td>\n<td>45<\/td>\n<td>10.5<\/td>\n<td>10.5<\/td>\n<td>29<\/td>\n<td>276<\/td>\n<\/tr>\n<tr>\n<td>11.5<\/td>\n<td>45.5<\/td>\n<td>11<\/td>\n<td>11<\/td>\n<td>29.5<\/td>\n<td>279<\/td>\n<\/tr>\n<tr>\n<td>12<\/td>\n<td>46<\/td>\n<td>11.5<\/td>\n<td>11.5<\/td>\n<td>30<\/td>\n<td>283<\/td>\n<\/tr>\n<tr>\n<td>12.5<\/td>\n<td>46.5<\/td>\n<td>12<\/td>\n<td>12<\/td>\n<td>30.5<\/td>\n<td>286<\/td>\n<\/tr>\n<\/tbody>\n<\/table>\n<p>\n <img decoding=\"async\" src=\"https:\/\/cc-west-usa.oss-accelerate.aliyuncs.com\/1614498759771.jpg\" style=\"max-width:100%\" alt=\"\"><br \/>\n <img decoding=\"async\" src=\"https:\/\/cc-west-usa.oss-accelerate.aliyuncs.com\/1614498768151.jpg\" style=\"max-width: 100%\" alt=\"\"><br \/>\n <img decoding=\"async\" src=\"https:\/\/cc-west-usa.oss-accelerate.aliyuncs.com\/1614498768145.jpg\" style=\"max-width: 100%\" alt=\"\"><br \/>\n <img decoding=\"async\" src=\"https:\/\/cc-west-usa.oss-accelerate.aliyuncs.com\/1614498768162.jpg\" style=\"max-width: 100%\" alt=\"\"><br \/>\n <img decoding=\"async\" src=\"https:\/\/cc-west-usa.oss-accelerate.aliyuncs.com\/1614498768121.jpg\" style=\"max-width: 100%\" alt=\"\"><br \/>\n <img decoding=\"async\" src=\"https:\/\/cc-west-usa.oss-accelerate.aliyuncs.com\/1614498768152.jpg\" style=\"max-width: 100%\" alt=\"\"><br \/>\n <img decoding=\"async\" src=\"https:\/\/cc-west-usa.oss-accelerate.aliyuncs.com\/1614498768155.jpg\" style=\"max-width: 100%\" alt=\"\"><br \/>\n <\/p>","protected":false},"excerpt":{"rendered":"<p>Product Information: Slippers Type: Flip Flops Sole Material: Eva Applicable Gender: Neutral\/Male And Female Function: Non-Slip, Wear-Resistant Popular Elements: Leisure Upper Material: Eva Applicable Crowd Type: Couples Sole Craft: Injection-Molded Shoes U.S. EUR U.K. AUS JPN KOR (mm) 5.5 37.5 5 5 23.5 241 6 38 5.5 5.5 24 245 6.5 38.5 6 6 24.5 [&#8230;]\n","protected":false},"featured_media":8462,"comment_status":"open","ping_status":"closed","template":"","meta":[],"product_brand":[],"product_cat":[43],"product_tag":[],"class_list":{"0":"post-8469","1":"product","2":"type-product","3":"status-publish","4":"has-post-thumbnail","6":"product_cat-sandals","8":"first","9":"instock","10":"taxable","11":"shipping-taxable","12":"purchasable","13":"product-type-variable"},"_links":{"self":[{"href":"https:\/\/beacheden.com\/fr\/wp-json\/wp\/v2\/product\/8469","targetHints":{"allow":["GET"]}}],"collection":[{"href":"https:\/\/beacheden.com\/fr\/wp-json\/wp\/v2\/product"}],"about":[{"href":"https:\/\/beacheden.com\/fr\/wp-json\/wp\/v2\/types\/product"}],"replies":[{"embeddable":true,"href":"https:\/\/beacheden.com\/fr\/wp-json\/wp\/v2\/comments?post=8469"}],"wp:featuredmedia":[{"embeddable":true,"href":"https:\/\/beacheden.com\/fr\/wp-json\/wp\/v2\/media\/8462"}],"wp:attachment":[{"href":"https:\/\/beacheden.com\/fr\/wp-json\/wp\/v2\/media?parent=8469"}],"wp:term":[{"taxonomy":"product_brand","embeddable":true,"href":"https:\/\/beacheden.com\/fr\/wp-json\/wp\/v2\/product_brand?post=8469"},{"taxonomy":"product_cat","embeddable":true,"href":"https:\/\/beacheden.com\/fr\/wp-json\/wp\/v2\/product_cat?post=8469"},{"taxonomy":"product_tag","embeddable":true,"href":"https:\/\/beacheden.com\/fr\/wp-json\/wp\/v2\/product_tag?post=8469"}],"curies":[{"name":"wp","href":"https:\/\/api.w.org\/{rel}","templated":true}]}}