{"id":8365,"date":"2023-05-07T03:29:11","date_gmt":"2023-05-07T10:29:11","guid":{"rendered":"https:\/\/beacheden.com\/uncategorized\/flat-bottom-non-slip-seaside-beach-jelly-slippers\/"},"modified":"2025-05-21T15:53:30","modified_gmt":"2025-05-21T22:53:30","slug":"chaussons-de-plage-a-fond-plat-et-antiderapants","status":"publish","type":"product","link":"https:\/\/beacheden.com\/fr\/chaussons-de-plage-a-fond-plat-et-antiderapants\/","title":{"rendered":"Chaussons de plage \u00e0 fond plat antid\u00e9rapants"},"content":{"rendered":"<p>\n <b>Informations sur le produit :<\/b>\n<\/p>\n<p>\n Cat\u00e9gorie de produit : sandales d\u00e9contract\u00e9es<br \/>\n <br \/>\n \u00c2ge d'application : adulte<br \/>\n <br \/>\n Mati\u00e8re sup\u00e9rieure : EVA<br \/>\n <br \/>\n Style : loisirs<br \/>\n <br \/>\n Forme des orteils : autre<br \/>\n <br \/>\n \u00c9l\u00e9ments populaires : Creux, style romain, section \u00e0 trous<br \/>\n <br \/>\n Fonction : Maintien au chaud\n<\/p>\n<p>\n <b>Informations sur la taille :<\/b><br \/>\n <br \/>\n taille\uff1a<br \/>\n <span style=\"font-size: 1em\">34,35,36,37,38,39,40,41<\/span>\n<\/p>\n<p>\n <img decoding=\"async\" src=\"https:\/\/cc-west-usa.oss-accelerate.aliyuncs.com\/1615117486192.png\" style=\"max-width:100%\" alt=\"\"><br \/>\n <span style=\"font-size: 1em\"><br \/>\n  <br \/>\n <\/span>\n<\/p>\n<p>\n <img decoding=\"async\" src=\"https:\/\/cc-west-usa.oss-accelerate.aliyuncs.com\/1615117531493.jpg\" style=\"max-width:100%\" alt=\"\"><br \/>\n <img decoding=\"async\" src=\"https:\/\/cc-west-usa.oss-accelerate.aliyuncs.com\/1615117531507.jpg\" style=\"max-width: 100%\" alt=\"\"><br \/>\n <img decoding=\"async\" src=\"https:\/\/cc-west-usa.oss-accelerate.aliyuncs.com\/1615117531512.jpg\" style=\"max-width: 100%\" alt=\"\"><br \/>\n <img decoding=\"async\" src=\"https:\/\/cc-west-usa.oss-accelerate.aliyuncs.com\/1615117531473.jpg\" style=\"max-width: 100%\" alt=\"\"><br \/>\n <img decoding=\"async\" src=\"https:\/\/cc-west-usa.oss-accelerate.aliyuncs.com\/1615117531505.jpg\" style=\"max-width: 100%\" alt=\"\"><br \/>\n <img decoding=\"async\" src=\"https:\/\/cc-west-usa.oss-accelerate.aliyuncs.com\/1615117531509.jpg\" style=\"max-width: 100%\" alt=\"\"><br \/>\n \n<\/p>\n<p>\n <b>Liste de colisage\uff1a<\/b><br \/>\n <br \/>\n CHAUSSURES*1<\/p>","protected":false},"excerpt":{"rendered":"<p>Informations sur le produit : Cat\u00e9gorie de produit : sandales d\u00e9contract\u00e9es \u00c2ge d'application : adulte Mat\u00e9riau sup\u00e9rieur : EVA Style : loisirs Forme de l'orteil : autre \u00c9l\u00e9ments populaires : Creux, style romain, section de trou Fonction : Garder au chaud Information sur la taille : taille\uff1a 34,35,36,37,38,39,40,41 Liste d'emballage\uff1a CHAUSSURES*1<\/p>","protected":false},"featured_media":8358,"comment_status":"open","ping_status":"closed","template":"","meta":[],"product_brand":[],"product_cat":[43],"product_tag":[],"class_list":{"0":"post-8365","1":"product","2":"type-product","3":"status-publish","4":"has-post-thumbnail","6":"product_cat-sandals","8":"first","9":"instock","10":"taxable","11":"shipping-taxable","12":"purchasable","13":"product-type-variable"},"_links":{"self":[{"href":"https:\/\/beacheden.com\/fr\/wp-json\/wp\/v2\/product\/8365","targetHints":{"allow":["GET"]}}],"collection":[{"href":"https:\/\/beacheden.com\/fr\/wp-json\/wp\/v2\/product"}],"about":[{"href":"https:\/\/beacheden.com\/fr\/wp-json\/wp\/v2\/types\/product"}],"replies":[{"embeddable":true,"href":"https:\/\/beacheden.com\/fr\/wp-json\/wp\/v2\/comments?post=8365"}],"wp:featuredmedia":[{"embeddable":true,"href":"https:\/\/beacheden.com\/fr\/wp-json\/wp\/v2\/media\/8358"}],"wp:attachment":[{"href":"https:\/\/beacheden.com\/fr\/wp-json\/wp\/v2\/media?parent=8365"}],"wp:term":[{"taxonomy":"product_brand","embeddable":true,"href":"https:\/\/beacheden.com\/fr\/wp-json\/wp\/v2\/product_brand?post=8365"},{"taxonomy":"product_cat","embeddable":true,"href":"https:\/\/beacheden.com\/fr\/wp-json\/wp\/v2\/product_cat?post=8365"},{"taxonomy":"product_tag","embeddable":true,"href":"https:\/\/beacheden.com\/fr\/wp-json\/wp\/v2\/product_tag?post=8365"}],"curies":[{"name":"wp","href":"https:\/\/api.w.org\/{rel}","templated":true}]}}