{"id":8315,"date":"2023-05-07T03:27:19","date_gmt":"2023-05-07T10:27:19","guid":{"rendered":"https:\/\/beacheden.com\/uncategorized\/mens-beach-shoes-sandals\/"},"modified":"2023-05-08T14:37:44","modified_gmt":"2023-05-08T21:37:44","slug":"chaussures-de-plage-pour-hommes","status":"publish","type":"product","link":"https:\/\/beacheden.com\/fr\/chaussures-de-plage-pour-hommes\/","title":{"rendered":"Chaussures de plage pour hommes"},"content":{"rendered":"<p>\n \u00c2ge : adulte<br \/>\n <br \/>\n Mat\u00e9riau : toile<br \/>\n <br \/>\n Sexe applicable : masculin<br \/>\n <br \/>\n Hauteur sup\u00e9rieure : basse<br \/>\n <br \/>\n Caract\u00e9ristiques du cuir : impression<br \/>\n <br \/>\n Mat\u00e9riau int\u00e9rieur : PU<br \/>\n <br \/>\n Forme du talon : talon plat<br \/>\n <br \/>\n Profondeur d'ouverture : ouverture profonde<\/p>\n<p> <a href=\"https:\/\/www.amazon.com\/gp\/goldbox?&amp;linkCode=ll2&amp;tag=pairmem0e-20&amp;linkId=034dfdcd8b3cb8b5d80e209d63951680&amp;language=en_US&amp;ref_=as_li_ss_tl\" target=\"_blank\" rel=\"noopener\"><br \/>\n  <img decoding=\"async\" src=\"https:\/\/cc-west-usa.oss-accelerate.aliyuncs.com\/16778016\/1631529570480033792.jpg\" alt=\"Tableau de conversion des pointures de chaussures pour hommes en US EUR UK AUS JP KOR et uk en us\"><br \/>\n <\/a><br \/>\n \n<\/p>\n<p>\n <img decoding=\"async\" src=\"https:\/\/cc-west-usa.oss-accelerate.aliyuncs.com\/2f5968d5-004f-4bbb-8993-9117a12000e2.jpg\" style=\"max-width:100%\" alt=\"\"><br \/>\n <img decoding=\"async\" src=\"https:\/\/cc-west-usa.oss-accelerate.aliyuncs.com\/3ae84ff4-026a-4861-8c52-978c2bfe4f5f.jpg\" style=\"font-size: 14px;max-width: 100%\" alt=\"\"><br \/>\n <img decoding=\"async\" src=\"https:\/\/cc-west-usa.oss-accelerate.aliyuncs.com\/28c87d23-39da-4186-8d21-a6b90877fc87.jpg\" style=\"font-size: 14px;max-width: 100%\" alt=\"\"><br \/>\n <img decoding=\"async\" src=\"https:\/\/cc-west-usa.oss-accelerate.aliyuncs.com\/42029834-d3f5-4711-bbf2-439930b3e96b.jpg\" style=\"font-size: 14px;max-width: 100%\" alt=\"\"><br \/>\n <img decoding=\"async\" src=\"https:\/\/cc-west-usa.oss-accelerate.aliyuncs.com\/7b8a13e7-83dd-496c-9415-c53dd7e31673.jpg\" style=\"font-size: 14px;max-width: 100%\" alt=\"\"><br \/>\n <\/p>","protected":false},"excerpt":{"rendered":"<p>\u00c2ge : adulte Mati\u00e8re : toile Sexe : homme Hauteur sup\u00e9rieure : basse Caract\u00e9ristiques du cuir : impression Mati\u00e8re int\u00e9rieure : PU Forme du talon : talon plat Profondeur de l'ouverture : profonde PU Forme du talon : talon plat Profondeur de l'ouverture : ouverture profonde<\/p>","protected":false},"featured_media":8310,"comment_status":"open","ping_status":"closed","template":"","meta":[],"product_brand":[],"product_cat":[43],"product_tag":[],"class_list":{"0":"post-8315","1":"product","2":"type-product","3":"status-publish","4":"has-post-thumbnail","6":"product_cat-sandals","8":"first","9":"instock","10":"taxable","11":"shipping-taxable","12":"purchasable","13":"product-type-variable"},"_links":{"self":[{"href":"https:\/\/beacheden.com\/fr\/wp-json\/wp\/v2\/product\/8315","targetHints":{"allow":["GET"]}}],"collection":[{"href":"https:\/\/beacheden.com\/fr\/wp-json\/wp\/v2\/product"}],"about":[{"href":"https:\/\/beacheden.com\/fr\/wp-json\/wp\/v2\/types\/product"}],"replies":[{"embeddable":true,"href":"https:\/\/beacheden.com\/fr\/wp-json\/wp\/v2\/comments?post=8315"}],"wp:featuredmedia":[{"embeddable":true,"href":"https:\/\/beacheden.com\/fr\/wp-json\/wp\/v2\/media\/8310"}],"wp:attachment":[{"href":"https:\/\/beacheden.com\/fr\/wp-json\/wp\/v2\/media?parent=8315"}],"wp:term":[{"taxonomy":"product_brand","embeddable":true,"href":"https:\/\/beacheden.com\/fr\/wp-json\/wp\/v2\/product_brand?post=8315"},{"taxonomy":"product_cat","embeddable":true,"href":"https:\/\/beacheden.com\/fr\/wp-json\/wp\/v2\/product_cat?post=8315"},{"taxonomy":"product_tag","embeddable":true,"href":"https:\/\/beacheden.com\/fr\/wp-json\/wp\/v2\/product_tag?post=8315"}],"curies":[{"name":"wp","href":"https:\/\/api.w.org\/{rel}","templated":true}]}}