{"id":8284,"date":"2023-05-07T03:18:06","date_gmt":"2023-05-07T10:18:06","guid":{"rendered":"https:\/\/beacheden.com\/uncategorized\/creative-cartoon-flipflops-women-wear-sandals-and-slippers-net-red-flip-flops-flat-beach-slippers-summer\/"},"modified":"2023-05-08T14:37:44","modified_gmt":"2023-05-08T21:37:44","slug":"creative-cartoon-flipflops-women-wear-sandals-and-slippers-net-red-flip-flops-flat-beach-slippers-summer","status":"publish","type":"product","link":"https:\/\/beacheden.com\/fr\/creative-cartoon-flipflops-women-wear-sandals-and-slippers-net-red-flip-flops-flat-beach-slippers-summer\/","title":{"rendered":"Tongs cr\u00e9atives de dessins anim\u00e9s Tongs de femmes Sandales et pantoufles Tongs rouges Tongs de plage plates Pantoufles d'\u00e9t\u00e9"},"content":{"rendered":"<p>\n <b>Informations sur le produit :<\/b><br \/>\n <br \/>\n Cat\u00e9gorie de produit : Chevrons<br \/>\n <br \/>\n \u00c2ge d'application : adulte<br \/>\n <br \/>\n style : D\u00e9contract\u00e9<br \/>\n <br \/>\n Mati\u00e8re sup\u00e9rieure : PVC<br \/>\n <br \/>\n Caract\u00e9ristiques du cortex : premi\u00e8re couche de peau de vache<br \/>\n <br \/>\n Mat\u00e9riau de la semelle : PVC<br \/>\n <br \/>\n Motif : Cartoon<br \/>\n <br \/>\n Sc\u00e8ne applicable : Loisirs<br \/>\n <br \/>\n Proc\u00e9d\u00e9 de fabrication de la semelle : chaussures \u00e0 injection<br \/>\n <br \/>\n Couleur : vert, noir, beige, orange<br \/>\n <br \/>\n Voie ferm\u00e9e : tongs<br \/>\n <br \/>\n Forme du talon : talon plat<br \/>\n <br \/>\n Hauteur du talon : talon plat<\/p>\n<p> <b>Taille :<\/b><br \/>\n <br \/>\n 36-37, 38-39, 40-41<br \/>\n <br \/>\n <img decoding=\"async\" src=\"https:\/\/cc-west-usa.oss-accelerate.aliyuncs.com\/c9cc6e03-70a3-490b-9902-d6b79cb67a99.png\" style=\"max-width:100%\" alt=\"\"><br \/>\n <br \/>\n <b>Liste d'emballage :<\/b><br \/>\n <br \/>\n Pantoufles*1<br \/>\n \n<\/p>\n<p>\n <img decoding=\"async\" src=\"https:\/\/cc-west-usa.oss-accelerate.aliyuncs.com\/fb04040c-a4df-4a35-a6cb-c37fbc288a8c.jpg\" style=\"max-width:100%\" alt=\"\"><br \/>\n <img decoding=\"async\" src=\"https:\/\/cc-west-usa.oss-accelerate.aliyuncs.com\/c581b6e0-d54a-47e2-9443-2d0e8f45063b.jpg\" style=\"max-width: 100%\" alt=\"\"><br \/>\n <img decoding=\"async\" src=\"https:\/\/cc-west-usa.oss-accelerate.aliyuncs.com\/6956f800-f369-4ff9-8dc5-aebfc2bfb86d.jpg\" style=\"max-width: 100%\" alt=\"\"><br \/>\n <img decoding=\"async\" src=\"https:\/\/cc-west-usa.oss-accelerate.aliyuncs.com\/fb8d7176-352c-484c-a5ba-ca11dc4b11e9.jpg\" style=\"max-width: 100%\" alt=\"\"><br \/>\n <img decoding=\"async\" src=\"https:\/\/cc-west-usa.oss-accelerate.aliyuncs.com\/e623995b-e599-4ee8-9bbd-e11f42a7b2a9.jpg\" style=\"max-width: 100%\" alt=\"\"><br \/>\n <\/p>","protected":false},"excerpt":{"rendered":"<p>Informations sur le produit : Cat\u00e9gorie de produit : Chevrons \u00c2ge d'application : adulte Style : Casual Mat\u00e9riau sup\u00e9rieur : PVC Caract\u00e9ristiques du cortex : premi\u00e8re couche de cuir de vache Mat\u00e9riau de la semelle : PVC Motif : Cartoon Sc\u00e8ne applicable : Loisirs Processus de semelle : chaussures d'injection Couleur : vert, noir, beige, orange Mode de fermeture : tongs Forme du talon : talon plat Hauteur du talon : talon plat Taille : 36-37, 38-39, 40-41 Liste d'emballage : Pantoufles*1<\/p>","protected":false},"featured_media":8279,"comment_status":"open","ping_status":"closed","template":"","meta":[],"product_brand":[],"product_cat":[43],"product_tag":[],"class_list":{"0":"post-8284","1":"product","2":"type-product","3":"status-publish","4":"has-post-thumbnail","6":"product_cat-sandals","8":"first","9":"instock","10":"taxable","11":"shipping-taxable","12":"purchasable","13":"product-type-variable"},"_links":{"self":[{"href":"https:\/\/beacheden.com\/fr\/wp-json\/wp\/v2\/product\/8284","targetHints":{"allow":["GET"]}}],"collection":[{"href":"https:\/\/beacheden.com\/fr\/wp-json\/wp\/v2\/product"}],"about":[{"href":"https:\/\/beacheden.com\/fr\/wp-json\/wp\/v2\/types\/product"}],"replies":[{"embeddable":true,"href":"https:\/\/beacheden.com\/fr\/wp-json\/wp\/v2\/comments?post=8284"}],"wp:featuredmedia":[{"embeddable":true,"href":"https:\/\/beacheden.com\/fr\/wp-json\/wp\/v2\/media\/8279"}],"wp:attachment":[{"href":"https:\/\/beacheden.com\/fr\/wp-json\/wp\/v2\/media?parent=8284"}],"wp:term":[{"taxonomy":"product_brand","embeddable":true,"href":"https:\/\/beacheden.com\/fr\/wp-json\/wp\/v2\/product_brand?post=8284"},{"taxonomy":"product_cat","embeddable":true,"href":"https:\/\/beacheden.com\/fr\/wp-json\/wp\/v2\/product_cat?post=8284"},{"taxonomy":"product_tag","embeddable":true,"href":"https:\/\/beacheden.com\/fr\/wp-json\/wp\/v2\/product_tag?post=8284"}],"curies":[{"name":"wp","href":"https:\/\/api.w.org\/{rel}","templated":true}]}}