{"id":8224,"date":"2023-05-07T02:54:49","date_gmt":"2023-05-07T09:54:49","guid":{"rendered":"https:\/\/beacheden.com\/uncategorized\/rhinestones-slippers-women-summer-candy-color-flat-heel-shoes\/"},"modified":"2023-05-08T14:37:44","modified_gmt":"2023-05-08T21:37:44","slug":"chaussures-a-talons-plats-avec-strass-pour-femme","status":"publish","type":"product","link":"https:\/\/beacheden.com\/fr\/chaussures-a-talons-plats-avec-strass-pour-femme\/","title":{"rendered":"Pantoufles \u00e0 strass pour femmes Chaussures \u00e0 talon plat de couleur bonbon pour l'\u00e9t\u00e9"},"content":{"rendered":"<p>\n <b>Informations sur le produit :<\/b><br \/>\n <br \/>\n Cat\u00e9gorie de produit ; baotou<br \/>\n <br \/>\n \u00c2ge d'application : adulte<br \/>\n <br \/>\n Style : Autre<br \/>\n <br \/>\n \u00c9l\u00e9ment populaire : L'arc<br \/>\n <br \/>\n Caract\u00e9ristique de la peau : peau de porc<br \/>\n <br \/>\n Sc\u00e9nario applicable : occasionnel<br \/>\n <br \/>\n Technologie de la semelle : chaussures en caoutchouc adh\u00e9sif<br \/>\n <br \/>\n Couleur : vert, noir, orange<br \/>\n <br \/>\n Size: 35,36,37,38,39,40,41,42,43\n<\/p>\n<p>\n \n<\/p>\n<p>\n <img decoding=\"async\" src=\"https:\/\/cc-west-usa.oss-accelerate.aliyuncs.com\/05e1f6c7-432c-4844-8798-d9002234acbe.jpg\" style=\"max-width:100%\" alt=\"\">\n<\/p>\n<p>\n <b>Liste d'emballage : <\/b><br \/>\n 1* Sandale\n<\/p>\n<p>\n <img decoding=\"async\" src=\"https:\/\/cc-west-usa.oss-accelerate.aliyuncs.com\/0f34e150-7c0e-42de-b7c4-e7cb76059ac4.jpg\" style=\"max-width:100%\" alt=\"\"><br \/>\n <br \/>\n <img decoding=\"async\" src=\"https:\/\/cc-west-usa.oss-accelerate.aliyuncs.com\/5bfa0467-d4a2-46a9-8b55-f64de51e1907.jpg\" style=\"max-width:100%\" alt=\"\"><br \/>\n <br \/>\n <img decoding=\"async\" src=\"https:\/\/cc-west-usa.oss-accelerate.aliyuncs.com\/0c3c20dc-e0dd-4369-bc8e-aea8769b4c71.jpg\" style=\"max-width:100%\" alt=\"\"><br \/>\n \n<\/p>\n<p>\n <img decoding=\"async\" src=\"https:\/\/cc-west-usa.oss-accelerate.aliyuncs.com\/4d2eacdc-dfe0-4b0c-b94c-d6094a04a1dc.jpg\" style=\"max-width:100%\" alt=\"\"><br \/>\n <br \/>\n <img decoding=\"async\" src=\"https:\/\/cc-west-usa.oss-accelerate.aliyuncs.com\/a41c0f2e-65f7-463a-9916-ca6907a55d29.jpg\" style=\"max-width:100%\" alt=\"\"><br \/>\n <br \/>\n <img decoding=\"async\" src=\"https:\/\/cc-west-usa.oss-accelerate.aliyuncs.com\/ab9439dd-c3e4-4cf9-bfef-2a0b2de3fef3.jpg\" style=\"max-width:100%\" alt=\"\"><br \/>\n <\/p>","protected":false},"excerpt":{"rendered":"<p>Information sur le produit : Cat\u00e9gorie de produit ; baotou \u00c2ge applicable : adulte Style : Autre \u00e9l\u00e9ment populaire : L'arc Caract\u00e9ristique de la peau : peau de porc Sc\u00e9nario applicable : d\u00e9contract\u00e9 Technologie de la semelle : chaussures en caoutchouc adh\u00e9sif Couleur : vert, noir, orange Taille : 35,36,37,38,39,40,41,42,43 Liste d'emballage : 1* sandale<\/p>","protected":false},"featured_media":8214,"comment_status":"open","ping_status":"closed","template":"","meta":[],"product_brand":[],"product_cat":[43],"product_tag":[],"class_list":{"0":"post-8224","1":"product","2":"type-product","3":"status-publish","4":"has-post-thumbnail","6":"product_cat-sandals","8":"first","9":"instock","10":"taxable","11":"shipping-taxable","12":"purchasable","13":"product-type-variable"},"_links":{"self":[{"href":"https:\/\/beacheden.com\/fr\/wp-json\/wp\/v2\/product\/8224","targetHints":{"allow":["GET"]}}],"collection":[{"href":"https:\/\/beacheden.com\/fr\/wp-json\/wp\/v2\/product"}],"about":[{"href":"https:\/\/beacheden.com\/fr\/wp-json\/wp\/v2\/types\/product"}],"replies":[{"embeddable":true,"href":"https:\/\/beacheden.com\/fr\/wp-json\/wp\/v2\/comments?post=8224"}],"wp:featuredmedia":[{"embeddable":true,"href":"https:\/\/beacheden.com\/fr\/wp-json\/wp\/v2\/media\/8214"}],"wp:attachment":[{"href":"https:\/\/beacheden.com\/fr\/wp-json\/wp\/v2\/media?parent=8224"}],"wp:term":[{"taxonomy":"product_brand","embeddable":true,"href":"https:\/\/beacheden.com\/fr\/wp-json\/wp\/v2\/product_brand?post=8224"},{"taxonomy":"product_cat","embeddable":true,"href":"https:\/\/beacheden.com\/fr\/wp-json\/wp\/v2\/product_cat?post=8224"},{"taxonomy":"product_tag","embeddable":true,"href":"https:\/\/beacheden.com\/fr\/wp-json\/wp\/v2\/product_tag?post=8224"}],"curies":[{"name":"wp","href":"https:\/\/api.w.org\/{rel}","templated":true}]}}