{"id":8199,"date":"2023-05-05T11:13:21","date_gmt":"2023-05-05T18:13:21","guid":{"rendered":"https:\/\/beacheden.com\/uncategorized\/chain-slippers-for-women-fashion-print-flat-slippers-beach-shoes-summer-sandals\/"},"modified":"2025-05-21T15:09:43","modified_gmt":"2025-05-21T22:09:43","slug":"chaussons-en-chaine-pour-femmes-chaussons-plats-a-la-mode-chaussures-de-plage-sandales-dete","status":"publish","type":"product","link":"https:\/\/beacheden.com\/fr\/chaussons-en-chaine-pour-femmes-chaussons-plats-a-la-mode-chaussures-de-plage-sandales-dete\/","title":{"rendered":"Pantoufles en cha\u00eene pour femmes Pantoufles plates imprim\u00e9es \u00e0 la mode Chaussures de plage Sandales d'\u00e9t\u00e9"},"content":{"rendered":"<p>\n <b>Informations sur le produit :<\/b><br \/>\n <br \/>\n Cat\u00e9gorie de produit : Une police de caract\u00e8res<br \/>\n <br \/>\n \u00c2ge d'application : adulte<br \/>\n <br \/>\n Style : Europ\u00e9en et am\u00e9ricain<br \/>\n <br \/>\n \u00c9l\u00e9ment populaire : M\u00e9tal<br \/>\n <br \/>\n Mati\u00e8re sup\u00e9rieure : PU artificiel<br \/>\n <br \/>\n Motif : Couleur unie<br \/>\n <br \/>\n Mat\u00e9riau int\u00e9rieur : simili-cuir<br \/>\n <br \/>\n Sc\u00e9nario d'application ; plage<br \/>\n <br \/>\n Caract\u00e9ristiques : Respirant, \u00e9quilibr\u00e9 et l\u00e9ger<br \/>\n <br \/>\n Couleur : vert, noir, violet<br \/>\n <br \/>\n Tailles :36,37,38,39,40, 42,43\n<\/p>\n<p>\n <img decoding=\"async\" src=\"https:\/\/cc-west-usa.oss-accelerate.aliyuncs.com\/e78bc829-8c2a-49dc-baad-179cf6aace58.jpg\" style=\"max-width:100%\" alt=\"\">\n<\/p>\n<p>\n <br \/>\n <b>Liste d'emballage :<\/b><br \/>\n 1* Sandale\n<\/p>\n<p>\n <img decoding=\"async\" src=\"https:\/\/cc-west-usa.oss-accelerate.aliyuncs.com\/0b8f714f-3217-44b0-9d06-a929c52c6645.jpg\" style=\"max-width:100%\" alt=\"\"><br \/>\n \n<\/p>\n<p>\n <img decoding=\"async\" src=\"https:\/\/cc-west-usa.oss-accelerate.aliyuncs.com\/a510ee56-4ba9-4e58-8345-daa1ab47affa.jpg\" style=\"max-width:100%\" alt=\"\"><br \/>\n <br \/>\n <img decoding=\"async\" src=\"https:\/\/cc-west-usa.oss-accelerate.aliyuncs.com\/c76ba682-7480-499c-bd7d-4f5627d3811f.jpg\" style=\"max-width:100%\" alt=\"\"><br \/>\n <br \/>\n <img decoding=\"async\" src=\"https:\/\/cc-west-usa.oss-accelerate.aliyuncs.com\/7134d69b-84c7-4158-89b4-68d14e6f6603.jpg\" style=\"max-width:100%\" alt=\"\"><\/p>","protected":false},"excerpt":{"rendered":"<p>Informations sur le produit : Cat\u00e9gorie de produit : Une police de caract\u00e8res \u00c2ge concern\u00e9 : adulte Style : Europ\u00e9en et am\u00e9ricain \u00c9l\u00e9ment populaire : M\u00e9tal Mat\u00e9riau sup\u00e9rieur : PU artificiel Motif : Couleur unie Mat\u00e9riau int\u00e9rieur : simili cuir Sc\u00e9nario d'application ; plage Caract\u00e9ristiques : Respirant, \u00e9quilibr\u00e9 et l\u00e9ger Couleur : vert, noir, violet Tailles :36,37,38,39,40, 42,43 Liste de colisage : 1* sandale<\/p>","protected":false},"featured_media":8194,"comment_status":"open","ping_status":"closed","template":"","meta":[],"product_brand":[],"product_cat":[43],"product_tag":[],"class_list":{"0":"post-8199","1":"product","2":"type-product","3":"status-publish","4":"has-post-thumbnail","6":"product_cat-sandals","8":"first","9":"instock","10":"taxable","11":"shipping-taxable","12":"purchasable","13":"product-type-variable"},"_links":{"self":[{"href":"https:\/\/beacheden.com\/fr\/wp-json\/wp\/v2\/product\/8199","targetHints":{"allow":["GET"]}}],"collection":[{"href":"https:\/\/beacheden.com\/fr\/wp-json\/wp\/v2\/product"}],"about":[{"href":"https:\/\/beacheden.com\/fr\/wp-json\/wp\/v2\/types\/product"}],"replies":[{"embeddable":true,"href":"https:\/\/beacheden.com\/fr\/wp-json\/wp\/v2\/comments?post=8199"}],"wp:featuredmedia":[{"embeddable":true,"href":"https:\/\/beacheden.com\/fr\/wp-json\/wp\/v2\/media\/8194"}],"wp:attachment":[{"href":"https:\/\/beacheden.com\/fr\/wp-json\/wp\/v2\/media?parent=8199"}],"wp:term":[{"taxonomy":"product_brand","embeddable":true,"href":"https:\/\/beacheden.com\/fr\/wp-json\/wp\/v2\/product_brand?post=8199"},{"taxonomy":"product_cat","embeddable":true,"href":"https:\/\/beacheden.com\/fr\/wp-json\/wp\/v2\/product_cat?post=8199"},{"taxonomy":"product_tag","embeddable":true,"href":"https:\/\/beacheden.com\/fr\/wp-json\/wp\/v2\/product_tag?post=8199"}],"curies":[{"name":"wp","href":"https:\/\/api.w.org\/{rel}","templated":true}]}}