{"id":7724,"date":"2023-03-17T11:07:27","date_gmt":"2023-03-17T18:07:27","guid":{"rendered":"https:\/\/beacheden.com\/uncategorized\/2021-new-sexy-one-piece-swimsuit-women-ruffle-swimwear-bodysuit-swimsuit-push-up-monokini-solid-bathing-suits-summer-beach-wear\/"},"modified":"2025-04-07T12:44:19","modified_gmt":"2025-04-07T19:44:19","slug":"2021-nouveau-sexe-maillot-une-piece-femme-ruffle-swimwear-bodysuit-swimsuit-push-up-monokini-solid-bathinguits-summer-beach-wear","status":"publish","type":"product","link":"https:\/\/beacheden.com\/fr\/2021-nouveau-sexe-maillot-une-piece-femme-ruffle-swimwear-bodysuit-swimsuit-push-up-monokini-solid-bathinguits-summer-beach-wear\/","title":{"rendered":"Faites sensation avec nos maillots de bain textur\u00e9s"},"content":{"rendered":"<h2>Faites sensation avec nos maillots de bain textur\u00e9s<\/h2>\n<p>D\u00e9marquez-vous avec style gr\u00e2ce \u00e0 notre collection de maillots de bain textur\u00e9s Vous cherchez un maillot de bain tendance et unique ? Ne cherchez pas plus loin que notre collection de maillots de bain textur\u00e9s ! Disponibles en six couleurs \u00e9clatantes - noir, bleu, violet, rouge, blanc et jaune - ces maillots de bain vous permettront de vous d\u00e9marquer sur la plage ou au bord de la piscine. Le design textur\u00e9 ajoute une touche d'\u00e9l\u00e9gance \u00e0 l'ensemble, tandis que le tissu polyester de haute qualit\u00e9 garantit un confort et une durabilit\u00e9 maximum.<\/p>\n<h5>Plongez dans les plaisirs de l'\u00e9t\u00e9 avec notre tissu de maillot de bain textur\u00e9<\/h5>\n<p>Lorsqu'il s'agit de maillots de bain, le choix du bon tissu peut faire toute la diff\u00e9rence. Notre collection de maillots de bain textur\u00e9s est fabriqu\u00e9e en polyester 80%, connu pour sa r\u00e9sistance \u00e0 l'\u00e9tirement, au r\u00e9tr\u00e9cissement et au froissement. Nos maillots de bain sont donc parfaits pour les longues journ\u00e9es \u00e0 la plage ou \u00e0 la piscine, car ils conservent leur forme et leur couleur m\u00eame apr\u00e8s de nombreux lavages.<\/p>\n<h5>Lorsque vous achetez nos maillots de bain, gardez \u00e0 l'esprit les points suivants :<\/h5>\n<ol>\n<li>Si votre taille se situe entre deux tailles, il est pr\u00e9f\u00e9rable de choisir la taille la plus grande. Veuillez garder \u00e0 l'esprit qu'il peut y avoir une diff\u00e9rence de 2 \u00e0 3 cm due aux mesures manuelles.<\/li>\n<li>Nous vous conseillons de v\u00e9rifier attentivement le tableau des tailles avant de passer votre commande. Si vous n'\u00eates pas s\u00fbr de la taille \u00e0 choisir, n'h\u00e9sitez pas \u00e0 contacter notre service client\u00e8le pour obtenir de l'aide.<\/li>\n<li>Veuillez noter que la couleur r\u00e9elle de l'article peut diff\u00e9rer l\u00e9g\u00e8rement des images affich\u00e9es sur le site web, car les couleurs peuvent \u00eatre affich\u00e9es diff\u00e9remment d'un ordinateur \u00e0 l'autre.<\/li>\n<\/ol>\n<p>Taille : S, M, L, XL, XXL<\/p>\n<p><img decoding=\"async\" style=\"max-width: 100%;\" src=\"https:\/\/cc-west-usa.oss-accelerate.aliyuncs.com\/1619576460705.png\" alt=\"\"><\/p>\n<p><img decoding=\"async\" style=\"max-width: 100%;\" src=\"https:\/\/cc-west-usa.oss-accelerate.aliyuncs.com\/1619576475667.jpg\" alt=\"\"><br \/>\n<img decoding=\"async\" style=\"max-width: 100%;\" src=\"https:\/\/cc-west-usa.oss-accelerate.aliyuncs.com\/1619576475698.jpg\" alt=\"\"><br \/>\n<img decoding=\"async\" style=\"max-width: 100%;\" src=\"https:\/\/cc-west-usa.oss-accelerate.aliyuncs.com\/1619576475701.jpg\" alt=\"\"><br \/>\n<img decoding=\"async\" style=\"max-width: 100%;\" src=\"https:\/\/cc-west-usa.oss-accelerate.aliyuncs.com\/1619576475699.jpg\" alt=\"\"><br \/>\n<img decoding=\"async\" style=\"max-width: 100%;\" src=\"https:\/\/cc-west-usa.oss-accelerate.aliyuncs.com\/1619576475700.jpg\" alt=\"\"><br \/>\n<img decoding=\"async\" style=\"max-width: 100%;\" src=\"https:\/\/cc-west-usa.oss-accelerate.aliyuncs.com\/1619576475698.jpg\" alt=\"\"><br \/>\n<b><\/b><\/p>\n<p>&nbsp;<\/p>","protected":false},"excerpt":{"rendered":"<p>Make a Splash with Our Textured Swimsuits Stand out in Style with Our Textured Swimsuits Collection Looking for a swimsuit that is trendy and unique? Look no further than our Textured Swimsuit collection! Available in six striking colors &#8211; Black, Blue, Purple, Red, White, and Yellow &#8211; these swimsuits will make sure you stand out [&#8230;]\n","protected":false},"featured_media":7718,"comment_status":"open","ping_status":"closed","template":"","meta":[],"product_brand":[],"product_cat":[37,39],"product_tag":[],"class_list":{"0":"post-7724","1":"product","2":"type-product","3":"status-publish","4":"has-post-thumbnail","6":"product_cat-sale","7":"product_cat-swimsuit","9":"first","10":"instock","11":"sale","12":"taxable","13":"shipping-taxable","14":"purchasable","15":"product-type-variable"},"_links":{"self":[{"href":"https:\/\/beacheden.com\/fr\/wp-json\/wp\/v2\/product\/7724","targetHints":{"allow":["GET"]}}],"collection":[{"href":"https:\/\/beacheden.com\/fr\/wp-json\/wp\/v2\/product"}],"about":[{"href":"https:\/\/beacheden.com\/fr\/wp-json\/wp\/v2\/types\/product"}],"replies":[{"embeddable":true,"href":"https:\/\/beacheden.com\/fr\/wp-json\/wp\/v2\/comments?post=7724"}],"wp:featuredmedia":[{"embeddable":true,"href":"https:\/\/beacheden.com\/fr\/wp-json\/wp\/v2\/media\/7718"}],"wp:attachment":[{"href":"https:\/\/beacheden.com\/fr\/wp-json\/wp\/v2\/media?parent=7724"}],"wp:term":[{"taxonomy":"product_brand","embeddable":true,"href":"https:\/\/beacheden.com\/fr\/wp-json\/wp\/v2\/product_brand?post=7724"},{"taxonomy":"product_cat","embeddable":true,"href":"https:\/\/beacheden.com\/fr\/wp-json\/wp\/v2\/product_cat?post=7724"},{"taxonomy":"product_tag","embeddable":true,"href":"https:\/\/beacheden.com\/fr\/wp-json\/wp\/v2\/product_tag?post=7724"}],"curies":[{"name":"wp","href":"https:\/\/api.w.org\/{rel}","templated":true}]}}