{"id":7711,"date":"2023-03-17T11:03:50","date_gmt":"2023-03-17T18:03:50","guid":{"rendered":"https:\/\/beacheden.com\/uncategorized\/womens-chiffon-three-piece-swimsuit\/"},"modified":"2025-09-23T12:15:07","modified_gmt":"2025-09-23T19:15:07","slug":"ensemble-de-bikinis-3-pieces-avec-couverture","status":"publish","type":"product","link":"https:\/\/beacheden.com\/fr\/ensemble-de-bikinis-3-pieces-avec-couverture\/","title":{"rendered":"Ensemble de bikinis 3 pi\u00e8ces avec couverture"},"content":{"rendered":"<p>L'ensemble de bikini 3 pi\u00e8ces avec housse est le choix par excellence pour un style de plage sans effort. Con\u00e7u pour flatter toutes les morphologies, cet ensemble comprend un haut et un bas de bikini assortis, ainsi qu'une couverture fluide qui permet de passer sans probl\u00e8me du sable au coucher du soleil. Fabriqu\u00e9 dans un tissu de qualit\u00e9 sup\u00e9rieure \u00e0 s\u00e9chage rapide, il allie confort et durabilit\u00e9 pour une utilisation tout au long de la journ\u00e9e.<\/p>\n<p>Que vous vous pr\u00e9lassiez au bord de la piscine ou que vous vous promeniez le long des <a href=\"https:\/\/beacheden.com\/fr\/vetements-de-plage-grande-taille\/?wmc-currency=EUR\" title=\"Chemisier de bikini de plage irr\u00e9gulier en crochet avec patchwork pour femmes de taille sup\u00e9rieure\" target=\"_blank\" rel=\"noopener\"  data-wpil-monitor-id=\"61\">le rivage<\/a>Cet ensemble chic vous permet d'\u00eatre s\u00fbre de vous et de vous sentir en confiance. \u00c9levez votre jeu de maillots de bain avec ce trio indispensable, parfait pour les escapades estivales ou tropicales !<\/p>\n<h2>Ensemble de bikinis 3 pi\u00e8ces avec couverture<\/h2>\n<p>Sexe applicable : f\u00e9minin<\/p>\n<p>Motif : blocage des couleurs<\/p>\n<p>Avec remorque en acier ou non : avec coussin thoracique sans support en acier<\/p>\n<p>Nom du tissu : nylon<\/p>\n<p>Composition du tissu : nylon\/nylon<\/p>\n<p><b>Informations sur la taille :<\/b><\/p>\n<p>Taille :<br \/>\n<span style=\"font-size: 1em;\">S, M, L<\/span><\/p>\n<table style=\"text-align: center;\" border=\"0\" width=\"100%\" cellspacing=\"0\" cellpadding=\"0\">\n<colgroup>\n<col \/> <\/colgroup>\n<tbody>\n<tr>\n<td><\/td>\n<td>tableau des tailles<\/td>\n<td><\/td>\n<td><\/td>\n<td><\/td>\n<\/tr>\n<tr>\n<td>Unit\u00e9 : cm<\/td>\n<td>Buste<\/td>\n<td>Longueur<\/td>\n<td>taille<\/td>\n<td>Longueur du pantalon<\/td>\n<\/tr>\n<tr>\n<td>S<\/td>\n<td>112<\/td>\n<td>92<\/td>\n<td>66<\/td>\n<td>25<\/td>\n<\/tr>\n<tr>\n<td>M<\/td>\n<td>116<\/td>\n<td>93<\/td>\n<td>70<\/td>\n<td>26<\/td>\n<\/tr>\n<tr>\n<td>L<\/td>\n<td>121<\/td>\n<td>94.5<\/td>\n<td>75<\/td>\n<td>27<\/td>\n<\/tr>\n<\/tbody>\n<\/table>\n<p>&nbsp;<\/p>\n<p>&nbsp;<\/p>\n<p><b>Remarque :<\/b><\/p>\n<p>1. Les tailles asiatiques sont 1 \u00e0 2 tailles plus petites que les tailles europ\u00e9ennes et am\u00e9ricaines. Choisissez la taille la plus grande si votre taille se situe entre deux tailles. Veuillez tenir compte d'une diff\u00e9rence de 2 \u00e0 3 cm due aux mesures manuelles.<\/p>\n<p>2. Si vous ne savez pas comment choisir votre taille, veuillez contacter notre service client\u00e8le.<\/p>\n<p>3. comme vous le savez, les ordinateurs affichent les couleurs diff\u00e9remment, la couleur de l'article r\u00e9el peut varier l\u00e9g\u00e8rement par rapport aux images suivantes.<\/p>\n<p><b>Liste d'emballage :<\/b><\/p>\n<p>Soutien-gorge*1 Culotte*1<br \/>\n<span style=\"font-size: 1em;\">Cardigan*1<\/span><\/p>\n<p>&nbsp;<\/p>\n<p><b>Image du produit :<\/b><\/p>\n<p><img decoding=\"async\" style=\"max-width: 100%;\" src=\"https:\/\/cc-west-usa.oss-accelerate.aliyuncs.com\/5c91fa37-8d07-4608-be0b-3db2a7d93b4a.jpg\" alt=\"\"><br \/>\n<img decoding=\"async\" style=\"max-width: 100%;\" src=\"https:\/\/cc-west-usa.oss-accelerate.aliyuncs.com\/05a68537-3f8e-400c-80ea-d5e991255fcf.jpg\" alt=\"\"><br \/>\n<img loading=\"lazy\" decoding=\"async\" class=\"alignnone\" style=\"max-width: 100%;\" src=\"https:\/\/cc-west-usa.oss-accelerate.aliyuncs.com\/a5a35bec-79f4-42b1-972b-0812a6c77f9d.jpg\" alt=\"Ensemble de bikinis 3 pi\u00e8ces avec couverture\" width=\"750\" height=\"1000\" \/><br \/>\n<img decoding=\"async\" style=\"max-width: 100%;\" src=\"https:\/\/cc-west-usa.oss-accelerate.aliyuncs.com\/613f334f-e0ec-435f-b263-4034d020493d.jpg\" alt=\"\"><br \/>\n<img decoding=\"async\" style=\"max-width: 100%;\" src=\"https:\/\/cc-west-usa.oss-accelerate.aliyuncs.com\/aef05426-028e-4004-a8ad-918eacb0ff25.jpg\" alt=\"\"><\/p>","protected":false},"excerpt":{"rendered":"<p>L'ensemble de bikini 3 pi\u00e8ces avec housse offre style et confort. Coupe flatteuse, design polyvalent - brillez \u00e0 la plage ou au bord de la piscine sans effort.<\/p>","protected":false},"featured_media":7703,"comment_status":"open","ping_status":"closed","template":"","meta":[],"product_brand":[],"product_cat":[16],"product_tag":[],"class_list":{"0":"post-7711","1":"product","2":"type-product","3":"status-publish","4":"has-post-thumbnail","6":"product_cat-cover-ups","8":"first","9":"instock","10":"taxable","11":"shipping-taxable","12":"purchasable","13":"product-type-variable"},"_links":{"self":[{"href":"https:\/\/beacheden.com\/fr\/wp-json\/wp\/v2\/product\/7711","targetHints":{"allow":["GET"]}}],"collection":[{"href":"https:\/\/beacheden.com\/fr\/wp-json\/wp\/v2\/product"}],"about":[{"href":"https:\/\/beacheden.com\/fr\/wp-json\/wp\/v2\/types\/product"}],"replies":[{"embeddable":true,"href":"https:\/\/beacheden.com\/fr\/wp-json\/wp\/v2\/comments?post=7711"}],"wp:featuredmedia":[{"embeddable":true,"href":"https:\/\/beacheden.com\/fr\/wp-json\/wp\/v2\/media\/7703"}],"wp:attachment":[{"href":"https:\/\/beacheden.com\/fr\/wp-json\/wp\/v2\/media?parent=7711"}],"wp:term":[{"taxonomy":"product_brand","embeddable":true,"href":"https:\/\/beacheden.com\/fr\/wp-json\/wp\/v2\/product_brand?post=7711"},{"taxonomy":"product_cat","embeddable":true,"href":"https:\/\/beacheden.com\/fr\/wp-json\/wp\/v2\/product_cat?post=7711"},{"taxonomy":"product_tag","embeddable":true,"href":"https:\/\/beacheden.com\/fr\/wp-json\/wp\/v2\/product_tag?post=7711"}],"curies":[{"name":"wp","href":"https:\/\/api.w.org\/{rel}","templated":true}]}}