{"id":7658,"date":"2023-03-17T10:59:39","date_gmt":"2023-03-17T17:59:39","guid":{"rendered":"https:\/\/beacheden.com\/uncategorized\/three-piece-shawl-bikini-shorts-swimsuit\/"},"modified":"2025-04-24T03:43:59","modified_gmt":"2025-04-24T10:43:59","slug":"maillot-de-bain-trois-pieces-chapeau-bikini-short","status":"publish","type":"product","link":"https:\/\/beacheden.com\/fr\/maillot-de-bain-trois-pieces-chapeau-bikini-short\/","title":{"rendered":"Maillot de bain trois pi\u00e8ces avec ch\u00e2le, bikini et short"},"content":{"rendered":"<p>Le maillot de bain trois pi\u00e8ces Shawl Bikini Shorts est un incontournable de l'\u00e9t\u00e9, con\u00e7u pour allier \u00e9l\u00e9gance, confort et polyvalence. Ce superbe maillot de bain est dot\u00e9 d'une superposition de ch\u00e2les chic qui ajoute une touche de sophistication tout en offrant une couverture et du style.<\/p>\n<p>Le haut de bikini r\u00e9glable assure un ajustement parfait, tandis que le short assorti offre une alternative tendance et modeste aux maillots de bain traditionnels. Fabriqu\u00e9 dans un tissu de haute qualit\u00e9 \u00e0 s\u00e9chage rapide, cet ensemble est id\u00e9al pour les journ\u00e9es \u00e0 la plage, les f\u00eates au bord de la piscine ou les escapades tropicales. Soyez confiante et rayonnez d'allure avec un look aussi unique que vous, parfait pour faire des vagues cette saison !<\/p>\n<p><b>Informations sur le produit :<\/b><\/p>\n<p>Style : D\u00e9contract\u00e9<\/p>\n<p>Mod\u00e8le : Impression<\/p>\n<p>Style : Costume trois pi\u00e8ces<\/p>\n<p>Style du haut : bikini<\/p>\n<p>Longueur de la manche du haut : manche longue<\/p>\n<p>Processus : Impression\/teinture<\/p>\n<p>Nom du tissu : Chiffon<\/p>\n<p>Composition du tissu principal : fibre de polyester (polyester)<\/p>\n<p>Contenu de l'ingr\u00e9dient principal du tissu : 71%-80%<\/p>\n<p>Composition du tissu principal 2 : soie de lait<\/p>\n<p>Contenu de l'ingr\u00e9dient principal du tissu 2 : 71%-80%<\/p>\n<p>Ingr\u00e9dients de la doublure : fibre d'ac\u00e9tate<\/p>\n<p>Teneur en ingr\u00e9dients de la doublure : 71%-80%<\/p>\n<p>Couleur : bleu<\/p>\n<p><b>Informations sur la taille :<\/b><\/p>\n<p>Taille : S, M, L, XL, XXL<br \/>\n<b><\/b><\/p>\n<p><img decoding=\"async\" style=\"max-width: 100%;\" src=\"https:\/\/cc-west-usa.oss-accelerate.aliyuncs.com\/8428d67b-3b5b-4b4c-b5cd-40337402f357.png\" alt=\"\"><\/p>\n<p>&nbsp;<\/p>\n<p>&nbsp;<\/p>\n<p><b>La pr\u00e9vention :<\/b><\/p>\n<p>1. <a href=\"https:\/\/beacheden.com\/fr\/combinaison-longue-a-imprime-chale-pour-femmes\/?wmc-currency=EUR\" title=\"Combinaison \u00e0 imprim\u00e9 long ch\u00e2le pour femmes, nouveau style europ\u00e9en et am\u00e9ricain\" target=\"_blank\" rel=\"noopener\"  data-wpil-monitor-id=\"99\">Tailles asiatiques<\/a> sont 1 \u00e0 2 tailles plus petites que les Europ\u00e9ens et les Am\u00e9ricains. Choisissez la taille sup\u00e9rieure si votre taille se situe entre deux tailles. Veuillez tenir compte d'une diff\u00e9rence de 2 \u00e0 3 cm due aux mesures manuelles.<\/p>\n<p>2. Si vous ne savez pas comment choisir votre taille, veuillez contacter notre service client\u00e8le.<\/p>\n<p>3. comme vous le savez, les ordinateurs affichent les couleurs diff\u00e9remment, la couleur de l'article r\u00e9el peut varier l\u00e9g\u00e8rement par rapport aux images suivantes.<\/p>\n<p>&nbsp;<\/p>\n<p>&nbsp;<\/p>\n<p><b><br \/>\nListe d'emballage :<\/b><\/p>\n<p><a href=\"https:\/\/beacheden.com\/fr\/maillot-de-bain-en-tissu-froisse\/?wmc-currency=EUR\" title=\"Tissu Wrinkle Champray Rayures ondul\u00e9es Candy Color Maillot de bain une pi\u00e8ce Maillot de bain Champray pliss\u00e9 fluorescent pour femmes\" target=\"_blank\" rel=\"noopener\"  data-wpil-monitor-id=\"36\">Maillot de bain en tissu pour femmes<\/a> combinaison x1<\/p>\n<p>&nbsp;<\/p>\n<p><img decoding=\"async\" style=\"max-width: 100%;\" src=\"https:\/\/cc-west-usa.oss-accelerate.aliyuncs.com\/c874d2aa-53ef-4da1-ad5e-00f831907cb3.jpg\" alt=\"\"><br \/>\n<img decoding=\"async\" style=\"max-width: 100%;\" src=\"https:\/\/cc-west-usa.oss-accelerate.aliyuncs.com\/f0840293-997d-4a44-84fe-44bc93a1c2e2.jpg\" alt=\"\"><br \/>\n<img decoding=\"async\" style=\"max-width: 100%;\" src=\"https:\/\/cc-west-usa.oss-accelerate.aliyuncs.com\/35ac4800-7e3b-455e-87e0-a7d3b4bdbc0d.jpg\" alt=\"\"><br \/>\n<img loading=\"lazy\" decoding=\"async\" class=\"alignnone\" style=\"max-width: 100%;\" src=\"https:\/\/cc-west-usa.oss-accelerate.aliyuncs.com\/9528d2d8-9a1a-4da2-802a-80c888d6b29f.jpg\" alt=\"Maillot de bain trois pi\u00e8ces avec ch\u00e2le, bikini et short\" width=\"600\" height=\"800\" \/><br \/>\n<img decoding=\"async\" style=\"max-width: 100%;\" src=\"https:\/\/cc-west-usa.oss-accelerate.aliyuncs.com\/19631e37-60cc-4922-97fa-22afe66c279a.jpg\" alt=\"\"><br \/>\n<img decoding=\"async\" style=\"max-width: 100%;\" src=\"https:\/\/cc-west-usa.oss-accelerate.aliyuncs.com\/be431187-52a9-4c58-9155-7fb7879fddfa.jpg\" alt=\"\"><\/p>","protected":false},"excerpt":{"rendered":"<p>Le maillot de bain trois pi\u00e8ces Shawl Bikini Shorts offre de l'\u00e9l\u00e9gance avec une superposition de ch\u00e2les chic. Confortable et \u00e9l\u00e9gant, il est id\u00e9al pour la plage ou la piscine.<\/p>","protected":false},"featured_media":7652,"comment_status":"open","ping_status":"closed","template":"","meta":[],"product_brand":[],"product_cat":[16],"product_tag":[],"class_list":{"0":"post-7658","1":"product","2":"type-product","3":"status-publish","4":"has-post-thumbnail","6":"product_cat-cover-ups","8":"first","9":"instock","10":"taxable","11":"shipping-taxable","12":"purchasable","13":"product-type-variable"},"_links":{"self":[{"href":"https:\/\/beacheden.com\/fr\/wp-json\/wp\/v2\/product\/7658","targetHints":{"allow":["GET"]}}],"collection":[{"href":"https:\/\/beacheden.com\/fr\/wp-json\/wp\/v2\/product"}],"about":[{"href":"https:\/\/beacheden.com\/fr\/wp-json\/wp\/v2\/types\/product"}],"replies":[{"embeddable":true,"href":"https:\/\/beacheden.com\/fr\/wp-json\/wp\/v2\/comments?post=7658"}],"wp:featuredmedia":[{"embeddable":true,"href":"https:\/\/beacheden.com\/fr\/wp-json\/wp\/v2\/media\/7652"}],"wp:attachment":[{"href":"https:\/\/beacheden.com\/fr\/wp-json\/wp\/v2\/media?parent=7658"}],"wp:term":[{"taxonomy":"product_brand","embeddable":true,"href":"https:\/\/beacheden.com\/fr\/wp-json\/wp\/v2\/product_brand?post=7658"},{"taxonomy":"product_cat","embeddable":true,"href":"https:\/\/beacheden.com\/fr\/wp-json\/wp\/v2\/product_cat?post=7658"},{"taxonomy":"product_tag","embeddable":true,"href":"https:\/\/beacheden.com\/fr\/wp-json\/wp\/v2\/product_tag?post=7658"}],"curies":[{"name":"wp","href":"https:\/\/api.w.org\/{rel}","templated":true}]}}