{"id":7643,"date":"2023-03-17T10:57:56","date_gmt":"2023-03-17T17:57:56","guid":{"rendered":"https:\/\/beacheden.com\/uncategorized\/the-one-piece-swimsuit-womans-swimsuit-is-sexy\/"},"modified":"2025-11-24T05:59:11","modified_gmt":"2025-11-24T13:59:11","slug":"maillot-de-bain-une-piece-sexy-pour-femmes","status":"publish","type":"product","link":"https:\/\/beacheden.com\/fr\/maillot-de-bain-une-piece-sexy-pour-femmes\/","title":{"rendered":"Le maillot de bain une pi\u00e8ce Le maillot de bain femme est sexy"},"content":{"rendered":"<p><span style=\"font-weight: bold; font-size: x-large;\">Le maillot de bain une pi\u00e8ce Le maillot de bain femme est sexy<\/span><\/p>\n<p>Les <em>Maillot de bain une pi\u00e8ce sexy pour femmes <\/em> est con\u00e7u pour faire une d\u00e9claration. Avec sa silhouette \u00e9l\u00e9gante et sa coupe qui met en valeur la silhouette, il flatte toutes les morphologies tout en d\u00e9gageant confiance et \u00e9l\u00e9gance.<\/p>\n<p>Que vous vous pr\u00e9lassiez au bord de la piscine ou que vous profitiez d'une journ\u00e9e \u00e0 la plage, ce maillot de bain allie style, confort et allure sans effort. Laissez-vous s\u00e9duire par la d\u00e9esse qui sommeille en vous et faites tourner les t\u00eates avec cet indispensable de l'\u00e9t\u00e9.<img decoding=\"async\" style=\"font-size: 14px; max-width: 100%;\" src=\"https:\/\/cc-west-usa.oss-accelerate.aliyuncs.com\/20190530\/1240848655337.png\" alt=\"\"><img loading=\"lazy\" decoding=\"async\" class=\"alignnone\" style=\"font-size: 14px; max-width: 100%;\" src=\"https:\/\/cc-west-usa.oss-accelerate.aliyuncs.com\/20190530\/30121503607600.png\" alt=\"Maillot de bain une pi\u00e8ce sexy pour femmes\" width=\"514\" height=\"515\" \/><br \/>\n<img decoding=\"async\" style=\"font-size: 14px; max-width: 100%;\" src=\"https:\/\/cc-west-usa.oss-accelerate.aliyuncs.com\/20190530\/1785132370299.png\" alt=\"\"><br \/>\n<img decoding=\"async\" style=\"font-size: 14px; max-width: 100%;\" src=\"https:\/\/cc-west-usa.oss-accelerate.aliyuncs.com\/20190530\/552325312954.png\" alt=\"\"><\/p>","protected":false},"excerpt":{"rendered":"<p>Maillot de bain une pi\u00e8ce sexy pour femmes, con\u00e7u pour flatter et donner de l'assurance. Parfait pour toutes les occasions, il allie style, confort et allure sans effort.<\/p>","protected":false},"featured_media":14667,"comment_status":"open","ping_status":"closed","template":"","meta":[],"product_brand":[],"product_cat":[37,39],"product_tag":[],"class_list":{"0":"post-7643","1":"product","2":"type-product","3":"status-publish","4":"has-post-thumbnail","6":"product_cat-sale","7":"product_cat-swimsuit","9":"first","10":"instock","11":"sale","12":"taxable","13":"shipping-taxable","14":"purchasable","15":"product-type-variable"},"_links":{"self":[{"href":"https:\/\/beacheden.com\/fr\/wp-json\/wp\/v2\/product\/7643","targetHints":{"allow":["GET"]}}],"collection":[{"href":"https:\/\/beacheden.com\/fr\/wp-json\/wp\/v2\/product"}],"about":[{"href":"https:\/\/beacheden.com\/fr\/wp-json\/wp\/v2\/types\/product"}],"replies":[{"embeddable":true,"href":"https:\/\/beacheden.com\/fr\/wp-json\/wp\/v2\/comments?post=7643"}],"wp:featuredmedia":[{"embeddable":true,"href":"https:\/\/beacheden.com\/fr\/wp-json\/wp\/v2\/media\/14667"}],"wp:attachment":[{"href":"https:\/\/beacheden.com\/fr\/wp-json\/wp\/v2\/media?parent=7643"}],"wp:term":[{"taxonomy":"product_brand","embeddable":true,"href":"https:\/\/beacheden.com\/fr\/wp-json\/wp\/v2\/product_brand?post=7643"},{"taxonomy":"product_cat","embeddable":true,"href":"https:\/\/beacheden.com\/fr\/wp-json\/wp\/v2\/product_cat?post=7643"},{"taxonomy":"product_tag","embeddable":true,"href":"https:\/\/beacheden.com\/fr\/wp-json\/wp\/v2\/product_tag?post=7643"}],"curies":[{"name":"wp","href":"https:\/\/api.w.org\/{rel}","templated":true}]}}