{"id":7628,"date":"2023-03-17T10:56:04","date_gmt":"2023-03-17T17:56:04","guid":{"rendered":"https:\/\/beacheden.com\/uncategorized\/ruffled-totem-one-piece-bikini-backless\/"},"modified":"2025-07-21T14:27:10","modified_gmt":"2025-07-21T21:27:10","slug":"maillot-de-bain-une-piece-a-volants","status":"publish","type":"product","link":"https:\/\/beacheden.com\/fr\/maillot-de-bain-une-piece-a-volants\/","title":{"rendered":"Totem une pi\u00e8ce \u00e0 volants Bikini dos nu"},"content":{"rendered":"<p><b>D\u00e9tails du produit :<\/b><\/p>\n<p>Style : Maillot de bain une pi\u00e8ce<\/p>\n<p>Sexe applicable : f\u00e9minin<\/p>\n<p>Motif : Floral<\/p>\n<p>Nom du tissu : polyester<\/p>\n<p>Contenu du tissu : 82 (%)<\/p>\n<p>Couleur : costume 1<\/p>\n<p><b>Informations sur la taille :<\/b><\/p>\n<p>Taille : S, M, L<\/p>\n<table>\n<colgroup>\n<col \/>\n<col \/>\n<col \/> <\/colgroup>\n<tbody>\n<tr>\n<td>Taille\uff08cm\uff09<\/td>\n<td>Longueur<\/td>\n<td>Buste<\/td>\n<td>Taille<\/td>\n<\/tr>\n<tr>\n<td>S<\/td>\n<td>72<\/td>\n<td>98<\/td>\n<td>63<\/td>\n<\/tr>\n<tr>\n<td>M<\/td>\n<td>74<\/td>\n<td>102<\/td>\n<td>67<\/td>\n<\/tr>\n<tr>\n<td>L<\/td>\n<td>76<\/td>\n<td>106<\/td>\n<td>71<\/td>\n<\/tr>\n<\/tbody>\n<\/table>\n<p><b>La pr\u00e9vention :<\/b><\/p>\n<p>1. <a href=\"https:\/\/beacheden.com\/fr\/combinaison-longue-a-imprime-chale-pour-femmes\/?wmc-currency=EUR\" title=\"Combinaison \u00e0 imprim\u00e9 long ch\u00e2le pour femmes, nouveau style europ\u00e9en et am\u00e9ricain\" target=\"_blank\" rel=\"noopener\"  data-wpil-monitor-id=\"101\">Tailles asiatiques<\/a> sont 1 \u00e0 2 tailles plus petites que les tailles europ\u00e9ennes et am\u00e9ricaines. Si votre taille se situe entre les deux, veuillez choisir la taille la plus grande. En raison des mesures manuelles, la diff\u00e9rence est de 2 \u00e0 3 cm.<\/p>\n<p>2. Si vous ne savez pas comment choisir la taille, veuillez v\u00e9rifier soigneusement le tableau des tailles avant d'acheter l'article, ou contactez notre service client\u00e8le.<\/p>\n<p>3. Comme vous le savez, les ordinateurs affichent les couleurs de diff\u00e9rentes mani\u00e8res, la couleur de l'article r\u00e9el peut \u00eatre l\u00e9g\u00e8rement diff\u00e9rente de l'image ci-dessous.<\/p>\n<p><b>Contenu du paquet :<\/b><\/p>\n<p>Body X1<\/p>\n<p><img loading=\"lazy\" decoding=\"async\" class=\"alignnone\" style=\"max-width: 100%;\" src=\"https:\/\/cc-west-usa.oss-accelerate.aliyuncs.com\/fdabf2b9-e178-4b03-9574-908e15856d64.jpg\" alt=\"Maillot de bain une pi\u00e8ce \u00e0 volants\" width=\"800\" height=\"800\" \/><br \/>\n<img decoding=\"async\" style=\"max-width: 100%;\" src=\"https:\/\/cc-west-usa.oss-accelerate.aliyuncs.com\/8a1b052d-4810-4167-a62a-5aa591e67ac8.jpg\" alt=\"\"><br \/>\n<img decoding=\"async\" style=\"max-width: 100%;\" src=\"https:\/\/cc-west-usa.oss-accelerate.aliyuncs.com\/e34e5b53-126d-4574-9cda-22ec5d592aaa.jpg\" alt=\"\"><br \/>\n<img decoding=\"async\" style=\"max-width: 100%;\" src=\"https:\/\/cc-west-usa.oss-accelerate.aliyuncs.com\/bd0e1961-95af-452f-8a13-5633bed0ef95.jpg\" alt=\"\"><br \/>\n<img decoding=\"async\" style=\"max-width: 100%;\" src=\"https:\/\/cc-west-usa.oss-accelerate.aliyuncs.com\/5e2344e2-831b-426a-9749-254c74ab4a4b.jpg\" alt=\"\"><\/p>","protected":false},"excerpt":{"rendered":"<p>Le maillot de bain une pi\u00e8ce \u00e0 volants offre un style chic et f\u00e9minin avec une coupe confortable. Parfait pour la plage, il allie \u00e9l\u00e9gance et fonctionnalit\u00e9 sans effort.<\/p>","protected":false},"featured_media":7623,"comment_status":"open","ping_status":"closed","template":"","meta":[],"product_brand":[],"product_cat":[37,39],"product_tag":[],"class_list":{"0":"post-7628","1":"product","2":"type-product","3":"status-publish","4":"has-post-thumbnail","6":"product_cat-sale","7":"product_cat-swimsuit","9":"first","10":"instock","11":"sale","12":"taxable","13":"shipping-taxable","14":"purchasable","15":"product-type-variable"},"_links":{"self":[{"href":"https:\/\/beacheden.com\/fr\/wp-json\/wp\/v2\/product\/7628","targetHints":{"allow":["GET"]}}],"collection":[{"href":"https:\/\/beacheden.com\/fr\/wp-json\/wp\/v2\/product"}],"about":[{"href":"https:\/\/beacheden.com\/fr\/wp-json\/wp\/v2\/types\/product"}],"replies":[{"embeddable":true,"href":"https:\/\/beacheden.com\/fr\/wp-json\/wp\/v2\/comments?post=7628"}],"wp:featuredmedia":[{"embeddable":true,"href":"https:\/\/beacheden.com\/fr\/wp-json\/wp\/v2\/media\/7623"}],"wp:attachment":[{"href":"https:\/\/beacheden.com\/fr\/wp-json\/wp\/v2\/media?parent=7628"}],"wp:term":[{"taxonomy":"product_brand","embeddable":true,"href":"https:\/\/beacheden.com\/fr\/wp-json\/wp\/v2\/product_brand?post=7628"},{"taxonomy":"product_cat","embeddable":true,"href":"https:\/\/beacheden.com\/fr\/wp-json\/wp\/v2\/product_cat?post=7628"},{"taxonomy":"product_tag","embeddable":true,"href":"https:\/\/beacheden.com\/fr\/wp-json\/wp\/v2\/product_tag?post=7628"}],"curies":[{"name":"wp","href":"https:\/\/api.w.org\/{rel}","templated":true}]}}