{"id":7558,"date":"2023-03-17T10:51:50","date_gmt":"2023-03-17T17:51:50","guid":{"rendered":"https:\/\/beacheden.com\/uncategorized\/european-and-american-triangle-hanging-neck-cross-bikini-points\/"},"modified":"2025-07-21T00:40:38","modified_gmt":"2025-07-21T07:40:38","slug":"bikini-triangle-2","status":"publish","type":"product","link":"https:\/\/beacheden.com\/fr\/bikini-triangle-2\/","title":{"rendered":"Bikini europ\u00e9en et am\u00e9ricain \u00e0 triangle suspendu et \u00e0 encolure crois\u00e9e"},"content":{"rendered":"<p>Le bikini Triangle Top est un incontournable de l'\u00e9t\u00e9, con\u00e7u pour allier style, confort et polyvalence. Cette pi\u00e8ce intemporelle est dot\u00e9e de bretelles r\u00e9glables et d'une coupe personnalisable, ce qui permet de flatter toutes les morphologies. Fabriqu\u00e9 dans des tissus de qualit\u00e9 sup\u00e9rieure \u00e0 s\u00e9chage rapide, ce haut de bikini est \u00e0 la fois durable et luxueux.<\/p>\n<p>Son design minimaliste mais chic en fait un v\u00eatement id\u00e9al pour les journ\u00e9es ensoleill\u00e9es \u00e0 la plage ou pour se d\u00e9tendre au bord de la piscine. Associez-le \u00e0 votre maillot de bain pr\u00e9f\u00e9r\u00e9 pour un look \u00e9l\u00e9gant et sans effort. Prenez confiance en vous et profitez du soleil - votre parfait <a href=\"https:\/\/beacheden.com\/fr\/bikini-etincelant-avec-triangle\/?wmc-currency=EUR\" title=\"Maillot de bain bikini fendu de couleur unie noir\" target=\"_blank\" rel=\"noopener\"  data-wpil-monitor-id=\"132\">Bikini triangle<\/a> attend !<\/p>\n<p><b>Informations sur le produit :<\/b><\/p>\n<p>Sexe applicable : Femme<\/p>\n<p>Style du motif : Sexy<\/p>\n<p>Tra\u00een\u00e9e ou non avec de l'acier : avec coussinet thoracique sans support en acier<\/p>\n<p>Nom du tissu : nylon<\/p>\n<p>Sc\u00e9nario d'application : <a href=\"https:\/\/beacheden.com\/fr\/bikini-triangle-2\/?wmc-currency=EUR\" title=\"Bikini europ\u00e9en et am\u00e9ricain \u00e0 triangle suspendu et \u00e0 encolure crois\u00e9e\" target=\"_blank\" rel=\"noopener\"  data-wpil-monitor-id=\"90\">la natation et le pataugeage<\/a><\/p>\n<p>Couleur : noir, bleu, bleu clair, imprim\u00e9 l\u00e9opard<\/p>\n<p><b>Informations sur la taille :<\/b><\/p>\n<p>Taille : S\/M\/L\/XL\/XXL\/3XL<\/p>\n<p><img decoding=\"async\" style=\"max-width: 100%;\" src=\"https:\/\/cc-west-usa.oss-accelerate.aliyuncs.com\/8fc4e6e2-a7c9-4c4f-8e69-e90ff69d9231.png\" alt=\"\"><\/p>\n<p>&nbsp;<\/p>\n<p>&nbsp;<\/p>\n<p><b>Remarque :<\/b><\/p>\n<p>1. <a href=\"https:\/\/beacheden.com\/fr\/bikini-triangle\/?wmc-currency=EUR\" title=\"Femmes en maillot de bain europ\u00e9en et am\u00e9ricain \u00e0 fente triangulaire\" target=\"_blank\" rel=\"noopener\"  data-wpil-monitor-id=\"169\">Tailles asiatiques<\/a> sont 1 \u00e0 2 tailles plus petites que les Europ\u00e9ens et les Am\u00e9ricains. Choisissez la taille sup\u00e9rieure si votre taille se situe entre deux tailles. Veuillez tenir compte d'une diff\u00e9rence de 2 \u00e0 3 cm due aux mesures manuelles.<\/p>\n<p>2. Si vous ne savez pas comment choisir votre taille, veuillez contacter notre service client\u00e8le.<\/p>\n<p>3. comme vous le savez, les ordinateurs affichent les couleurs diff\u00e9remment, la couleur de l'article r\u00e9el peut varier l\u00e9g\u00e8rement par rapport aux images suivantes.<\/p>\n<p><b>Liste d'emballage :<\/b><\/p>\n<p>Top*1+Pantalon*1<\/p>\n<p>&nbsp;<\/p>\n<p><b>Image du produit :<\/b><\/p>\n<p><img loading=\"lazy\" decoding=\"async\" class=\"alignnone\" style=\"max-width: 100%;\" src=\"https:\/\/cc-west-usa.oss-accelerate.aliyuncs.com\/8259eec0-cbb7-40ee-b5b3-ae679a4bcd19.jpg\" alt=\"Bikini triangle\" width=\"800\" height=\"800\" \/><br \/>\n<img decoding=\"async\" style=\"max-width: 100%;\" src=\"https:\/\/cc-west-usa.oss-accelerate.aliyuncs.com\/b8c5dd49-ceaf-478f-baa0-ee02500c1a59.jpg\" alt=\"\"><br \/>\n<img decoding=\"async\" style=\"max-width: 100%;\" src=\"https:\/\/cc-west-usa.oss-accelerate.aliyuncs.com\/30138765-7fef-434b-b777-741223a6e458.jpg\" alt=\"\"><br \/>\n<img decoding=\"async\" style=\"max-width: 100%;\" src=\"https:\/\/cc-west-usa.oss-accelerate.aliyuncs.com\/0e3e0d9e-827f-4038-93b8-5039b6b50ec8.jpg\" alt=\"\"><br \/>\n<img decoding=\"async\" style=\"max-width: 100%;\" src=\"https:\/\/cc-west-usa.oss-accelerate.aliyuncs.com\/38dc6e29-090b-47c3-a812-2ed2cd8a7198.jpg\" alt=\"\"><\/p>","protected":false},"excerpt":{"rendered":"<p>Le bikini Triangle Top offre une coupe chic et ajustable qui flatte toutes les morphologies. Rehaussez votre <a href=\"https:\/\/beacheden.com\/fr\/maillot-de-bain-une-piece-push-up\/?wmc-currency=EUR\" title=\"Maillot de bain une pi\u00e8ce pour dames, imprim\u00e9 push up\" target=\"_blank\" rel=\"noopener\"  data-wpil-monitor-id=\"16\">avec cette pi\u00e8ce incontournable<\/a>Les chaussures de sport sont con\u00e7ues pour \u00eatre confortables et \u00e9l\u00e9gantes. Parfait pour les aventures ensoleill\u00e9es ou pour se pr\u00e9lasser au bord de l'eau.<\/p>","protected":false},"featured_media":7553,"comment_status":"open","ping_status":"closed","template":"","meta":[],"product_brand":[],"product_cat":[40],"product_tag":[],"class_list":{"0":"post-7558","1":"product","2":"type-product","3":"status-publish","4":"has-post-thumbnail","6":"product_cat-bikini","8":"first","9":"instock","10":"taxable","11":"shipping-taxable","12":"purchasable","13":"product-type-variable"},"_links":{"self":[{"href":"https:\/\/beacheden.com\/fr\/wp-json\/wp\/v2\/product\/7558","targetHints":{"allow":["GET"]}}],"collection":[{"href":"https:\/\/beacheden.com\/fr\/wp-json\/wp\/v2\/product"}],"about":[{"href":"https:\/\/beacheden.com\/fr\/wp-json\/wp\/v2\/types\/product"}],"replies":[{"embeddable":true,"href":"https:\/\/beacheden.com\/fr\/wp-json\/wp\/v2\/comments?post=7558"}],"wp:featuredmedia":[{"embeddable":true,"href":"https:\/\/beacheden.com\/fr\/wp-json\/wp\/v2\/media\/7553"}],"wp:attachment":[{"href":"https:\/\/beacheden.com\/fr\/wp-json\/wp\/v2\/media?parent=7558"}],"wp:term":[{"taxonomy":"product_brand","embeddable":true,"href":"https:\/\/beacheden.com\/fr\/wp-json\/wp\/v2\/product_brand?post=7558"},{"taxonomy":"product_cat","embeddable":true,"href":"https:\/\/beacheden.com\/fr\/wp-json\/wp\/v2\/product_cat?post=7558"},{"taxonomy":"product_tag","embeddable":true,"href":"https:\/\/beacheden.com\/fr\/wp-json\/wp\/v2\/product_tag?post=7558"}],"curies":[{"name":"wp","href":"https:\/\/api.w.org\/{rel}","templated":true}]}}