{"id":7393,"date":"2023-03-17T10:49:51","date_gmt":"2023-03-17T17:49:51","guid":{"rendered":"https:\/\/beacheden.com\/uncategorized\/new-bikini-womens-one-piece-swimsuit-striped\/"},"modified":"2025-07-21T14:06:47","modified_gmt":"2025-07-21T21:06:47","slug":"bikini-raye","status":"publish","type":"product","link":"https:\/\/beacheden.com\/fr\/bikini-raye\/","title":{"rendered":"Nouveau Bikini Maillot de bain une pi\u00e8ce ray\u00e9 pour femmes"},"content":{"rendered":"<p><b>Informations sur le produit :<\/b><\/p>\n<p>Composition\uff1aspandex<\/p>\n<p>Composition du tissu contenu\uff1a82 (%)<\/p>\n<p>Poids en grammes\uff1a195 (g)<\/p>\n<p>Nom du mat\u00e9riau\uff1apolyester<\/p>\n<p>Composition\uff1aFibre de polyester<\/p>\n<p>Teneur en ingr\u00e9dients\uff1a95 (%)<\/p>\n<p>Sc\u00e9nario d'application\uff1aNatation et pataugeage<\/p>\n<p>Couleur : rouge, bleu, vert, marron, noir<\/p>\n<p>Taille:S,M,L,XL<\/p>\n<p>&nbsp;<\/p>\n<p><b>Informations sur la taille :<\/b><\/p>\n<p>Taille : S\/M\/L\/XL<\/p>\n<p>Unit\u00e9:CM<\/p>\n<p><img decoding=\"async\" style=\"max-width: 100%;\" src=\"https:\/\/cc-west-usa.oss-accelerate.aliyuncs.com\/af557e02-6348-4cb2-8d19-2b4307121240.jpg\" alt=\"\"><\/p>\n<p><b>Remarque :<\/b><\/p>\n<p>1. Les tailles asiatiques sont 1 \u00e0 2 tailles plus petites que les tailles <a href=\"https:\/\/beacheden.com\/fr\/bikini-en-dentelle\/?wmc-currency=EUR\" title=\"Maillot de bain une pi\u00e8ce Maillot de bain europ\u00e9en et am\u00e9ricain Sexy Lace Hollow Bikini Swimsuit\" target=\"_blank\" rel=\"noopener\"  data-wpil-monitor-id=\"79\">Europ\u00e9en et am\u00e9ricain<\/a> personnes. Choisissez la taille la plus grande si votre taille se situe entre deux tailles. Veuillez tenir compte d'une diff\u00e9rence de 2 \u00e0 3 cm due aux mesures manuelles.<\/p>\n<p>2. Si vous ne savez pas comment choisir votre taille, veuillez contacter notre service client\u00e8le.<\/p>\n<p>3. comme vous le savez, les ordinateurs affichent les couleurs diff\u00e9remment, la couleur de l'article r\u00e9el peut varier l\u00e9g\u00e8rement par rapport aux images suivantes.<\/p>\n<p><b>Liste d'emballage :<\/b><\/p>\n<p>Maillot de bain*1<\/p>\n<p>&nbsp;<\/p>\n<p><b>Image du produit :<\/b><\/p>\n<p><img loading=\"lazy\" decoding=\"async\" class=\"alignnone\" style=\"max-width: 100%;\" src=\"https:\/\/cc-west-usa.oss-accelerate.aliyuncs.com\/cb521bfc-a582-4ca1-9da4-d4e3554a5fc6.jpg\" alt=\"Bikini ray\u00e9\" width=\"1000\" height=\"1000\" \/><br \/>\n<img decoding=\"async\" style=\"max-width: 100%;\" src=\"https:\/\/cc-west-usa.oss-accelerate.aliyuncs.com\/3cd9bfb0-f863-4b2e-901a-f2a65565ffe2.jpg\" alt=\"\"><br \/>\n<img decoding=\"async\" style=\"max-width: 100%;\" src=\"https:\/\/cc-west-usa.oss-accelerate.aliyuncs.com\/4a00b82b-2485-4ffb-a8e7-a854f5693aed.jpg\" alt=\"\"><br \/>\n<img decoding=\"async\" style=\"max-width: 100%;\" src=\"https:\/\/cc-west-usa.oss-accelerate.aliyuncs.com\/b5002a2f-c3e2-49e8-9954-d1c8fd5c5bd6.jpg\" alt=\"\"><br \/>\n<img decoding=\"async\" style=\"max-width: 100%;\" src=\"https:\/\/cc-west-usa.oss-accelerate.aliyuncs.com\/2d989fc9-3c46-47b1-a5bb-eb0d2e53b47d.jpg\" alt=\"\"><br \/>\n<img decoding=\"async\" style=\"max-width: 100%;\" src=\"https:\/\/cc-west-usa.oss-accelerate.aliyuncs.com\/d66b6a16-8998-4209-bc34-1818c591fc84.jpg\" alt=\"\"><br \/>\n<img decoding=\"async\" style=\"max-width: 100%;\" src=\"https:\/\/cc-west-usa.oss-accelerate.aliyuncs.com\/fa968e6b-a6ab-4e55-8870-b724b1998483.jpg\" alt=\"\"><br \/>\n<img decoding=\"async\" style=\"max-width: 100%;\" src=\"https:\/\/cc-west-usa.oss-accelerate.aliyuncs.com\/28df9a5f-7693-4cec-b766-0484ecb17faa.jpg\" alt=\"\"><br \/>\n<img decoding=\"async\" style=\"max-width: 100%;\" src=\"https:\/\/cc-west-usa.oss-accelerate.aliyuncs.com\/5880d042-e788-4818-b770-d199225b2560.jpg\" alt=\"\"><\/p>","protected":false},"excerpt":{"rendered":"<p>Bikini ray\u00e9 con\u00e7u pour flatter toutes les silhouettes. Avec ses motifs audacieux et son tissu confortable, c'est le mod\u00e8le id\u00e9al pour un style chic au bord de la mer. Plongez dans l'\u00e9l\u00e9gance sans effort d\u00e8s aujourd'hui !<\/p>","protected":false},"featured_media":7374,"comment_status":"open","ping_status":"closed","template":"","meta":[],"product_brand":[],"product_cat":[37,39],"product_tag":[],"class_list":{"0":"post-7393","1":"product","2":"type-product","3":"status-publish","4":"has-post-thumbnail","6":"product_cat-sale","7":"product_cat-swimsuit","9":"first","10":"instock","11":"sale","12":"taxable","13":"shipping-taxable","14":"purchasable","15":"product-type-variable"},"_links":{"self":[{"href":"https:\/\/beacheden.com\/fr\/wp-json\/wp\/v2\/product\/7393","targetHints":{"allow":["GET"]}}],"collection":[{"href":"https:\/\/beacheden.com\/fr\/wp-json\/wp\/v2\/product"}],"about":[{"href":"https:\/\/beacheden.com\/fr\/wp-json\/wp\/v2\/types\/product"}],"replies":[{"embeddable":true,"href":"https:\/\/beacheden.com\/fr\/wp-json\/wp\/v2\/comments?post=7393"}],"wp:featuredmedia":[{"embeddable":true,"href":"https:\/\/beacheden.com\/fr\/wp-json\/wp\/v2\/media\/7374"}],"wp:attachment":[{"href":"https:\/\/beacheden.com\/fr\/wp-json\/wp\/v2\/media?parent=7393"}],"wp:term":[{"taxonomy":"product_brand","embeddable":true,"href":"https:\/\/beacheden.com\/fr\/wp-json\/wp\/v2\/product_brand?post=7393"},{"taxonomy":"product_cat","embeddable":true,"href":"https:\/\/beacheden.com\/fr\/wp-json\/wp\/v2\/product_cat?post=7393"},{"taxonomy":"product_tag","embeddable":true,"href":"https:\/\/beacheden.com\/fr\/wp-json\/wp\/v2\/product_tag?post=7393"}],"curies":[{"name":"wp","href":"https:\/\/api.w.org\/{rel}","templated":true}]}}