{"id":7091,"date":"2023-03-17T10:17:02","date_gmt":"2023-03-17T17:17:02","guid":{"rendered":"https:\/\/beacheden.com\/uncategorized\/womens-bandaging-printed-bikini-swimsuit\/"},"modified":"2025-11-01T13:36:10","modified_gmt":"2025-11-01T20:36:10","slug":"bandage-bikini","status":"publish","type":"product","link":"https:\/\/beacheden.com\/fr\/bandage-bikini\/","title":{"rendered":"Maillot de bain bikini imprim\u00e9 bandant pour femmes"},"content":{"rendered":"<p>Le Bandaging Bikini est le secret d'une \u00e9l\u00e9gance et d'une confiance en soi sans effort au bord de l'eau. Con\u00e7u avec une technologie de compression innovante, ce bikini lisse, sculpte et met en valeur vos courbes naturelles pour une silhouette parfaite. Son tissu extensible de haute qualit\u00e9 assure un confort tout au long de la journ\u00e9e et reste en place \u00e0 chaque \u00e9claboussure et moment de soleil.<\/p>\n<p>Que vous vous pr\u00e9lassiez au bord de la piscine ou que vous plongiez dans les vagues, cette <a href=\"https:\/\/beacheden.com\/fr\/bikini-a-epaules-inclinees\/?wmc-currency=EUR\" title=\"Bikini \u00e0 \u00e9paules inclin\u00e9es en tissu brillant\" target=\"_blank\" rel=\"noopener\"  data-wpil-monitor-id=\"182\">les maillots de bain \u00e9l\u00e9gants allient fonctionnalit\u00e9 et design \u00e0 la mode<\/a>. Disponible dans une gamme de <a href=\"https:\/\/beacheden.com\/fr\/bikini-plisse\/?wmc-currency=EUR\" title=\"Bikini pliss\u00e9 de couleur unie pour femmes europ\u00e9ennes et am\u00e9ricaines\" target=\"_blank\" rel=\"noopener\"  data-wpil-monitor-id=\"167\">des couleurs vives et des motifs chics<\/a>, Le Bandaging Bikini vous permet d'avoir l'air et de vous sentir au mieux de votre forme, parce que vous m\u00e9ritez de briller !<\/p>\n<p><b>Informations sur le produit :<\/b><\/p>\n<p>Sexe applicable : f\u00e9minin<\/p>\n<p>Nom du tissu : spandex, nylon<\/p>\n<p>Nom du mat\u00e9riau : fibre de polyester<\/p>\n<p>Domaine d'application : natation, pataugeoire<\/p>\n<p>Couleur : blanc, noir<\/p>\n<p>&nbsp;<\/p>\n<p><b>Informations sur la taille :<\/b><\/p>\n<p>Taille : S\/M\/L\/XL<\/p>\n<table style=\"text-align: center;\" border=\"0\" width=\"100%\" cellspacing=\"0\" cellpadding=\"0\">\n<tbody>\n<tr>\n<th>Taille:cm<\/th>\n<th>Taille<\/th>\n<th>Buste<\/th>\n<th>Hanche<\/th>\n<\/tr>\n<tr>\n<td>S<\/td>\n<td>60-65<\/td>\n<td>75-80<\/td>\n<td>80-85<\/td>\n<\/tr>\n<tr>\n<td>M<\/td>\n<td>65-70<\/td>\n<td>80-85<\/td>\n<td>85-90<\/td>\n<\/tr>\n<tr>\n<td>L<\/td>\n<td>70-75<\/td>\n<td>85-90<\/td>\n<td>90-95<\/td>\n<\/tr>\n<tr>\n<td>XL<\/td>\n<td>75-80<\/td>\n<td>90-95<\/td>\n<td>95-100<\/td>\n<\/tr>\n<\/tbody>\n<\/table>\n<p>&nbsp;<\/p>\n<p><b>Remarque :<\/b><\/p>\n<p>1. Les tailles asiatiques sont 1 \u00e0 2 tailles plus petites que les tailles europ\u00e9ennes et am\u00e9ricaines. Choisissez la taille la plus grande si votre taille se situe entre deux tailles. Veuillez tenir compte d'une diff\u00e9rence de 2 \u00e0 3 cm due aux mesures manuelles.<\/p>\n<p>2. Si vous ne savez pas comment choisir votre taille, veuillez contacter notre service client\u00e8le.<\/p>\n<p>3. comme vous le savez, les ordinateurs affichent les couleurs diff\u00e9remment, la couleur de l'article r\u00e9el peut varier l\u00e9g\u00e8rement par rapport aux images suivantes.<\/p>\n<p><b>Liste d'emballage :<\/b><\/p>\n<p>Top*1+Pantalon*1<\/p>\n<p>&nbsp;<\/p>\n<p><b>Image du produit :<\/b><\/p>\n<p><img decoding=\"async\" src=\"https:\/\/cc-west-usa.oss-accelerate.aliyuncs.com\/16778880\/1631880483182874624.jpg\" alt=\"\"><\/p>\n<p><img decoding=\"async\" src=\"https:\/\/cc-west-usa.oss-accelerate.aliyuncs.com\/16778880\/1631880488111181824.jpg\" alt=\"\"><\/p>\n<p><img decoding=\"async\" src=\"https:\/\/cc-west-usa.oss-accelerate.aliyuncs.com\/16778880\/1631880491927998464.jpg\" alt=\"\"><\/p>\n<p><img decoding=\"async\" src=\"https:\/\/cc-west-usa.oss-accelerate.aliyuncs.com\/16778880\/1631880496097136640.jpg\" alt=\"\"><\/p>","protected":false},"excerpt":{"rendered":"<p>Le bikini \u00e0 bandes offre une coupe impeccable qui lisse et galbe tous les types de corps. Parfait pour <a href=\"https:\/\/beacheden.com\/fr\/bikini-sexy-en-maille\/?wmc-currency=EUR\" title=\"Bikini sexy en maille\" target=\"_blank\" rel=\"noopener\"  data-wpil-monitor-id=\"74\">les journ\u00e9es \u00e0 la plage ou les f\u00eates au bord de la piscine<\/a>Ce maillot de bain \u00e9l\u00e9gant allie soutien, confort et design tendance pour que vous vous sentiez irr\u00e9prochable. Embrassez l'\u00e9t\u00e9 avec style !<\/p>","protected":false},"featured_media":7087,"comment_status":"open","ping_status":"closed","template":"","meta":[],"product_brand":[],"product_cat":[40],"product_tag":[],"class_list":{"0":"post-7091","1":"product","2":"type-product","3":"status-publish","4":"has-post-thumbnail","6":"product_cat-bikini","8":"first","9":"instock","10":"taxable","11":"shipping-taxable","12":"purchasable","13":"product-type-variable"},"_links":{"self":[{"href":"https:\/\/beacheden.com\/fr\/wp-json\/wp\/v2\/product\/7091","targetHints":{"allow":["GET"]}}],"collection":[{"href":"https:\/\/beacheden.com\/fr\/wp-json\/wp\/v2\/product"}],"about":[{"href":"https:\/\/beacheden.com\/fr\/wp-json\/wp\/v2\/types\/product"}],"replies":[{"embeddable":true,"href":"https:\/\/beacheden.com\/fr\/wp-json\/wp\/v2\/comments?post=7091"}],"wp:featuredmedia":[{"embeddable":true,"href":"https:\/\/beacheden.com\/fr\/wp-json\/wp\/v2\/media\/7087"}],"wp:attachment":[{"href":"https:\/\/beacheden.com\/fr\/wp-json\/wp\/v2\/media?parent=7091"}],"wp:term":[{"taxonomy":"product_brand","embeddable":true,"href":"https:\/\/beacheden.com\/fr\/wp-json\/wp\/v2\/product_brand?post=7091"},{"taxonomy":"product_cat","embeddable":true,"href":"https:\/\/beacheden.com\/fr\/wp-json\/wp\/v2\/product_cat?post=7091"},{"taxonomy":"product_tag","embeddable":true,"href":"https:\/\/beacheden.com\/fr\/wp-json\/wp\/v2\/product_tag?post=7091"}],"curies":[{"name":"wp","href":"https:\/\/api.w.org\/{rel}","templated":true}]}}