{"id":6910,"date":"2023-03-17T09:57:51","date_gmt":"2023-03-17T16:57:51","guid":{"rendered":"https:\/\/beacheden.com\/uncategorized\/bohemian-cutout-strap-high-waist-one-piece\/"},"modified":"2025-04-07T23:32:19","modified_gmt":"2025-04-08T06:32:19","slug":"maillot-de-bain-boheme","status":"publish","type":"product","link":"https:\/\/beacheden.com\/fr\/maillot-de-bain-boheme\/","title":{"rendered":"Maillot de bain taille haute \u00e0 d\u00e9coupe boh\u00e9mienne"},"content":{"rendered":"<p><b>D\u00e9tails du produit :<\/b><\/p>\n<p>Sexe applicable : f\u00e9minin<\/p>\n<p>Composition du tissu : Polyester (Polyester)<\/p>\n<p>Contenu du tissu : 82 (%)<\/p>\n<p>Couleur : jaune, rouge<\/p>\n<p><b>Informations sur la taille :<\/b><\/p>\n<p>Taille : S, M, L<\/p>\n<table>\n<colgroup>\n<col \/>\n<col \/>\n<col \/>\n<col \/>\n<col \/> <\/colgroup>\n<tbody>\n<tr>\n<td>Unit\u00e9\uff1acm<\/td>\n<td>Taille<\/td>\n<td>Buste<\/td>\n<td>Taille<\/td>\n<td>Hanches<\/td>\n<\/tr>\n<tr>\n<td><\/td>\n<td>S<\/td>\n<td>74\/80<\/td>\n<td>68\/72<\/td>\n<td>78\/85<\/td>\n<\/tr>\n<tr>\n<td><\/td>\n<td>M<\/td>\n<td>78\/85<\/td>\n<td>72\/76<\/td>\n<td>85\/91<\/td>\n<\/tr>\n<tr>\n<td><\/td>\n<td>L<\/td>\n<td>82\/90<\/td>\n<td>76\/80<\/td>\n<td>91\/97<\/td>\n<\/tr>\n<tr>\n<td><\/td>\n<td>XL<\/td>\n<td>86\/95<\/td>\n<td>80\/84<\/td>\n<td>97\/105<\/td>\n<\/tr>\n<\/tbody>\n<\/table>\n<p><b><br \/>\nLa pr\u00e9vention :<\/b><\/p>\n<p>1. Les tailles asiatiques sont 1 \u00e0 2 tailles plus petites que les tailles europ\u00e9ennes et am\u00e9ricaines. Choisissez la taille la plus grande si votre taille se situe entre deux tailles. Veuillez tenir compte d'une diff\u00e9rence de 2 \u00e0 3 cm due aux mesures manuelles.<\/p>\n<p>2. Si vous ne savez pas comment choisir votre taille, veuillez contacter notre service client\u00e8le.<\/p>\n<p>3. comme vous le savez, les ordinateurs affichent les couleurs diff\u00e9remment, la couleur de l'article r\u00e9el peut varier l\u00e9g\u00e8rement par rapport aux images suivantes.<\/p>\n<p><b>Contenu du paquet :<\/b><\/p>\n<p>Maillot de bain*1+Foulard*1<\/p>\n<p><img decoding=\"async\" style=\"max-width: 100%;\" src=\"https:\/\/cc-west-usa.oss-accelerate.aliyuncs.com\/d2a5312a-326c-4bda-b153-aa31ed5778da.jpg\" alt=\"\"><br \/>\n<img loading=\"lazy\" decoding=\"async\" class=\"alignnone\" style=\"max-width: 100%;\" src=\"https:\/\/cc-west-usa.oss-accelerate.aliyuncs.com\/e5880596-0201-4827-959a-36001c05d741.jpg\" alt=\"Maillot de bain boh\u00e8me\" width=\"1340\" height=\"1785\" \/><br \/>\n<img decoding=\"async\" style=\"max-width: 100%;\" src=\"https:\/\/cc-west-usa.oss-accelerate.aliyuncs.com\/34f8a1d9-c8c7-40a0-9a35-619b65d50b67.jpg\" alt=\"\"><br \/>\n<img decoding=\"async\" style=\"max-width: 100%;\" src=\"https:\/\/cc-west-usa.oss-accelerate.aliyuncs.com\/874f723e-238c-4db3-8a78-8898864d9663.jpg\" alt=\"\"><br \/>\n<img decoding=\"async\" style=\"max-width: 100%;\" src=\"https:\/\/cc-west-usa.oss-accelerate.aliyuncs.com\/874199ba-713c-4aee-b6a7-9516566a07aa.jpg\" alt=\"\"><br \/>\n<img decoding=\"async\" style=\"max-width: 100%;\" src=\"https:\/\/cc-west-usa.oss-accelerate.aliyuncs.com\/5a430f84-edc7-4265-b28b-1855e6e5235c.jpg\" alt=\"\"><br \/>\n<img decoding=\"async\" style=\"max-width: 100%;\" src=\"https:\/\/cc-west-usa.oss-accelerate.aliyuncs.com\/443d1bc8-b60e-4aee-ba79-7f74864e6d28.jpg\" alt=\"\"><\/p>","protected":false},"excerpt":{"rendered":"<p>Ce maillot de bain boh\u00e8me combine des imprim\u00e9s audacieux, des d\u00e9tails complexes et une coupe d\u00e9contract\u00e9e, offrant confort et style. Parfait pour les aventuri\u00e8res \u00e0 l'esprit libre qui recherchent des maillots de bain uniques qui se distinguent sous le soleil. Rehaussez votre look de plage d\u00e8s aujourd'hui !<\/p>","protected":false},"featured_media":6903,"comment_status":"open","ping_status":"closed","template":"","meta":[],"product_brand":[],"product_cat":[37,39],"product_tag":[],"class_list":{"0":"post-6910","1":"product","2":"type-product","3":"status-publish","4":"has-post-thumbnail","6":"product_cat-sale","7":"product_cat-swimsuit","9":"first","10":"instock","11":"sale","12":"taxable","13":"shipping-taxable","14":"purchasable","15":"product-type-variable"},"_links":{"self":[{"href":"https:\/\/beacheden.com\/fr\/wp-json\/wp\/v2\/product\/6910","targetHints":{"allow":["GET"]}}],"collection":[{"href":"https:\/\/beacheden.com\/fr\/wp-json\/wp\/v2\/product"}],"about":[{"href":"https:\/\/beacheden.com\/fr\/wp-json\/wp\/v2\/types\/product"}],"replies":[{"embeddable":true,"href":"https:\/\/beacheden.com\/fr\/wp-json\/wp\/v2\/comments?post=6910"}],"wp:featuredmedia":[{"embeddable":true,"href":"https:\/\/beacheden.com\/fr\/wp-json\/wp\/v2\/media\/6903"}],"wp:attachment":[{"href":"https:\/\/beacheden.com\/fr\/wp-json\/wp\/v2\/media?parent=6910"}],"wp:term":[{"taxonomy":"product_brand","embeddable":true,"href":"https:\/\/beacheden.com\/fr\/wp-json\/wp\/v2\/product_brand?post=6910"},{"taxonomy":"product_cat","embeddable":true,"href":"https:\/\/beacheden.com\/fr\/wp-json\/wp\/v2\/product_cat?post=6910"},{"taxonomy":"product_tag","embeddable":true,"href":"https:\/\/beacheden.com\/fr\/wp-json\/wp\/v2\/product_tag?post=6910"}],"curies":[{"name":"wp","href":"https:\/\/api.w.org\/{rel}","templated":true}]}}