{"id":6525,"date":"2023-03-17T09:34:31","date_gmt":"2023-03-17T16:34:31","guid":{"rendered":"https:\/\/beacheden.com\/uncategorized\/foreign-trade-plus-size-womens-woven-casual-flat-sandals-and-slippers\/"},"modified":"2025-06-27T22:38:43","modified_gmt":"2025-06-28T05:38:43","slug":"commerce-exterieur-plus-size-womens-woven-casual-flat-sandals-and-slippers","status":"publish","type":"product","link":"https:\/\/beacheden.com\/fr\/commerce-exterieur-plus-size-womens-woven-casual-flat-sandals-and-slippers\/","title":{"rendered":"Commerce ext\u00e9rieur Plus Size Women's Woven Casual Flat Sandals And Slippers"},"content":{"rendered":"<p>\n <b>Vue d'ensemble :<\/b><br \/>\n <br \/>\n Design unique, \u00e9l\u00e9gant et beau.<br \/>\n <br \/>\n Bonne mati\u00e8re, pieds confortables.<br \/>\n <br \/>\n Une vari\u00e9t\u00e9 de couleurs, au choix.<\/p>\n<p> <b>Sp\u00e9cification :<\/b><br \/>\n \n<\/p>\n<p>\n \u00c9l\u00e9ments de mode : ceinture tiss\u00e9e<br \/>\n <br \/>\n Mati\u00e8re sup\u00e9rieure : PU artificiel<br \/>\n <br \/>\n Mat\u00e9riau de la semelle : Caoutchouc<br \/>\n <br \/>\n Sexe applicable : f\u00e9minin<br \/>\n <br \/>\n style : D\u00e9contract\u00e9<br \/>\n <br \/>\n Fonction : s\u00e9chage rapide, respirant, l\u00e9ger<br \/>\n <br \/>\n Couleur : blanc, jaune, vert, noir, abricot<br \/>\n <br \/>\n Size: 35,36,37,38,39,40,41,42,43\n<\/p>\n<p>\n <br \/>\n <b>Contenu de l'emballage :<\/b><br \/>\n <br \/>\n 1 paire de chaussures\n<\/p>\n<p>\n \n<\/p>\n<p>\n <b>Information sur la taille\uff1a<\/b>\n<\/p>\n<p>\n <img decoding=\"async\" src=\"https:\/\/cc-west-usa.oss-accelerate.aliyuncs.com\/1623468664001.png\" style=\"max-width:100%\" alt=\"\"><br \/>\n \n<\/p>\n<p>\n Note\uff1a<br \/>\n <br \/>\n 1. Les tailles asiatiques sont 1 \u00e0 2 tailles plus petites que les tailles europ\u00e9ennes et am\u00e9ricaines. Choisissez la taille la plus grande si votre taille se situe entre deux tailles. Veuillez tenir compte d'une diff\u00e9rence de 2 \u00e0 3 cm due aux mesures manuelles.<\/p>\n<p> 2. Si vous ne savez pas comment choisir votre taille, veuillez contacter notre service client\u00e8le.<\/p>\n<p> 3. comme vous le savez, les ordinateurs affichent les couleurs diff\u00e9remment, la couleur de l'article r\u00e9el peut varier l\u00e9g\u00e8rement par rapport aux images suivantes.\n<\/p>\n<p>\n \n<\/p>\n<p>\n <img decoding=\"async\" src=\"https:\/\/cc-west-usa.oss-accelerate.aliyuncs.com\/1623468682291.jpg\" style=\"max-width:100%\" alt=\"\"><br \/>\n <img decoding=\"async\" src=\"https:\/\/cc-west-usa.oss-accelerate.aliyuncs.com\/1623468682293.jpg\" style=\"max-width: 100%\" alt=\"\"><br \/>\n <img decoding=\"async\" src=\"https:\/\/cc-west-usa.oss-accelerate.aliyuncs.com\/1623468682300.jpg\" style=\"max-width: 100%\" alt=\"\"><br \/>\n <img decoding=\"async\" src=\"https:\/\/cc-west-usa.oss-accelerate.aliyuncs.com\/1623468682603.jpg\" style=\"max-width: 100%\" alt=\"\"><br \/>\n <img decoding=\"async\" src=\"https:\/\/cc-west-usa.oss-accelerate.aliyuncs.com\/1623468682604.jpg\" style=\"max-width: 100%\" alt=\"\"><br \/>\n <img decoding=\"async\" src=\"https:\/\/cc-west-usa.oss-accelerate.aliyuncs.com\/1623468682298.jpg\" style=\"max-width: 100%\" alt=\"\"><br \/>\n <img decoding=\"async\" src=\"https:\/\/cc-west-usa.oss-accelerate.aliyuncs.com\/1623468682290.jpg\" style=\"max-width: 100%\" alt=\"\"><br \/>\n <img decoding=\"async\" src=\"https:\/\/cc-west-usa.oss-accelerate.aliyuncs.com\/1623468682301.jpg\" style=\"max-width: 100%\" alt=\"\"><br \/>\n <\/p>","protected":false},"excerpt":{"rendered":"<p>Overview: Unique design, stylish and beautiful. Good material, comfortable feet. A variety of colors, any choice. Specification: Fashion elements: woven belt Upper material: artificial PU Sole Material: Rubber Applicable gender: female style: Casual Function: quick-drying, breathable, lightweight Color: white, yellow, green, black, apricot Size: 35,36,37,38,39,40,41,42,43 Package Content: 1 pair x shoes Size Information\uff1a Note\uff1a 1. [&#8230;]\n","protected":false},"featured_media":6516,"comment_status":"open","ping_status":"closed","template":"","meta":[],"product_brand":[],"product_cat":[43],"product_tag":[],"class_list":{"0":"post-6525","1":"product","2":"type-product","3":"status-publish","4":"has-post-thumbnail","6":"product_cat-sandals","8":"first","9":"instock","10":"sale","11":"taxable","12":"shipping-taxable","13":"purchasable","14":"product-type-variable"},"_links":{"self":[{"href":"https:\/\/beacheden.com\/fr\/wp-json\/wp\/v2\/product\/6525","targetHints":{"allow":["GET"]}}],"collection":[{"href":"https:\/\/beacheden.com\/fr\/wp-json\/wp\/v2\/product"}],"about":[{"href":"https:\/\/beacheden.com\/fr\/wp-json\/wp\/v2\/types\/product"}],"replies":[{"embeddable":true,"href":"https:\/\/beacheden.com\/fr\/wp-json\/wp\/v2\/comments?post=6525"}],"wp:featuredmedia":[{"embeddable":true,"href":"https:\/\/beacheden.com\/fr\/wp-json\/wp\/v2\/media\/6516"}],"wp:attachment":[{"href":"https:\/\/beacheden.com\/fr\/wp-json\/wp\/v2\/media?parent=6525"}],"wp:term":[{"taxonomy":"product_brand","embeddable":true,"href":"https:\/\/beacheden.com\/fr\/wp-json\/wp\/v2\/product_brand?post=6525"},{"taxonomy":"product_cat","embeddable":true,"href":"https:\/\/beacheden.com\/fr\/wp-json\/wp\/v2\/product_cat?post=6525"},{"taxonomy":"product_tag","embeddable":true,"href":"https:\/\/beacheden.com\/fr\/wp-json\/wp\/v2\/product_tag?post=6525"}],"curies":[{"name":"wp","href":"https:\/\/api.w.org\/{rel}","templated":true}]}}