{"id":6356,"date":"2023-03-17T09:30:36","date_gmt":"2023-03-17T16:30:36","guid":{"rendered":"https:\/\/beacheden.com\/uncategorized\/summer-flat-slippers-pleated-design-sandals-womens-beach-shoes\/"},"modified":"2023-05-08T14:37:45","modified_gmt":"2023-05-08T21:37:45","slug":"summer-flat-slippers-pleated-design-sandals-womens-beach-shoes","status":"publish","type":"product","link":"https:\/\/beacheden.com\/fr\/summer-flat-slippers-pleated-design-sandals-womens-beach-shoes\/","title":{"rendered":"Pantoufles plates d'\u00e9t\u00e9 Sandales \u00e0 motif pliss\u00e9 Chaussures de plage pour femmes"},"content":{"rendered":"<p>\n <b>Informations sur le produit :<\/b><br \/>\n <br \/>\n Cat\u00e9gorie de produit<br \/>\n <br \/>\n Groupe d'\u00e2ge concern\u00e9<br \/>\n <br \/>\n style : D\u00e9contract\u00e9<br \/>\n <br \/>\n \u00c9l\u00e9ments populaires surpiq\u00fbres en cuir<br \/>\n <br \/>\n Mati\u00e8re sup\u00e9rieure : cuir synth\u00e9tique<br \/>\n <br \/>\n Caract\u00e9ristiques corticales : Peau de mouton<br \/>\n <br \/>\n S'agit-il de commerce ext\u00e9rieur ?<br \/>\n <br \/>\n Mat\u00e9riau de la semelle PU<br \/>\n <br \/>\n Mat\u00e9riau int\u00e9rieur : cuir<br \/>\n <br \/>\n Fabrication de la semelle Chaussures en viscose<br \/>\n <br \/>\n Fonction respirante<br \/>\n <br \/>\n Saison de l'ann\u00e9e d'inscription (d\u00e9lai de commercialisation) Printemps&nbsp;\n<\/p>\n<p>\n Couleur : blanc, noir, beige, orange<br \/>\n <br \/>\n Chaussons ferm\u00e9s<\/p>\n<p> <b>Informations sur la taille :<\/b><br \/>\n <br \/>\n <img decoding=\"async\" src=\"https:\/\/cc-west-usa.oss-accelerate.aliyuncs.com\/1619603490111.jpg\" style=\"max-width:100%\" alt=\"\"><\/p>\n<p> <b>Liste d'emballage :<\/b>\n<\/p>\n<p>\n Pantoufles*1<br \/>\n \n<\/p>\n<p>\n <img decoding=\"async\" src=\"https:\/\/cc-west-usa.oss-accelerate.aliyuncs.com\/1619603511500.jpg\" style=\"max-width: 100%\" alt=\"\"><br \/>\n <img decoding=\"async\" src=\"https:\/\/cc-west-usa.oss-accelerate.aliyuncs.com\/1619603511502.jpg\" style=\"max-width: 100%\" alt=\"\"><br \/>\n <img decoding=\"async\" src=\"https:\/\/cc-west-usa.oss-accelerate.aliyuncs.com\/1619603511503.jpg\" style=\"max-width: 100%\" alt=\"\"><br \/>\n <img decoding=\"async\" src=\"https:\/\/cc-west-usa.oss-accelerate.aliyuncs.com\/1619603511504.jpg\" style=\"max-width: 100%\" alt=\"\"><br \/>\n <b><br \/>\n  <br \/>\n <\/b><\/p>","protected":false},"excerpt":{"rendered":"<p>Product information: Product category Applicable age group style: Casual Popular elements leather stitching Upper material: synthetic leather Cortical features: Sheepskin Is it foreign trade? Sole material PU Inside material: leather Sole craftsmanship viscose shoes Function breathable Listing year season (time to market) Spring&nbsp; Color: white, black, beige, orange Closed way Slippers Size Information: Packing list: [&#8230;]\n","protected":false},"featured_media":6350,"comment_status":"open","ping_status":"closed","template":"","meta":[],"product_brand":[],"product_cat":[43],"product_tag":[],"class_list":{"0":"post-6356","1":"product","2":"type-product","3":"status-publish","4":"has-post-thumbnail","6":"product_cat-sandals","8":"first","9":"instock","10":"sale","11":"taxable","12":"shipping-taxable","13":"purchasable","14":"product-type-variable"},"_links":{"self":[{"href":"https:\/\/beacheden.com\/fr\/wp-json\/wp\/v2\/product\/6356","targetHints":{"allow":["GET"]}}],"collection":[{"href":"https:\/\/beacheden.com\/fr\/wp-json\/wp\/v2\/product"}],"about":[{"href":"https:\/\/beacheden.com\/fr\/wp-json\/wp\/v2\/types\/product"}],"replies":[{"embeddable":true,"href":"https:\/\/beacheden.com\/fr\/wp-json\/wp\/v2\/comments?post=6356"}],"wp:featuredmedia":[{"embeddable":true,"href":"https:\/\/beacheden.com\/fr\/wp-json\/wp\/v2\/media\/6350"}],"wp:attachment":[{"href":"https:\/\/beacheden.com\/fr\/wp-json\/wp\/v2\/media?parent=6356"}],"wp:term":[{"taxonomy":"product_brand","embeddable":true,"href":"https:\/\/beacheden.com\/fr\/wp-json\/wp\/v2\/product_brand?post=6356"},{"taxonomy":"product_cat","embeddable":true,"href":"https:\/\/beacheden.com\/fr\/wp-json\/wp\/v2\/product_cat?post=6356"},{"taxonomy":"product_tag","embeddable":true,"href":"https:\/\/beacheden.com\/fr\/wp-json\/wp\/v2\/product_tag?post=6356"}],"curies":[{"name":"wp","href":"https:\/\/api.w.org\/{rel}","templated":true}]}}