{"id":5985,"date":"2023-03-17T08:57:20","date_gmt":"2023-03-17T15:57:20","guid":{"rendered":"https:\/\/beacheden.com\/uncategorized\/fashion-casual-korean-beach-sandals-and-slippers\/"},"modified":"2025-08-05T01:24:38","modified_gmt":"2025-08-05T08:24:38","slug":"sandales-et-pantoufles-de-plage-coreennes-a-la-mode-et-decontractees","status":"publish","type":"product","link":"https:\/\/beacheden.com\/fr\/sandales-et-pantoufles-de-plage-coreennes-a-la-mode-et-decontractees\/","title":{"rendered":"Sandales et pantoufles de plage cor\u00e9ennes \u00e0 la mode"},"content":{"rendered":"<p>\n <b>Informations sur le produit :<\/b><br \/>\n <br \/>\n style : D\u00e9contract\u00e9<br \/>\n <br \/>\n Mati\u00e8re sup\u00e9rieure : EVA<br \/>\n <br \/>\n Commerce ext\u00e9rieur : Non<br \/>\n <br \/>\n Mat\u00e9riau de la semelle : PVC<br \/>\n <br \/>\n D\u00e9lai d'exp\u00e9dition le plus court : 1 (jour)<br \/>\n <br \/>\n Rapport d'inspection de la qualit\u00e9 : Non<br \/>\n <br \/>\n Mod\u00e8le : Boh\u00e8me<\/p>\n<p> <b>Liste d'emballage :<\/b><br \/>\n <br \/>\n Sandales et pantoufles X1\n<\/p>\n<p>\n \n<\/p>\n<p>\n <img decoding=\"async\" src=\"https:\/\/cc-west-usa.oss-accelerate.aliyuncs.com\/1623497674593.jpg\" style=\"max-width:100%\" alt=\"\"><br \/>\n <img decoding=\"async\" src=\"https:\/\/cc-west-usa.oss-accelerate.aliyuncs.com\/1623497674595.jpg\" style=\"max-width: 100%\" alt=\"\"><br \/>\n <img decoding=\"async\" src=\"https:\/\/cc-west-usa.oss-accelerate.aliyuncs.com\/1623497674597.jpg\" style=\"max-width: 100%\" alt=\"\"><br \/>\n <img decoding=\"async\" src=\"https:\/\/cc-west-usa.oss-accelerate.aliyuncs.com\/1623497674590.jpg\" style=\"max-width: 100%\" alt=\"\"><br \/>\n <img decoding=\"async\" src=\"https:\/\/cc-west-usa.oss-accelerate.aliyuncs.com\/1623497674598.jpg\" style=\"max-width: 100%\" alt=\"\"><br \/>\n <\/p>","protected":false},"excerpt":{"rendered":"<p>Informations sur le produit : style : Casual Mat\u00e9riau sup\u00e9rieur : EVA Que le commerce ext\u00e9rieur : Non Mat\u00e9riau de la semelle : PVC D\u00e9lai d'exp\u00e9dition le plus rapide : 1 (jour) Rapport d'inspection de la qualit\u00e9 : Non Motif : Bohemia Liste d'emballage : Sandales et pantoufles X1<\/p>","protected":false},"featured_media":5980,"comment_status":"open","ping_status":"closed","template":"","meta":[],"product_brand":[],"product_cat":[43],"product_tag":[],"class_list":{"0":"post-5985","1":"product","2":"type-product","3":"status-publish","4":"has-post-thumbnail","6":"product_cat-sandals","8":"first","9":"instock","10":"taxable","11":"shipping-taxable","12":"purchasable","13":"product-type-variable"},"_links":{"self":[{"href":"https:\/\/beacheden.com\/fr\/wp-json\/wp\/v2\/product\/5985","targetHints":{"allow":["GET"]}}],"collection":[{"href":"https:\/\/beacheden.com\/fr\/wp-json\/wp\/v2\/product"}],"about":[{"href":"https:\/\/beacheden.com\/fr\/wp-json\/wp\/v2\/types\/product"}],"replies":[{"embeddable":true,"href":"https:\/\/beacheden.com\/fr\/wp-json\/wp\/v2\/comments?post=5985"}],"wp:featuredmedia":[{"embeddable":true,"href":"https:\/\/beacheden.com\/fr\/wp-json\/wp\/v2\/media\/5980"}],"wp:attachment":[{"href":"https:\/\/beacheden.com\/fr\/wp-json\/wp\/v2\/media?parent=5985"}],"wp:term":[{"taxonomy":"product_brand","embeddable":true,"href":"https:\/\/beacheden.com\/fr\/wp-json\/wp\/v2\/product_brand?post=5985"},{"taxonomy":"product_cat","embeddable":true,"href":"https:\/\/beacheden.com\/fr\/wp-json\/wp\/v2\/product_cat?post=5985"},{"taxonomy":"product_tag","embeddable":true,"href":"https:\/\/beacheden.com\/fr\/wp-json\/wp\/v2\/product_tag?post=5985"}],"curies":[{"name":"wp","href":"https:\/\/api.w.org\/{rel}","templated":true}]}}