{"id":5955,"date":"2023-03-17T08:53:46","date_gmt":"2023-03-17T15:53:46","guid":{"rendered":"https:\/\/beacheden.com\/uncategorized\/womens-outer-wear-slip-on-beach-sandals\/"},"modified":"2025-05-21T19:39:31","modified_gmt":"2025-05-22T02:39:31","slug":"sandales-de-plage-a-enfiler-pour-femmes","status":"publish","type":"product","link":"https:\/\/beacheden.com\/fr\/sandales-de-plage-a-enfiler-pour-femmes\/","title":{"rendered":"Sandales de plage pour femmes \u00e0 usage ext\u00e9rieur"},"content":{"rendered":"<p>\n <b>Informations sur le produit<\/b><br \/>\n <br \/>\n Couleur : noir, beige<br \/>\n <br \/>\n Mati\u00e8re sup\u00e9rieure : microfibre<br \/>\n <br \/>\n Cat\u00e9gorie de produit : Orteil<br \/>\n <br \/>\n Forme de l'orteil : bouche de poisson<br \/>\n <br \/>\n style : D\u00e9contract\u00e9<br \/>\n <br \/>\n Mat\u00e9riau de la semelle : PU<\/p>\n<p> <b>Informations sur la taille<\/b><br \/>\n <br \/>\n <b>Taille :<\/b><br \/>\n 35,36,37,38,39,40<\/p>\n<p> <b>Liste de colisage<\/b><br \/>\n <br \/>\n Sandales x1\n<\/p>\n<p style=\"text-align:center\">\n <img decoding=\"async\" src=\"https:\/\/ae01.alicdn.com\/kf\/H4b2e143b4bc7468faae2b460c34cb7e7m.jpg?width=1037&amp;height=800&amp;hash=1837\" alt=\"\"><br \/>\n \n<\/p>\n<p style=\"text-align:center\">\n <img decoding=\"async\" src=\"https:\/\/ae01.alicdn.com\/kf\/Hade3838c77354aa0aba098e98ce525e0S.jpg?width=750&amp;height=792&amp;hash=1542\" alt=\"\"><\/p>\n<p> <img decoding=\"async\" src=\"https:\/\/ae01.alicdn.com\/kf\/H60eaa6f20df14355b595744842956a55h.jpg?width=750&amp;height=750&amp;hash=1500\" alt=\"\"><\/p>\n<p> <img decoding=\"async\" src=\"https:\/\/ae01.alicdn.com\/kf\/H0ab8b92e39414880a73ed2201cd88b2ak.jpg?width=750&amp;height=1018&amp;hash=1768\" alt=\"\"><\/p>\n<p> <img decoding=\"async\" src=\"https:\/\/ae01.alicdn.com\/kf\/H006a6af201614c9189eccd95f3c1db07U.jpg?width=750&amp;height=937&amp;hash=1687\" alt=\"\"><\/p>\n<p> <img decoding=\"async\" src=\"https:\/\/ae01.alicdn.com\/kf\/H609359b3b7ab4f55b42ab958b4690256R.jpg?width=750&amp;height=999&amp;hash=1749\" alt=\"\"><\/p>\n<p> <img decoding=\"async\" src=\"https:\/\/ae01.alicdn.com\/kf\/H347933edb3974766a34339cc014063a4c.jpg?width=750&amp;height=1000&amp;hash=1750\" alt=\"\"><\/p>\n<p> <img decoding=\"async\" src=\"https:\/\/cc-west-usa.oss-accelerate.aliyuncs.com\/16367616\/1636829182364.jpg\" alt=\"\"><\/p>\n<p> <img decoding=\"async\" src=\"https:\/\/ae01.alicdn.com\/kf\/H00f75b9748ef43b9969b0db0e2fa3c1aS.jpg?width=750&amp;height=750&amp;hash=1500\" alt=\"\"><\/p>\n<p> <img decoding=\"async\" src=\"https:\/\/ae01.alicdn.com\/kf\/H67c1ef04759a4877b4fd3348c1f2e737P.jpg?width=750&amp;height=857&amp;hash=1607\" alt=\"\"><\/p>\n<p> <img decoding=\"async\" src=\"https:\/\/ae01.alicdn.com\/kf\/H23ae179377934388b731e3f1ab41a41cN.jpg?width=750&amp;height=750&amp;hash=1500\" alt=\"\"><\/p>\n<p> <img decoding=\"async\" src=\"https:\/\/ae01.alicdn.com\/kf\/H78ad73ddef244b53a775d5c3c37fbf542.jpg?width=750&amp;height=750&amp;hash=1500\" alt=\"\"><\/p>\n<p> <img decoding=\"async\" src=\"https:\/\/ae01.alicdn.com\/kf\/Hac5e6f07ce994b5fbf8770a3fc07db09V.jpg?width=750&amp;height=830&amp;hash=1580\" alt=\"\"><\/p>\n<p> <img decoding=\"async\" src=\"https:\/\/ae01.alicdn.com\/kf\/Hc6998b19bfa747e7a254a82a73ebfaccC.jpg?width=750&amp;height=944&amp;hash=1694\" alt=\"\"><\/p>\n<p> <img decoding=\"async\" src=\"https:\/\/ae01.alicdn.com\/kf\/H169d2cf234cb48238aa4cb5257217df6l.jpg?width=800&amp;height=800&amp;hash=1600\" alt=\"\"><\/p>\n<p> <img decoding=\"async\" src=\"https:\/\/ae01.alicdn.com\/kf\/H18fac2874313476e857742ac801b41d14.jpg?width=750&amp;height=750&amp;hash=1500\" alt=\"\"><\/p>\n<p> <img decoding=\"async\" src=\"https:\/\/ae01.alicdn.com\/kf\/H431ece014cc848c7b3c0f9b7eedea10cE.jpg?width=750&amp;height=750&amp;hash=1500\" alt=\"\"><\/p>\n<p> <img decoding=\"async\" src=\"https:\/\/ae01.alicdn.com\/kf\/H4e327033bd4e4a92bbc0dc2f0415d3467.jpg?width=750&amp;height=750&amp;hash=1500\" alt=\"\"><\/p>\n<p> <img decoding=\"async\" src=\"https:\/\/ae01.alicdn.com\/kf\/H44e3023f6ca64150b4346b3c7cf133ddF.jpg?width=750&amp;height=750&amp;hash=1500\" alt=\"\"><br \/>\n <\/p>","protected":false},"excerpt":{"rendered":"<p>Informations sur le produit Couleur : noir, beige Mati\u00e8re sup\u00e9rieure : microfibre Cat\u00e9gorie de produit : Orteil Forme de l'orteil : bouche de poisson Style : Casual Mat\u00e9riau de la semelle : Informations sur la taille Taille : 35,36,37,38,39,40 Liste de colisage Sandales x1<\/p>","protected":false},"featured_media":5949,"comment_status":"open","ping_status":"closed","template":"","meta":[],"product_brand":[],"product_cat":[43],"product_tag":[],"class_list":{"0":"post-5955","1":"product","2":"type-product","3":"status-publish","4":"has-post-thumbnail","6":"product_cat-sandals","8":"first","9":"instock","10":"taxable","11":"shipping-taxable","12":"purchasable","13":"product-type-variable"},"_links":{"self":[{"href":"https:\/\/beacheden.com\/fr\/wp-json\/wp\/v2\/product\/5955","targetHints":{"allow":["GET"]}}],"collection":[{"href":"https:\/\/beacheden.com\/fr\/wp-json\/wp\/v2\/product"}],"about":[{"href":"https:\/\/beacheden.com\/fr\/wp-json\/wp\/v2\/types\/product"}],"replies":[{"embeddable":true,"href":"https:\/\/beacheden.com\/fr\/wp-json\/wp\/v2\/comments?post=5955"}],"wp:featuredmedia":[{"embeddable":true,"href":"https:\/\/beacheden.com\/fr\/wp-json\/wp\/v2\/media\/5949"}],"wp:attachment":[{"href":"https:\/\/beacheden.com\/fr\/wp-json\/wp\/v2\/media?parent=5955"}],"wp:term":[{"taxonomy":"product_brand","embeddable":true,"href":"https:\/\/beacheden.com\/fr\/wp-json\/wp\/v2\/product_brand?post=5955"},{"taxonomy":"product_cat","embeddable":true,"href":"https:\/\/beacheden.com\/fr\/wp-json\/wp\/v2\/product_cat?post=5955"},{"taxonomy":"product_tag","embeddable":true,"href":"https:\/\/beacheden.com\/fr\/wp-json\/wp\/v2\/product_tag?post=5955"}],"curies":[{"name":"wp","href":"https:\/\/api.w.org\/{rel}","templated":true}]}}