{"id":5713,"date":"2023-03-17T08:40:35","date_gmt":"2023-03-17T15:40:35","guid":{"rendered":"https:\/\/beacheden.com\/uncategorized\/metal-sandals-and-slippers-women-beach-flat-chain-sandals\/"},"modified":"2023-05-08T14:37:44","modified_gmt":"2023-05-08T21:37:44","slug":"sandales-et-pantoufles-en-metal-femmes-plage-sandales-plates-en-chaine","status":"publish","type":"product","link":"https:\/\/beacheden.com\/fr\/sandales-et-pantoufles-en-metal-femmes-plage-sandales-plates-en-chaine\/","title":{"rendered":"Sandales et pantoufles en m\u00e9tal Sandales de plage plates en cha\u00eene pour femmes"},"content":{"rendered":"<p>\n <b>Informations sur le produit :<\/b><br \/>\n \n<\/p>\n<p>\n Mat\u00e9riau : PU<br \/>\n <br \/>\n Style : tendance de la mode<br \/>\n <br \/>\n Caract\u00e9ristiques : Chaussures \u00e0 un mot<br \/>\n <br \/>\n Couleur : rouge, noir, beige\n<\/p>\n<p>\n <br \/>\n <b><br \/>\n  <br \/>\n <\/b>\n<\/p>\n<p>\n <b>Informations sur la taille :<\/b><br \/>\n <br \/>\n <img decoding=\"async\" src=\"https:\/\/cc-west-usa.oss-accelerate.aliyuncs.com\/33149b15-f432-4d8a-82fb-71a70fc34553.jpg\" style=\"max-width:100%\" alt=\"\"><\/p>\n<p>\n <b>Liste d'emballage :<\/b>\n<\/p>\n<p>Sandales*1<\/p>\n<p>\n <br \/>\n <b>Image du produit :<\/b>\n<\/p>\n<p>\n <img decoding=\"async\" src=\"https:\/\/cc-west-usa.oss-accelerate.aliyuncs.com\/9a67fa5a-7208-423b-8183-935949a63af1.jpg\" style=\"max-width:100%\" alt=\"\"><br \/>\n <img decoding=\"async\" src=\"https:\/\/cc-west-usa.oss-accelerate.aliyuncs.com\/dd03b81a-d90e-42b9-bed6-902bbf1afdae.jpg\" style=\"max-width: 100%\" alt=\"\"><br \/>\n <img decoding=\"async\" src=\"https:\/\/cc-west-usa.oss-accelerate.aliyuncs.com\/2b4e807f-1453-4fc1-9f76-35b3a9df4381.jpg\" style=\"max-width: 100%\" alt=\"\"><br \/>\n <img decoding=\"async\" src=\"https:\/\/cc-west-usa.oss-accelerate.aliyuncs.com\/c680c310-e4cf-4ead-a887-495707ffad81.jpg\" style=\"max-width: 100%\" alt=\"\"><br \/>\n <img decoding=\"async\" src=\"https:\/\/cc-west-usa.oss-accelerate.aliyuncs.com\/854f8b5e-73ee-4968-a7f5-cff77ab8a678.jpg\" style=\"max-width: 100%\" alt=\"\"><br \/>\n <\/p>","protected":false},"excerpt":{"rendered":"<p>Informations sur le produit : Mati\u00e8re : PU PU Style : tendance de la mode Caract\u00e9ristique : Chaussures \u00e0 un seul mot Couleur : rouge, noir, beige Information sur la taille : Liste d'emballage : Sandales*1 Image du produit :<\/p>","protected":false},"featured_media":5708,"comment_status":"open","ping_status":"closed","template":"","meta":[],"product_brand":[],"product_cat":[43],"product_tag":[],"class_list":{"0":"post-5713","1":"product","2":"type-product","3":"status-publish","4":"has-post-thumbnail","6":"product_cat-sandals","8":"first","9":"instock","10":"taxable","11":"shipping-taxable","12":"purchasable","13":"product-type-variable"},"_links":{"self":[{"href":"https:\/\/beacheden.com\/fr\/wp-json\/wp\/v2\/product\/5713","targetHints":{"allow":["GET"]}}],"collection":[{"href":"https:\/\/beacheden.com\/fr\/wp-json\/wp\/v2\/product"}],"about":[{"href":"https:\/\/beacheden.com\/fr\/wp-json\/wp\/v2\/types\/product"}],"replies":[{"embeddable":true,"href":"https:\/\/beacheden.com\/fr\/wp-json\/wp\/v2\/comments?post=5713"}],"wp:featuredmedia":[{"embeddable":true,"href":"https:\/\/beacheden.com\/fr\/wp-json\/wp\/v2\/media\/5708"}],"wp:attachment":[{"href":"https:\/\/beacheden.com\/fr\/wp-json\/wp\/v2\/media?parent=5713"}],"wp:term":[{"taxonomy":"product_brand","embeddable":true,"href":"https:\/\/beacheden.com\/fr\/wp-json\/wp\/v2\/product_brand?post=5713"},{"taxonomy":"product_cat","embeddable":true,"href":"https:\/\/beacheden.com\/fr\/wp-json\/wp\/v2\/product_cat?post=5713"},{"taxonomy":"product_tag","embeddable":true,"href":"https:\/\/beacheden.com\/fr\/wp-json\/wp\/v2\/product_tag?post=5713"}],"curies":[{"name":"wp","href":"https:\/\/api.w.org\/{rel}","templated":true}]}}