{"id":5669,"date":"2023-03-17T08:37:08","date_gmt":"2023-03-17T15:37:08","guid":{"rendered":"https:\/\/beacheden.com\/uncategorized\/household-anti-slip-soft-bottom-couple-slippers-male\/"},"modified":"2025-11-24T05:57:44","modified_gmt":"2025-11-24T13:57:44","slug":"menage-anti-derapant-fond-mou-couple-derapant-masculin","status":"publish","type":"product","link":"https:\/\/beacheden.com\/fr\/menage-anti-derapant-fond-mou-couple-derapant-masculin\/","title":{"rendered":"Chaussons d'int\u00e9rieur antid\u00e9rapants \u00e0 fond souple pour couples Hommes"},"content":{"rendered":"<p>\n <b><br \/>\n  Informations sur le produit :<br \/>\n  <br \/>\n <\/b><br \/>\n Mat\u00e9riau de la semelle : EVA<br \/>\n <br \/>\n Fonction : imperm\u00e9able, antid\u00e9rapant, r\u00e9sistant \u00e0 l'usure.<br \/>\n <br \/>\n Epaisseur de la semelle : 1,5cm (inclus) -3,5cm (inclus)<br \/>\n <br \/>\n Couleur : 8013- vert, 8013- vert gazon, 8013- rouge rose, 8013- blanc, 8013- noir.<\/p>\n<p> <b><br \/>\n  Informations sur la taille :<br \/>\n  <br \/>\n <\/b><br \/>\n Size: 36-37,38-39,40-41,42-43,44-45.<br \/>\n <br \/>\n <img decoding=\"async\" src=\"https:\/\/cc-west-usa.oss-accelerate.aliyuncs.com\/7b7699f6-f318-4e4e-95be-31e9da118796.png\" style=\"max-width:100%\" alt=\"\">\n<\/p>\n<p>\n \n<\/p>\n<p>\n <br \/>\n <b><br \/>\n  Liste d'emballage :<br \/>\n  <br \/>\n <\/b><br \/>\n Une paire de chaussures\n<\/p>\n<p>\n <img decoding=\"async\" src=\"https:\/\/cc-west-usa.oss-accelerate.aliyuncs.com\/697253e7-eecb-406a-983b-e7c79ee79194.png\" style=\"max-width:100%\" alt=\"\"><br \/>\n <img decoding=\"async\" src=\"https:\/\/cc-west-usa.oss-accelerate.aliyuncs.com\/f30cfa46-23ac-49f5-aab1-4f6e26aa7178.png\" style=\"max-width: 100%\" alt=\"\"><br \/>\n \n<\/p>\n<p>\n <img decoding=\"async\" src=\"https:\/\/cc-west-usa.oss-accelerate.aliyuncs.com\/5e6a08cb-bf59-467c-ac86-7f1be89e84a0.jpg\" style=\"max-width:100%\" alt=\"\"><br \/>\n <img decoding=\"async\" src=\"https:\/\/cc-west-usa.oss-accelerate.aliyuncs.com\/23c62e81-5cb8-4ecf-8816-b01867786908.jpg\" style=\"max-width: 100%\" alt=\"\"><br \/>\n <img decoding=\"async\" src=\"https:\/\/cc-west-usa.oss-accelerate.aliyuncs.com\/bcb3ac3b-447d-4cb5-9de6-e3525a31b0a2.jpg\" style=\"max-width: 100%\" alt=\"\"><br \/>\n <img decoding=\"async\" src=\"https:\/\/cc-west-usa.oss-accelerate.aliyuncs.com\/f5d7c95f-d785-49e8-bb62-1ab44bb07ae5.jpg\" style=\"max-width: 100%\" alt=\"\"><br \/>\n <img decoding=\"async\" src=\"https:\/\/cc-west-usa.oss-accelerate.aliyuncs.com\/26d0d726-8a34-460c-ba09-f831e7f27014.jpg\" style=\"max-width: 100%\" alt=\"\"><br \/>\n <img decoding=\"async\" src=\"https:\/\/cc-west-usa.oss-accelerate.aliyuncs.com\/6054ea0d-8a6d-462a-8ad2-6c5f8115c32e.jpg\" style=\"max-width: 100%\" alt=\"\"><br \/>\n <img decoding=\"async\" src=\"https:\/\/cc-west-usa.oss-accelerate.aliyuncs.com\/68d2ad5b-2aec-44c2-b58f-8f812e57b353.jpg\" style=\"max-width: 100%\" alt=\"\"><br \/>\n <img decoding=\"async\" src=\"https:\/\/cc-west-usa.oss-accelerate.aliyuncs.com\/02f1707c-7397-4eec-9606-00abb5972849.jpg\" style=\"max-width: 100%\" alt=\"\"><br \/>\n <img decoding=\"async\" src=\"https:\/\/cc-west-usa.oss-accelerate.aliyuncs.com\/98090075-9ac1-4717-8e65-29f64ff95564.jpg\" style=\"max-width: 100%\" alt=\"\"><br \/>\n <\/p>","protected":false},"excerpt":{"rendered":"<p>Informations sur le produit : Mat\u00e9riau de la semelle : EVA Fonction : imperm\u00e9able, antid\u00e9rapant, r\u00e9sistant \u00e0 l'usure. Epaisseur de la semelle : 1,5cm (inclus) -3,5cm (exclus) Couleur : 8013- vert, 8013- vert gazon, 8013- rouge rose, 8013- blanc, 8013- noir. Informations sur la taille : Size: 36-37,38-39,40-41,42-43,44-45. Liste de colisage : Une paire de chaussures<\/p>","protected":false},"featured_media":5660,"comment_status":"open","ping_status":"closed","template":"","meta":[],"product_brand":[],"product_cat":[43],"product_tag":[],"class_list":{"0":"post-5669","1":"product","2":"type-product","3":"status-publish","4":"has-post-thumbnail","6":"product_cat-sandals","8":"first","9":"instock","10":"taxable","11":"shipping-taxable","12":"purchasable","13":"product-type-variable"},"_links":{"self":[{"href":"https:\/\/beacheden.com\/fr\/wp-json\/wp\/v2\/product\/5669","targetHints":{"allow":["GET"]}}],"collection":[{"href":"https:\/\/beacheden.com\/fr\/wp-json\/wp\/v2\/product"}],"about":[{"href":"https:\/\/beacheden.com\/fr\/wp-json\/wp\/v2\/types\/product"}],"replies":[{"embeddable":true,"href":"https:\/\/beacheden.com\/fr\/wp-json\/wp\/v2\/comments?post=5669"}],"wp:featuredmedia":[{"embeddable":true,"href":"https:\/\/beacheden.com\/fr\/wp-json\/wp\/v2\/media\/5660"}],"wp:attachment":[{"href":"https:\/\/beacheden.com\/fr\/wp-json\/wp\/v2\/media?parent=5669"}],"wp:term":[{"taxonomy":"product_brand","embeddable":true,"href":"https:\/\/beacheden.com\/fr\/wp-json\/wp\/v2\/product_brand?post=5669"},{"taxonomy":"product_cat","embeddable":true,"href":"https:\/\/beacheden.com\/fr\/wp-json\/wp\/v2\/product_cat?post=5669"},{"taxonomy":"product_tag","embeddable":true,"href":"https:\/\/beacheden.com\/fr\/wp-json\/wp\/v2\/product_tag?post=5669"}],"curies":[{"name":"wp","href":"https:\/\/api.w.org\/{rel}","templated":true}]}}