{"id":5360,"date":"2023-03-17T07:40:54","date_gmt":"2023-03-17T14:40:54","guid":{"rendered":"https:\/\/beacheden.com\/uncategorized\/jelly-hole-shoes-beach-leisure-wading-sandals\/"},"modified":"2025-05-21T16:15:05","modified_gmt":"2025-05-21T23:15:05","slug":"chaussures-de-plage-de-loisirs-et-de-pataugeoire","status":"publish","type":"product","link":"https:\/\/beacheden.com\/fr\/chaussures-de-plage-de-loisirs-et-de-pataugeoire\/","title":{"rendered":"Chaussures \u00e0 trous de gel\u00e9e plage loisirs sandales de pataugeage"},"content":{"rendered":"<p>\n Style : D\u00e9contract\u00e9<br \/>\n \n<\/p>\n<p>\n Sports concern\u00e9s : chaussures de rivi\u00e8re<br \/>\n <br \/>\n Hauteur sup\u00e9rieure : basse<br \/>\n \n<\/p>\n<p>\n <img decoding=\"async\" src=\"https:\/\/cc-west-usa.oss-accelerate.aliyuncs.com\/5174d399-30e9-4e90-98c4-6d53d49dbf45.png\" style=\"max-width:100%\" alt=\"\"><br \/>\n \n<\/p>\n<p>\n Mati\u00e8re sup\u00e9rieure : PVC<br \/>\n <img decoding=\"async\" alt=\"ind\u00e9fini\" src=\"https:\/\/cc-west-usa.oss-accelerate.aliyuncs.com\/16368480\/1636852203555.jpg\"><br \/>\n <br \/>\n <img decoding=\"async\" alt=\"ind\u00e9fini\" src=\"https:\/\/cc-west-usa.oss-accelerate.aliyuncs.com\/16368480\/1636852205474.jpg\"><br \/>\n <br \/>\n <img decoding=\"async\" alt=\"ind\u00e9fini\" src=\"https:\/\/cc-west-usa.oss-accelerate.aliyuncs.com\/16368480\/1636852207372.jpg\"><\/p>\n<p> <img decoding=\"async\" alt=\"ind\u00e9fini\" src=\"https:\/\/cc-west-usa.oss-accelerate.aliyuncs.com\/16368480\/1636852208411.jpg\"><\/p>\n<p> <img decoding=\"async\" alt=\"ind\u00e9fini\" src=\"https:\/\/cc-west-usa.oss-accelerate.aliyuncs.com\/16368480\/1636852209525.jpg\"><\/p>\n<p> <img decoding=\"async\" alt=\"ind\u00e9fini\" src=\"https:\/\/cc-west-usa.oss-accelerate.aliyuncs.com\/16368480\/1636852210281.jpg\"><\/p>\n<p> <img decoding=\"async\" alt=\"ind\u00e9fini\" src=\"https:\/\/cc-west-usa.oss-accelerate.aliyuncs.com\/16368480\/1636852211302.jpg\"><\/p>\n<p> <img decoding=\"async\" alt=\"ind\u00e9fini\" src=\"https:\/\/cc-west-usa.oss-accelerate.aliyuncs.com\/16368480\/1636852212807.jpg\"><\/p>\n<p> <img decoding=\"async\" alt=\"ind\u00e9fini\" src=\"https:\/\/cc-west-usa.oss-accelerate.aliyuncs.com\/16368480\/1636852214015.jpg\"><\/p>\n<p> <img decoding=\"async\" alt=\"ind\u00e9fini\" src=\"https:\/\/cc-west-usa.oss-accelerate.aliyuncs.com\/16368480\/1636852215487.jpg\"><\/p>\n<p> <img decoding=\"async\" alt=\"ind\u00e9fini\" src=\"https:\/\/cc-west-usa.oss-accelerate.aliyuncs.com\/16368480\/1636852216360.jpg\"><\/p>\n<p> <img decoding=\"async\" alt=\"ind\u00e9fini\" src=\"https:\/\/cc-west-usa.oss-accelerate.aliyuncs.com\/16368480\/1636852219026.jpg\"><\/p>\n<p> <img decoding=\"async\" alt=\"ind\u00e9fini\" src=\"https:\/\/cc-west-usa.oss-accelerate.aliyuncs.com\/16368480\/1636852221126.jpg\"><\/p>\n<p> <img decoding=\"async\" alt=\"ind\u00e9fini\" src=\"https:\/\/cc-west-usa.oss-accelerate.aliyuncs.com\/16368480\/1636852222141.jpg\"><\/p>\n<p> <img decoding=\"async\" alt=\"ind\u00e9fini\" src=\"https:\/\/cc-west-usa.oss-accelerate.aliyuncs.com\/16368480\/1636852224230.jpg\"><\/p>\n<p> <img decoding=\"async\" alt=\"ind\u00e9fini\" src=\"https:\/\/cc-west-usa.oss-accelerate.aliyuncs.com\/16368480\/1636852226298.jpg\"><\/p>\n<p> <img decoding=\"async\" alt=\"ind\u00e9fini\" src=\"https:\/\/cc-west-usa.oss-accelerate.aliyuncs.com\/16368480\/1636852227609.jpg\"><\/p>\n<p> <img decoding=\"async\" alt=\"ind\u00e9fini\" src=\"https:\/\/cc-west-usa.oss-accelerate.aliyuncs.com\/16368480\/1636852229507.jpg\"><\/p>\n<p> <img decoding=\"async\" alt=\"ind\u00e9fini\" src=\"https:\/\/cc-west-usa.oss-accelerate.aliyuncs.com\/16368480\/1636852230600.jpg\"><\/p>\n<p> <img decoding=\"async\" alt=\"ind\u00e9fini\" src=\"https:\/\/cc-west-usa.oss-accelerate.aliyuncs.com\/16368480\/1636852231637.jpg\"><\/p>\n<p> <img decoding=\"async\" alt=\"ind\u00e9fini\" src=\"https:\/\/cc-west-usa.oss-accelerate.aliyuncs.com\/16368480\/1636852233090.jpg\"><\/p>\n<p> <img decoding=\"async\" alt=\"ind\u00e9fini\" src=\"https:\/\/cc-west-usa.oss-accelerate.aliyuncs.com\/16368480\/1636852235236.jpg\"><\/p>\n<p> <img decoding=\"async\" alt=\"ind\u00e9fini\" src=\"https:\/\/cc-west-usa.oss-accelerate.aliyuncs.com\/16368480\/1636852237019.jpg\"><\/p>\n<p> <img decoding=\"async\" alt=\"ind\u00e9fini\" src=\"https:\/\/cc-west-usa.oss-accelerate.aliyuncs.com\/16368480\/1636852238621.jpg\"><\/p>\n<p> <img decoding=\"async\" alt=\"ind\u00e9fini\" src=\"https:\/\/cc-west-usa.oss-accelerate.aliyuncs.com\/16368480\/1636852240075.jpg\"><\/p>\n<p> <img decoding=\"async\" alt=\"ind\u00e9fini\" src=\"https:\/\/cc-west-usa.oss-accelerate.aliyuncs.com\/16368480\/1636852241327.jpg\"><\/p>\n<p> <img decoding=\"async\" alt=\"ind\u00e9fini\" src=\"https:\/\/cc-west-usa.oss-accelerate.aliyuncs.com\/16368480\/1636852242850.jpg\"><\/p>\n<p> <img decoding=\"async\" alt=\"ind\u00e9fini\" src=\"https:\/\/cc-west-usa.oss-accelerate.aliyuncs.com\/16368480\/1636852244461.jpg\"><\/p>\n<p> <img decoding=\"async\" alt=\"ind\u00e9fini\" src=\"https:\/\/cc-west-usa.oss-accelerate.aliyuncs.com\/16368480\/1636852246658.jpg\"><\/p>\n<p> <img decoding=\"async\" alt=\"ind\u00e9fini\" src=\"https:\/\/cc-west-usa.oss-accelerate.aliyuncs.com\/16368480\/1636852248173.jpg\"><\/p>\n<p> <img decoding=\"async\" alt=\"ind\u00e9fini\" src=\"https:\/\/cc-west-usa.oss-accelerate.aliyuncs.com\/16368480\/1636852249683.jpg\"><\/p>\n<p> <img decoding=\"async\" alt=\"ind\u00e9fini\" src=\"https:\/\/cc-west-usa.oss-accelerate.aliyuncs.com\/16368480\/1636852250916.jpg\"><\/p>\n<p> <img decoding=\"async\" alt=\"ind\u00e9fini\" src=\"https:\/\/cc-west-usa.oss-accelerate.aliyuncs.com\/16368480\/1636852252681.jpg\"><\/p>\n<p> <img decoding=\"async\" alt=\"ind\u00e9fini\" src=\"https:\/\/cc-west-usa.oss-accelerate.aliyuncs.com\/16368480\/1636852255014.jpg\"><\/p>\n<p> <img decoding=\"async\" alt=\"ind\u00e9fini\" src=\"https:\/\/cc-west-usa.oss-accelerate.aliyuncs.com\/16368480\/1636852256940.jpg\"><\/p>\n<p> <img decoding=\"async\" alt=\"ind\u00e9fini\" src=\"https:\/\/cc-west-usa.oss-accelerate.aliyuncs.com\/16368480\/1636852258157.jpg\"><\/p>\n<p> <img decoding=\"async\" alt=\"ind\u00e9fini\" src=\"https:\/\/cc-west-usa.oss-accelerate.aliyuncs.com\/16368480\/1636852259769.jpg\"><\/p>\n<p> <img decoding=\"async\" alt=\"ind\u00e9fini\" src=\"https:\/\/cc-west-usa.oss-accelerate.aliyuncs.com\/16368480\/1636852261003.jpg\"><\/p>\n<p> <img decoding=\"async\" alt=\"ind\u00e9fini\" src=\"https:\/\/cc-west-usa.oss-accelerate.aliyuncs.com\/16368480\/1636852262541.jpg\"><\/p>\n<p> <img decoding=\"async\" alt=\"ind\u00e9fini\" src=\"https:\/\/cc-west-usa.oss-accelerate.aliyuncs.com\/16368480\/1636852264195.jpg\"><\/p>\n<p> <img decoding=\"async\" alt=\"ind\u00e9fini\" src=\"https:\/\/cc-west-usa.oss-accelerate.aliyuncs.com\/16368480\/1636852266459.jpg\"><\/p>\n<p> <img decoding=\"async\" alt=\"ind\u00e9fini\" src=\"https:\/\/cc-west-usa.oss-accelerate.aliyuncs.com\/16368480\/1636852267912.jpg\"><\/p>\n<p> <img decoding=\"async\" alt=\"ind\u00e9fini\" src=\"https:\/\/cc-west-usa.oss-accelerate.aliyuncs.com\/16368480\/1636852269468.jpg\"><\/p>\n<p> <img decoding=\"async\" alt=\"ind\u00e9fini\" src=\"https:\/\/cc-west-usa.oss-accelerate.aliyuncs.com\/16368480\/1636852270931.jpg\"><\/p>\n<p> <img decoding=\"async\" alt=\"ind\u00e9fini\" src=\"https:\/\/cc-west-usa.oss-accelerate.aliyuncs.com\/16368480\/1636852273044.jpg\"><\/p>\n<p> <img decoding=\"async\" alt=\"ind\u00e9fini\" src=\"https:\/\/cc-west-usa.oss-accelerate.aliyuncs.com\/16368480\/1636852274834.jpg\"><br \/>\n &nbsp;&nbsp;<br \/>\n <\/p>","protected":false},"excerpt":{"rendered":"<p>Style : Casual Sports concern\u00e9s : chaussures de ruisseau Hauteur sup\u00e9rieure : basse Mat\u00e9riau sup\u00e9rieur : PVC &nbsp;&nbsp;<\/p>","protected":false},"featured_media":5350,"comment_status":"open","ping_status":"closed","template":"","meta":[],"product_brand":[],"product_cat":[19],"product_tag":[],"class_list":{"0":"post-5360","1":"product","2":"type-product","3":"status-publish","4":"has-post-thumbnail","6":"product_cat-accessories","8":"first","9":"instock","10":"taxable","11":"shipping-taxable","12":"purchasable","13":"product-type-variable"},"_links":{"self":[{"href":"https:\/\/beacheden.com\/fr\/wp-json\/wp\/v2\/product\/5360","targetHints":{"allow":["GET"]}}],"collection":[{"href":"https:\/\/beacheden.com\/fr\/wp-json\/wp\/v2\/product"}],"about":[{"href":"https:\/\/beacheden.com\/fr\/wp-json\/wp\/v2\/types\/product"}],"replies":[{"embeddable":true,"href":"https:\/\/beacheden.com\/fr\/wp-json\/wp\/v2\/comments?post=5360"}],"wp:featuredmedia":[{"embeddable":true,"href":"https:\/\/beacheden.com\/fr\/wp-json\/wp\/v2\/media\/5350"}],"wp:attachment":[{"href":"https:\/\/beacheden.com\/fr\/wp-json\/wp\/v2\/media?parent=5360"}],"wp:term":[{"taxonomy":"product_brand","embeddable":true,"href":"https:\/\/beacheden.com\/fr\/wp-json\/wp\/v2\/product_brand?post=5360"},{"taxonomy":"product_cat","embeddable":true,"href":"https:\/\/beacheden.com\/fr\/wp-json\/wp\/v2\/product_cat?post=5360"},{"taxonomy":"product_tag","embeddable":true,"href":"https:\/\/beacheden.com\/fr\/wp-json\/wp\/v2\/product_tag?post=5360"}],"curies":[{"name":"wp","href":"https:\/\/api.w.org\/{rel}","templated":true}]}}